{"id":879,"date":"2023-10-23T16:54:15","date_gmt":"2023-10-23T16:54:15","guid":{"rendered":"https:\/\/revues.dev.uqam.ca\/demo\/?page_id=879"},"modified":"2024-10-30T19:15:50","modified_gmt":"2024-10-30T19:15:50","slug":"archivage-numerique","status":"publish","type":"page","link":"https:\/\/revues.uqam.ca\/soutien\/conservation\/archivage-numerique\/","title":{"rendered":"Archivage num\u00e9rique"},"content":{"rendered":"\n<p>Deux options s&rsquo;offrent \u00e0 vous pour l&rsquo;archivage num\u00e9rique et la pr\u00e9servation de votre revue. D&rsquo;abord,  vous pouvez faire une <a href=\"https:\/\/www.banq.qc.ca\/notre-institution\/bibliotheque-nationale\/depot-legal-des-publications-numeriques\/\">demande de d\u00e9p\u00f4t l\u00e9gal<\/a> \u00e0 la biblioth\u00e8que et archives nationales du Qu\u00e9bec (BAnQ) qui offre ce service dans l&rsquo;objectif de conserver le patrimoine documentaire qu\u00e9b\u00e9cois.  Ensuite, si vous \u00eates diffus\u00e9s par \u00c9rudit, vous b\u00e9n\u00e9ficiez du <a href=\"https:\/\/apropos.erudit.org\/services-aux-editeurs\/\">service de pr\u00e9servation<\/a> offert avec Portico. <\/p>\n","protected":false},"excerpt":{"rendered":"<p>Deux options s&rsquo;offrent \u00e0 vous pour l&rsquo;archivage num\u00e9rique et la pr\u00e9servation de votre revue. D&rsquo;abord, vous pouvez faire une demande de d\u00e9p\u00f4t l\u00e9gal \u00e0 la biblioth\u00e8que et archives nationales du Qu\u00e9bec (BAnQ) qui offre ce service dans l&rsquo;objectif de conserver le patrimoine documentaire qu\u00e9b\u00e9cois. Ensuite, si vous \u00eates diffus\u00e9s par \u00c9rudit, vous b\u00e9n\u00e9ficiez du service [&hellip;]<\/p>\n","protected":false},"author":11,"featured_media":0,"parent":507,"menu_order":0,"comment_status":"closed","ping_status":"closed","template":"","meta":{"_acf_changed":false,"advgb_blocks_editor_width":"","advgb_blocks_columns_visual_guide":"","footnotes":""},"categories":[],"class_list":["post-879","page","type-page","status-publish","hentry"],"acf":[],"yoast_head":"<!-- This site is optimized with the Yoast SEO plugin v22.1 - https:\/\/yoast.com\/wordpress\/plugins\/seo\/ -->\n<title>Archivage num\u00e9rique - Service de soutien aux revues<\/title>\n<meta name=\"robots\" content=\"index, follow, max-snippet:-1, max-image-preview:large, max-video-preview:-1\" \/>\n<link rel=\"canonical\" href=\"https:\/\/revues.uqam.ca\/soutien\/conservation\/archivage-numerique\/\" \/>\n<meta property=\"og:locale\" content=\"fr_CA\" \/>\n<meta property=\"og:type\" content=\"article\" \/>\n<meta property=\"og:title\" content=\"Archivage num\u00e9rique - Service de soutien aux revues\" \/>\n<meta property=\"og:description\" content=\"Deux options s&rsquo;offrent \u00e0 vous pour l&rsquo;archivage num\u00e9rique et la pr\u00e9servation de votre revue. D&rsquo;abord, vous pouvez faire une demande de d\u00e9p\u00f4t l\u00e9gal \u00e0 la biblioth\u00e8que et archives nationales du Qu\u00e9bec (BAnQ) qui offre ce service dans l&rsquo;objectif de conserver le patrimoine documentaire qu\u00e9b\u00e9cois. Ensuite, si vous \u00eates diffus\u00e9s par \u00c9rudit, vous b\u00e9n\u00e9ficiez du service [&hellip;]\" \/>\n<meta property=\"og:url\" content=\"https:\/\/revues.uqam.ca\/soutien\/conservation\/archivage-numerique\/\" \/>\n<meta property=\"og:site_name\" content=\"Service de soutien aux revues\" \/>\n<meta property=\"article:modified_time\" content=\"2024-10-30T19:15:50+00:00\" \/>\n<meta name=\"twitter:card\" content=\"summary_large_image\" \/>\n<meta name=\"twitter:label1\" content=\"Estimation du temps de lecture\" \/>\n\t<meta name=\"twitter:data1\" content=\"1 minute\" \/>\n<script type=\"application\/ld+json\" class=\"yoast-schema-graph\">{\"@context\":\"https:\/\/schema.org\",\"@graph\":[{\"@type\":\"WebPage\",\"@id\":\"https:\/\/revues.uqam.ca\/soutien\/conservation\/archivage-numerique\/\",\"url\":\"https:\/\/revues.uqam.ca\/soutien\/conservation\/archivage-numerique\/\",\"name\":\"Archivage num\u00e9rique - Service de soutien aux revues\",\"isPartOf\":{\"@id\":\"https:\/\/revues.uqam.ca\/soutien\/#website\"},\"datePublished\":\"2023-10-23T16:54:15+00:00\",\"dateModified\":\"2024-10-30T19:15:50+00:00\",\"breadcrumb\":{\"@id\":\"https:\/\/revues.uqam.ca\/soutien\/conservation\/archivage-numerique\/#breadcrumb\"},\"inLanguage\":\"fr-CA\",\"potentialAction\":[{\"@type\":\"ReadAction\",\"target\":[\"https:\/\/revues.uqam.ca\/soutien\/conservation\/archivage-numerique\/\"]}]},{\"@type\":\"BreadcrumbList\",\"@id\":\"https:\/\/revues.uqam.ca\/soutien\/conservation\/archivage-numerique\/#breadcrumb\",\"itemListElement\":[{\"@type\":\"ListItem\",\"position\":1,\"name\":\"UQAM\",\"item\":\"https:\/\/uqam.ca\"},{\"@type\":\"ListItem\",\"position\":2,\"name\":\"Service de soutien aux revues\",\"item\":\"https:\/\/revues.uqam.ca\/soutien\"},{\"@type\":\"ListItem\",\"position\":3,\"name\":\"Conservation\",\"item\":\"https:\/\/revues.uqam.ca\/soutien\/conservation\/\"},{\"@type\":\"ListItem\",\"position\":4,\"name\":\"Archivage num\u00e9rique\"}]},{\"@type\":\"WebSite\",\"@id\":\"https:\/\/revues.uqam.ca\/soutien\/#website\",\"url\":\"https:\/\/revues.uqam.ca\/soutien\/\",\"name\":\"Service de soutien aux revues\",\"description\":\"Un site utilisant Revues UQAM\",\"potentialAction\":[{\"@type\":\"SearchAction\",\"target\":{\"@type\":\"EntryPoint\",\"urlTemplate\":\"https:\/\/revues.uqam.ca\/soutien\/recherche\/?q={search_term_string}\"},\"query-input\":\"required name=search_term_string\"}],\"inLanguage\":\"fr-CA\"}]}<\/script>\n<!-- \/ Yoast SEO plugin. -->","yoast_head_json":{"title":"Archivage num\u00e9rique - Service de soutien aux revues","robots":{"index":"index","follow":"follow","max-snippet":"max-snippet:-1","max-image-preview":"max-image-preview:large","max-video-preview":"max-video-preview:-1"},"canonical":"https:\/\/revues.uqam.ca\/soutien\/conservation\/archivage-numerique\/","og_locale":"fr_CA","og_type":"article","og_title":"Archivage num\u00e9rique - Service de soutien aux revues","og_description":"Deux options s&rsquo;offrent \u00e0 vous pour l&rsquo;archivage num\u00e9rique et la pr\u00e9servation de votre revue. D&rsquo;abord, vous pouvez faire une demande de d\u00e9p\u00f4t l\u00e9gal \u00e0 la biblioth\u00e8que et archives nationales du Qu\u00e9bec (BAnQ) qui offre ce service dans l&rsquo;objectif de conserver le patrimoine documentaire qu\u00e9b\u00e9cois. Ensuite, si vous \u00eates diffus\u00e9s par \u00c9rudit, vous b\u00e9n\u00e9ficiez du service [&hellip;]","og_url":"https:\/\/revues.uqam.ca\/soutien\/conservation\/archivage-numerique\/","og_site_name":"Service de soutien aux revues","article_modified_time":"2024-10-30T19:15:50+00:00","twitter_card":"summary_large_image","twitter_misc":{"Estimation du temps de lecture":"1 minute"},"schema":{"@context":"https:\/\/schema.org","@graph":[{"@type":"WebPage","@id":"https:\/\/revues.uqam.ca\/soutien\/conservation\/archivage-numerique\/","url":"https:\/\/revues.uqam.ca\/soutien\/conservation\/archivage-numerique\/","name":"Archivage num\u00e9rique - Service de soutien aux revues","isPartOf":{"@id":"https:\/\/revues.uqam.ca\/soutien\/#website"},"datePublished":"2023-10-23T16:54:15+00:00","dateModified":"2024-10-30T19:15:50+00:00","breadcrumb":{"@id":"https:\/\/revues.uqam.ca\/soutien\/conservation\/archivage-numerique\/#breadcrumb"},"inLanguage":"fr-CA","potentialAction":[{"@type":"ReadAction","target":["https:\/\/revues.uqam.ca\/soutien\/conservation\/archivage-numerique\/"]}]},{"@type":"BreadcrumbList","@id":"https:\/\/revues.uqam.ca\/soutien\/conservation\/archivage-numerique\/#breadcrumb","itemListElement":[{"@type":"ListItem","position":1,"name":"UQAM","item":"https:\/\/uqam.ca"},{"@type":"ListItem","position":2,"name":"Service de soutien aux revues","item":"https:\/\/revues.uqam.ca\/soutien"},{"@type":"ListItem","position":3,"name":"Conservation","item":"https:\/\/revues.uqam.ca\/soutien\/conservation\/"},{"@type":"ListItem","position":4,"name":"Archivage num\u00e9rique"}]},{"@type":"WebSite","@id":"https:\/\/revues.uqam.ca\/soutien\/#website","url":"https:\/\/revues.uqam.ca\/soutien\/","name":"Service de soutien aux revues","description":"Un site utilisant Revues UQAM","potentialAction":[{"@type":"SearchAction","target":{"@type":"EntryPoint","urlTemplate":"https:\/\/revues.uqam.ca\/soutien\/recherche\/?q={search_term_string}"},"query-input":"required name=search_term_string"}],"inLanguage":"fr-CA"}]}},"coauthors":[],"author_meta":{"author_link":"https:\/\/revues.uqam.ca\/soutien\/author\/godina\/","display_name":"Alexandre Godin"},"relative_dates":{"created":"Posted 3 ann\u00e9es ago","modified":"Updated 2 ann\u00e9es ago"},"absolute_dates":{"created":"Posted on 23 octobre 2023","modified":"Updated on 30 octobre 2024"},"absolute_dates_time":{"created":"Posted on 23 octobre 2023 16 h 54 min","modified":"Updated on 30 octobre 2024 19 h 15 min"},"featured_img_caption":"","featured_img":false,"series_order":"","_links":{"self":[{"href":"https:\/\/revues.uqam.ca\/soutien\/wp-json\/wp\/v2\/pages\/879","targetHints":{"allow":["GET"]}}],"collection":[{"href":"https:\/\/revues.uqam.ca\/soutien\/wp-json\/wp\/v2\/pages"}],"about":[{"href":"https:\/\/revues.uqam.ca\/soutien\/wp-json\/wp\/v2\/types\/page"}],"author":[{"embeddable":true,"href":"https:\/\/revues.uqam.ca\/soutien\/wp-json\/wp\/v2\/users\/11"}],"replies":[{"embeddable":true,"href":"https:\/\/revues.uqam.ca\/soutien\/wp-json\/wp\/v2\/comments?post=879"}],"version-history":[{"count":3,"href":"https:\/\/revues.uqam.ca\/soutien\/wp-json\/wp\/v2\/pages\/879\/revisions"}],"predecessor-version":[{"id":1316,"href":"https:\/\/revues.uqam.ca\/soutien\/wp-json\/wp\/v2\/pages\/879\/revisions\/1316"}],"up":[{"embeddable":true,"href":"https:\/\/revues.uqam.ca\/soutien\/wp-json\/wp\/v2\/pages\/507"}],"wp:attachment":[{"href":"https:\/\/revues.uqam.ca\/soutien\/wp-json\/wp\/v2\/media?parent=879"}],"wp:term":[{"taxonomy":"category","embeddable":true,"href":"https:\/\/revues.uqam.ca\/soutien\/wp-json\/wp\/v2\/categories?post=879"}],"curies":[{"name":"wp","href":"https:\/\/api.w.org\/{rel}","templated":true}]}}