{"id":873,"date":"2023-10-23T16:53:37","date_gmt":"2023-10-23T16:53:37","guid":{"rendered":"https:\/\/revues.dev.uqam.ca\/demo\/?page_id=873"},"modified":"2024-11-12T15:15:57","modified_gmt":"2024-11-12T15:15:57","slug":"formation-a-ojs","status":"publish","type":"page","link":"https:\/\/revues.uqam.ca\/soutien\/gestion-des-processus-editoriaux-avec-ojs\/formation-a-ojs\/","title":{"rendered":"Formation \u00e0 OJS"},"content":{"rendered":"\n<p>Pour b\u00e9n\u00e9ficier d&rsquo;une formation sur Open Journal Systems (OJS), contactez l&rsquo;\u00e9quipe de soutien aux revues (revues@uqam.ca) en indiquant vos disponibilit\u00e9s pour faciliter la planification. Pr\u00e9voyez environ 1h30 pour la formation. <\/p>\n\n\n\n<p>L&rsquo;\u00e9quipe propose \u00e9galement une revue test dans OJS, vous offrant la possibilit\u00e9 de vous familiariser avec le processus \u00e9ditorial. Demandez les acc\u00e8s si vous souhaitez exp\u00e9rimenter dans cet environnement.<\/p>\n","protected":false},"excerpt":{"rendered":"<p>Pour b\u00e9n\u00e9ficier d&rsquo;une formation sur Open Journal Systems (OJS), contactez l&rsquo;\u00e9quipe de soutien aux revues (revues@uqam.ca) en indiquant vos disponibilit\u00e9s pour faciliter la planification. Pr\u00e9voyez environ 1h30 pour la formation. L&rsquo;\u00e9quipe propose \u00e9galement une revue test dans OJS, vous offrant la possibilit\u00e9 de vous familiariser avec le processus \u00e9ditorial. Demandez les acc\u00e8s si vous souhaitez [&hellip;]<\/p>\n","protected":false},"author":11,"featured_media":0,"parent":539,"menu_order":0,"comment_status":"closed","ping_status":"closed","template":"","meta":{"_acf_changed":false,"advgb_blocks_editor_width":"","advgb_blocks_columns_visual_guide":"","footnotes":""},"categories":[],"class_list":["post-873","page","type-page","status-publish","hentry"],"acf":[],"yoast_head":"<!-- This site is optimized with the Yoast SEO plugin v22.1 - https:\/\/yoast.com\/wordpress\/plugins\/seo\/ -->\n<title>Formation \u00e0 OJS - Service de soutien aux revues<\/title>\n<meta name=\"robots\" content=\"index, follow, max-snippet:-1, max-image-preview:large, max-video-preview:-1\" \/>\n<link rel=\"canonical\" href=\"https:\/\/revues.uqam.ca\/soutien\/gestion-des-processus-editoriaux-avec-ojs\/formation-a-ojs\/\" \/>\n<meta property=\"og:locale\" content=\"fr_CA\" \/>\n<meta property=\"og:type\" content=\"article\" \/>\n<meta property=\"og:title\" content=\"Formation \u00e0 OJS - Service de soutien aux revues\" \/>\n<meta property=\"og:description\" content=\"Pour b\u00e9n\u00e9ficier d&rsquo;une formation sur Open Journal Systems (OJS), contactez l&rsquo;\u00e9quipe de soutien aux revues (revues@uqam.ca) en indiquant vos disponibilit\u00e9s pour faciliter la planification. Pr\u00e9voyez environ 1h30 pour la formation. L&rsquo;\u00e9quipe propose \u00e9galement une revue test dans OJS, vous offrant la possibilit\u00e9 de vous familiariser avec le processus \u00e9ditorial. Demandez les acc\u00e8s si vous souhaitez [&hellip;]\" \/>\n<meta property=\"og:url\" content=\"https:\/\/revues.uqam.ca\/soutien\/gestion-des-processus-editoriaux-avec-ojs\/formation-a-ojs\/\" \/>\n<meta property=\"og:site_name\" content=\"Service de soutien aux revues\" \/>\n<meta property=\"article:modified_time\" content=\"2024-11-12T15:15:57+00:00\" \/>\n<meta name=\"twitter:card\" content=\"summary_large_image\" \/>\n<meta name=\"twitter:label1\" content=\"Estimation du temps de lecture\" \/>\n\t<meta name=\"twitter:data1\" content=\"1 minute\" \/>\n<script type=\"application\/ld+json\" class=\"yoast-schema-graph\">{\"@context\":\"https:\/\/schema.org\",\"@graph\":[{\"@type\":\"WebPage\",\"@id\":\"https:\/\/revues.uqam.ca\/soutien\/gestion-des-processus-editoriaux-avec-ojs\/formation-a-ojs\/\",\"url\":\"https:\/\/revues.uqam.ca\/soutien\/gestion-des-processus-editoriaux-avec-ojs\/formation-a-ojs\/\",\"name\":\"Formation \u00e0 OJS - Service de soutien aux revues\",\"isPartOf\":{\"@id\":\"https:\/\/revues.uqam.ca\/soutien\/#website\"},\"datePublished\":\"2023-10-23T16:53:37+00:00\",\"dateModified\":\"2024-11-12T15:15:57+00:00\",\"breadcrumb\":{\"@id\":\"https:\/\/revues.uqam.ca\/soutien\/gestion-des-processus-editoriaux-avec-ojs\/formation-a-ojs\/#breadcrumb\"},\"inLanguage\":\"fr-CA\",\"potentialAction\":[{\"@type\":\"ReadAction\",\"target\":[\"https:\/\/revues.uqam.ca\/soutien\/gestion-des-processus-editoriaux-avec-ojs\/formation-a-ojs\/\"]}]},{\"@type\":\"BreadcrumbList\",\"@id\":\"https:\/\/revues.uqam.ca\/soutien\/gestion-des-processus-editoriaux-avec-ojs\/formation-a-ojs\/#breadcrumb\",\"itemListElement\":[{\"@type\":\"ListItem\",\"position\":1,\"name\":\"UQAM\",\"item\":\"https:\/\/uqam.ca\"},{\"@type\":\"ListItem\",\"position\":2,\"name\":\"Service de soutien aux revues\",\"item\":\"https:\/\/revues.uqam.ca\/soutien\"},{\"@type\":\"ListItem\",\"position\":3,\"name\":\"Gestion des processus \u00e9ditoriaux avec OJS\",\"item\":\"https:\/\/revues.uqam.ca\/soutien\/gestion-des-processus-editoriaux-avec-ojs\/\"},{\"@type\":\"ListItem\",\"position\":4,\"name\":\"Formation \u00e0 OJS\"}]},{\"@type\":\"WebSite\",\"@id\":\"https:\/\/revues.uqam.ca\/soutien\/#website\",\"url\":\"https:\/\/revues.uqam.ca\/soutien\/\",\"name\":\"Service de soutien aux revues\",\"description\":\"Un site utilisant Revues UQAM\",\"potentialAction\":[{\"@type\":\"SearchAction\",\"target\":{\"@type\":\"EntryPoint\",\"urlTemplate\":\"https:\/\/revues.uqam.ca\/soutien\/recherche\/?q={search_term_string}\"},\"query-input\":\"required name=search_term_string\"}],\"inLanguage\":\"fr-CA\"}]}<\/script>\n<!-- \/ Yoast SEO plugin. -->","yoast_head_json":{"title":"Formation \u00e0 OJS - Service de soutien aux revues","robots":{"index":"index","follow":"follow","max-snippet":"max-snippet:-1","max-image-preview":"max-image-preview:large","max-video-preview":"max-video-preview:-1"},"canonical":"https:\/\/revues.uqam.ca\/soutien\/gestion-des-processus-editoriaux-avec-ojs\/formation-a-ojs\/","og_locale":"fr_CA","og_type":"article","og_title":"Formation \u00e0 OJS - Service de soutien aux revues","og_description":"Pour b\u00e9n\u00e9ficier d&rsquo;une formation sur Open Journal Systems (OJS), contactez l&rsquo;\u00e9quipe de soutien aux revues (revues@uqam.ca) en indiquant vos disponibilit\u00e9s pour faciliter la planification. Pr\u00e9voyez environ 1h30 pour la formation. L&rsquo;\u00e9quipe propose \u00e9galement une revue test dans OJS, vous offrant la possibilit\u00e9 de vous familiariser avec le processus \u00e9ditorial. Demandez les acc\u00e8s si vous souhaitez [&hellip;]","og_url":"https:\/\/revues.uqam.ca\/soutien\/gestion-des-processus-editoriaux-avec-ojs\/formation-a-ojs\/","og_site_name":"Service de soutien aux revues","article_modified_time":"2024-11-12T15:15:57+00:00","twitter_card":"summary_large_image","twitter_misc":{"Estimation du temps de lecture":"1 minute"},"schema":{"@context":"https:\/\/schema.org","@graph":[{"@type":"WebPage","@id":"https:\/\/revues.uqam.ca\/soutien\/gestion-des-processus-editoriaux-avec-ojs\/formation-a-ojs\/","url":"https:\/\/revues.uqam.ca\/soutien\/gestion-des-processus-editoriaux-avec-ojs\/formation-a-ojs\/","name":"Formation \u00e0 OJS - Service de soutien aux revues","isPartOf":{"@id":"https:\/\/revues.uqam.ca\/soutien\/#website"},"datePublished":"2023-10-23T16:53:37+00:00","dateModified":"2024-11-12T15:15:57+00:00","breadcrumb":{"@id":"https:\/\/revues.uqam.ca\/soutien\/gestion-des-processus-editoriaux-avec-ojs\/formation-a-ojs\/#breadcrumb"},"inLanguage":"fr-CA","potentialAction":[{"@type":"ReadAction","target":["https:\/\/revues.uqam.ca\/soutien\/gestion-des-processus-editoriaux-avec-ojs\/formation-a-ojs\/"]}]},{"@type":"BreadcrumbList","@id":"https:\/\/revues.uqam.ca\/soutien\/gestion-des-processus-editoriaux-avec-ojs\/formation-a-ojs\/#breadcrumb","itemListElement":[{"@type":"ListItem","position":1,"name":"UQAM","item":"https:\/\/uqam.ca"},{"@type":"ListItem","position":2,"name":"Service de soutien aux revues","item":"https:\/\/revues.uqam.ca\/soutien"},{"@type":"ListItem","position":3,"name":"Gestion des processus \u00e9ditoriaux avec OJS","item":"https:\/\/revues.uqam.ca\/soutien\/gestion-des-processus-editoriaux-avec-ojs\/"},{"@type":"ListItem","position":4,"name":"Formation \u00e0 OJS"}]},{"@type":"WebSite","@id":"https:\/\/revues.uqam.ca\/soutien\/#website","url":"https:\/\/revues.uqam.ca\/soutien\/","name":"Service de soutien aux revues","description":"Un site utilisant Revues UQAM","potentialAction":[{"@type":"SearchAction","target":{"@type":"EntryPoint","urlTemplate":"https:\/\/revues.uqam.ca\/soutien\/recherche\/?q={search_term_string}"},"query-input":"required name=search_term_string"}],"inLanguage":"fr-CA"}]}},"coauthors":[],"author_meta":{"author_link":"https:\/\/revues.uqam.ca\/soutien\/author\/godina\/","display_name":"Alexandre Godin"},"relative_dates":{"created":"Posted 3 ann\u00e9es ago","modified":"Updated 1 ann\u00e9e ago"},"absolute_dates":{"created":"Posted on 23 octobre 2023","modified":"Updated on 12 novembre 2024"},"absolute_dates_time":{"created":"Posted on 23 octobre 2023 16 h 53 min","modified":"Updated on 12 novembre 2024 15 h 15 min"},"featured_img_caption":"","featured_img":false,"series_order":"","_links":{"self":[{"href":"https:\/\/revues.uqam.ca\/soutien\/wp-json\/wp\/v2\/pages\/873","targetHints":{"allow":["GET"]}}],"collection":[{"href":"https:\/\/revues.uqam.ca\/soutien\/wp-json\/wp\/v2\/pages"}],"about":[{"href":"https:\/\/revues.uqam.ca\/soutien\/wp-json\/wp\/v2\/types\/page"}],"author":[{"embeddable":true,"href":"https:\/\/revues.uqam.ca\/soutien\/wp-json\/wp\/v2\/users\/11"}],"replies":[{"embeddable":true,"href":"https:\/\/revues.uqam.ca\/soutien\/wp-json\/wp\/v2\/comments?post=873"}],"version-history":[{"count":2,"href":"https:\/\/revues.uqam.ca\/soutien\/wp-json\/wp\/v2\/pages\/873\/revisions"}],"predecessor-version":[{"id":1394,"href":"https:\/\/revues.uqam.ca\/soutien\/wp-json\/wp\/v2\/pages\/873\/revisions\/1394"}],"up":[{"embeddable":true,"href":"https:\/\/revues.uqam.ca\/soutien\/wp-json\/wp\/v2\/pages\/539"}],"wp:attachment":[{"href":"https:\/\/revues.uqam.ca\/soutien\/wp-json\/wp\/v2\/media?parent=873"}],"wp:term":[{"taxonomy":"category","embeddable":true,"href":"https:\/\/revues.uqam.ca\/soutien\/wp-json\/wp\/v2\/categories?post=873"}],"curies":[{"name":"wp","href":"https:\/\/api.w.org\/{rel}","templated":true}]}}