{"id":554,"date":"2022-11-22T21:10:30","date_gmt":"2022-11-22T21:10:30","guid":{"rendered":"https:\/\/revues.dev.uqam.ca\/demo\/?page_id=554"},"modified":"2024-11-08T18:44:35","modified_gmt":"2024-11-08T18:44:35","slug":"a-propos","status":"publish","type":"page","link":"https:\/\/revues.uqam.ca\/soutien\/a-propos\/","title":{"rendered":"\u00c0 propos"},"content":{"rendered":"\n<p>L&rsquo;\u00e9quipe de soutien aux revues est compos\u00e9e des personnes suivantes:<\/p>\n\n\n\n<p><strong><a href=\"robert.edith.2@uqam.ca\">\u00c9dith Robert<\/a><\/strong>, Biblioth\u00e9caire en soutien \u00e0 la recherche. Elle peut vous accompagner dans vos questionnements concernant le d\u00e9marrage, la valorisation, l&rsquo;indexation et l&rsquo;archivage de votre revue. Elle est \u00e9galement r\u00e9pondante \u00e0 l&rsquo;UQAM pour le projet de mutualisation des revues, <a href=\"https:\/\/reseaucirce.org\/\">le r\u00e9seau circ\u00e9.<\/a><\/p>\n\n\n\n<p><strong><a href=\"godin.alexandre@uqam.ca\">Alexandre Godin<\/a><\/strong>, Biblioth\u00e9caire. Il offre des formations pour l&rsquo;utilisation d&rsquo;open journal systems (OJS).<\/p>\n\n\n\n<p><strong><a href=\"dickner.nicolas@uqam.ca\">Nicolas Dickner<\/a><\/strong>, Biblioth\u00e9caire syst\u00e8me. Il s&rsquo;occupe de la mise \u00e0 jour de la plateforme OJS.<\/p>\n\n\n\n<p><strong><a href=\"caron.isabelle@uqam.ca\">Isabelle M. Caron<\/a><\/strong>, Conseill\u00e8re s\u00e9niore \u00e0 la recherche et \u00e0 la cr\u00e9ation. Elle s&rsquo;occupe du programme de financement qui permet de venir en aide aux revues pour des besoins de traduction et de r\u00e9vision. <\/p>\n\n\n\n<p>Pour toutes questions, vous pouvez \u00e9galement \u00e9crire \u00e0 l&rsquo;adresse suivante: <a href=\"mailto:revues@uqam.ca\">revues@uqam.ca<\/a><\/p>\n\n\n\n<p><\/p>\n","protected":false},"excerpt":{"rendered":"<p>L&rsquo;\u00e9quipe de soutien aux revues est compos\u00e9e des personnes suivantes: \u00c9dith Robert, Biblioth\u00e9caire en soutien \u00e0 la recherche. Elle peut vous accompagner dans vos questionnements concernant le d\u00e9marrage, la valorisation, l&rsquo;indexation et l&rsquo;archivage de votre revue. Elle est \u00e9galement r\u00e9pondante \u00e0 l&rsquo;UQAM pour le projet de mutualisation des revues, le r\u00e9seau circ\u00e9. Alexandre Godin, Biblioth\u00e9caire. [&hellip;]<\/p>\n","protected":false},"author":11,"featured_media":0,"parent":0,"menu_order":9,"comment_status":"closed","ping_status":"closed","template":"","meta":{"_acf_changed":false,"advgb_blocks_editor_width":"","advgb_blocks_columns_visual_guide":"","footnotes":""},"categories":[],"class_list":["post-554","page","type-page","status-publish","hentry"],"acf":[],"yoast_head":"<!-- This site is optimized with the Yoast SEO plugin v22.1 - https:\/\/yoast.com\/wordpress\/plugins\/seo\/ -->\n<title>\u00c0 propos - Service de soutien aux revues<\/title>\n<meta name=\"robots\" content=\"index, follow, max-snippet:-1, max-image-preview:large, max-video-preview:-1\" \/>\n<link rel=\"canonical\" href=\"https:\/\/revues.uqam.ca\/soutien\/a-propos\/\" \/>\n<meta property=\"og:locale\" content=\"fr_CA\" \/>\n<meta property=\"og:type\" content=\"article\" \/>\n<meta property=\"og:title\" content=\"\u00c0 propos - Service de soutien aux revues\" \/>\n<meta property=\"og:description\" content=\"L&rsquo;\u00e9quipe de soutien aux revues est compos\u00e9e des personnes suivantes: \u00c9dith Robert, Biblioth\u00e9caire en soutien \u00e0 la recherche. Elle peut vous accompagner dans vos questionnements concernant le d\u00e9marrage, la valorisation, l&rsquo;indexation et l&rsquo;archivage de votre revue. Elle est \u00e9galement r\u00e9pondante \u00e0 l&rsquo;UQAM pour le projet de mutualisation des revues, le r\u00e9seau circ\u00e9. Alexandre Godin, Biblioth\u00e9caire. [&hellip;]\" \/>\n<meta property=\"og:url\" content=\"https:\/\/revues.uqam.ca\/soutien\/a-propos\/\" \/>\n<meta property=\"og:site_name\" content=\"Service de soutien aux revues\" \/>\n<meta property=\"article:modified_time\" content=\"2024-11-08T18:44:35+00:00\" \/>\n<meta name=\"twitter:card\" content=\"summary_large_image\" \/>\n<meta name=\"twitter:label1\" content=\"Estimation du temps de lecture\" \/>\n\t<meta name=\"twitter:data1\" content=\"1 minute\" \/>\n<script type=\"application\/ld+json\" class=\"yoast-schema-graph\">{\"@context\":\"https:\/\/schema.org\",\"@graph\":[{\"@type\":\"WebPage\",\"@id\":\"https:\/\/revues.uqam.ca\/soutien\/a-propos\/\",\"url\":\"https:\/\/revues.uqam.ca\/soutien\/a-propos\/\",\"name\":\"\u00c0 propos - Service de soutien aux revues\",\"isPartOf\":{\"@id\":\"https:\/\/revues.uqam.ca\/soutien\/#website\"},\"datePublished\":\"2022-11-22T21:10:30+00:00\",\"dateModified\":\"2024-11-08T18:44:35+00:00\",\"breadcrumb\":{\"@id\":\"https:\/\/revues.uqam.ca\/soutien\/a-propos\/#breadcrumb\"},\"inLanguage\":\"fr-CA\",\"potentialAction\":[{\"@type\":\"ReadAction\",\"target\":[\"https:\/\/revues.uqam.ca\/soutien\/a-propos\/\"]}]},{\"@type\":\"BreadcrumbList\",\"@id\":\"https:\/\/revues.uqam.ca\/soutien\/a-propos\/#breadcrumb\",\"itemListElement\":[{\"@type\":\"ListItem\",\"position\":1,\"name\":\"UQAM\",\"item\":\"https:\/\/uqam.ca\"},{\"@type\":\"ListItem\",\"position\":2,\"name\":\"Service de soutien aux revues\",\"item\":\"https:\/\/revues.uqam.ca\/soutien\"},{\"@type\":\"ListItem\",\"position\":3,\"name\":\"\u00c0 propos\"}]},{\"@type\":\"WebSite\",\"@id\":\"https:\/\/revues.uqam.ca\/soutien\/#website\",\"url\":\"https:\/\/revues.uqam.ca\/soutien\/\",\"name\":\"Service de soutien aux revues\",\"description\":\"Un site utilisant Revues UQAM\",\"potentialAction\":[{\"@type\":\"SearchAction\",\"target\":{\"@type\":\"EntryPoint\",\"urlTemplate\":\"https:\/\/revues.uqam.ca\/soutien\/recherche\/?q={search_term_string}\"},\"query-input\":\"required name=search_term_string\"}],\"inLanguage\":\"fr-CA\"}]}<\/script>\n<!-- \/ Yoast SEO plugin. -->","yoast_head_json":{"title":"\u00c0 propos - Service de soutien aux revues","robots":{"index":"index","follow":"follow","max-snippet":"max-snippet:-1","max-image-preview":"max-image-preview:large","max-video-preview":"max-video-preview:-1"},"canonical":"https:\/\/revues.uqam.ca\/soutien\/a-propos\/","og_locale":"fr_CA","og_type":"article","og_title":"\u00c0 propos - Service de soutien aux revues","og_description":"L&rsquo;\u00e9quipe de soutien aux revues est compos\u00e9e des personnes suivantes: \u00c9dith Robert, Biblioth\u00e9caire en soutien \u00e0 la recherche. Elle peut vous accompagner dans vos questionnements concernant le d\u00e9marrage, la valorisation, l&rsquo;indexation et l&rsquo;archivage de votre revue. Elle est \u00e9galement r\u00e9pondante \u00e0 l&rsquo;UQAM pour le projet de mutualisation des revues, le r\u00e9seau circ\u00e9. Alexandre Godin, Biblioth\u00e9caire. [&hellip;]","og_url":"https:\/\/revues.uqam.ca\/soutien\/a-propos\/","og_site_name":"Service de soutien aux revues","article_modified_time":"2024-11-08T18:44:35+00:00","twitter_card":"summary_large_image","twitter_misc":{"Estimation du temps de lecture":"1 minute"},"schema":{"@context":"https:\/\/schema.org","@graph":[{"@type":"WebPage","@id":"https:\/\/revues.uqam.ca\/soutien\/a-propos\/","url":"https:\/\/revues.uqam.ca\/soutien\/a-propos\/","name":"\u00c0 propos - Service de soutien aux revues","isPartOf":{"@id":"https:\/\/revues.uqam.ca\/soutien\/#website"},"datePublished":"2022-11-22T21:10:30+00:00","dateModified":"2024-11-08T18:44:35+00:00","breadcrumb":{"@id":"https:\/\/revues.uqam.ca\/soutien\/a-propos\/#breadcrumb"},"inLanguage":"fr-CA","potentialAction":[{"@type":"ReadAction","target":["https:\/\/revues.uqam.ca\/soutien\/a-propos\/"]}]},{"@type":"BreadcrumbList","@id":"https:\/\/revues.uqam.ca\/soutien\/a-propos\/#breadcrumb","itemListElement":[{"@type":"ListItem","position":1,"name":"UQAM","item":"https:\/\/uqam.ca"},{"@type":"ListItem","position":2,"name":"Service de soutien aux revues","item":"https:\/\/revues.uqam.ca\/soutien"},{"@type":"ListItem","position":3,"name":"\u00c0 propos"}]},{"@type":"WebSite","@id":"https:\/\/revues.uqam.ca\/soutien\/#website","url":"https:\/\/revues.uqam.ca\/soutien\/","name":"Service de soutien aux revues","description":"Un site utilisant Revues UQAM","potentialAction":[{"@type":"SearchAction","target":{"@type":"EntryPoint","urlTemplate":"https:\/\/revues.uqam.ca\/soutien\/recherche\/?q={search_term_string}"},"query-input":"required name=search_term_string"}],"inLanguage":"fr-CA"}]}},"coauthors":[],"author_meta":{"author_link":"https:\/\/revues.uqam.ca\/soutien\/author\/godina\/","display_name":"Alexandre Godin"},"relative_dates":{"created":"Posted 3 ann\u00e9es ago","modified":"Updated 1 ann\u00e9e ago"},"absolute_dates":{"created":"Posted on 22 novembre 2022","modified":"Updated on 8 novembre 2024"},"absolute_dates_time":{"created":"Posted on 22 novembre 2022 21 h 10 min","modified":"Updated on 8 novembre 2024 18 h 44 min"},"featured_img_caption":"","featured_img":false,"series_order":"","_links":{"self":[{"href":"https:\/\/revues.uqam.ca\/soutien\/wp-json\/wp\/v2\/pages\/554","targetHints":{"allow":["GET"]}}],"collection":[{"href":"https:\/\/revues.uqam.ca\/soutien\/wp-json\/wp\/v2\/pages"}],"about":[{"href":"https:\/\/revues.uqam.ca\/soutien\/wp-json\/wp\/v2\/types\/page"}],"author":[{"embeddable":true,"href":"https:\/\/revues.uqam.ca\/soutien\/wp-json\/wp\/v2\/users\/11"}],"replies":[{"embeddable":true,"href":"https:\/\/revues.uqam.ca\/soutien\/wp-json\/wp\/v2\/comments?post=554"}],"version-history":[{"count":8,"href":"https:\/\/revues.uqam.ca\/soutien\/wp-json\/wp\/v2\/pages\/554\/revisions"}],"predecessor-version":[{"id":1372,"href":"https:\/\/revues.uqam.ca\/soutien\/wp-json\/wp\/v2\/pages\/554\/revisions\/1372"}],"wp:attachment":[{"href":"https:\/\/revues.uqam.ca\/soutien\/wp-json\/wp\/v2\/media?parent=554"}],"wp:term":[{"taxonomy":"category","embeddable":true,"href":"https:\/\/revues.uqam.ca\/soutien\/wp-json\/wp\/v2\/categories?post=554"}],"curies":[{"name":"wp","href":"https:\/\/api.w.org\/{rel}","templated":true}]}}