{"id":503,"date":"2022-11-22T00:30:26","date_gmt":"2022-11-22T00:30:26","guid":{"rendered":"https:\/\/revues.dev.uqam.ca\/demo\/?page_id=503"},"modified":"2025-04-11T15:38:16","modified_gmt":"2025-04-11T15:38:16","slug":"apercu-impact-de-la-revue","status":"publish","type":"page","link":"https:\/\/revues.uqam.ca\/soutien\/valorisation-et-referencement\/apercu-impact-de-la-revue\/","title":{"rendered":"Aper\u00e7u de l&rsquo;impact de la revue"},"content":{"rendered":"\n<p>En collaboration avec notre service de bibliom\u00e9trie, nous pouvons effectuer un portrait du rayonnement de votre revue. En utilisant diff\u00e9rents outils contenant des donn\u00e9es bibliom\u00e9triques, nous sommes en mesure d&rsquo;identifier des analyses telles que : <\/p>\n\n\n\n<ul class=\"wp-block-list\">\n<li>Le nombre de citations re\u00e7ues par les articles publi\u00e9es par rapport \u00e0 la moyenne des citations pour les publications du m\u00eame type;<\/li>\n\n\n\n<li>Les articles qui sont le plus cit\u00e9s;<\/li>\n\n\n\n<li>La provenance g\u00e9ographique des auteurs qui publient dans votre revue;<\/li>\n\n\n\n<li>Le nombre d&rsquo;articles qui traitent des sujets prioritaires identifi\u00e9s par les objectifs de d\u00e9veloppement durable;<\/li>\n\n\n\n<li>Le type de sources qui citent votre revue;<\/li>\n\n\n\n<li>Provenance disciplinaire des citations qui sont re\u00e7ues;<\/li>\n\n\n\n<li>La pr\u00e9sence dans la m\u00e9dias sociaux et dans les m\u00e9dias traditionnelles.<\/li>\n<\/ul>\n\n\n\n<p>Ces informations peuvent vous \u00eatre utiles dans le cadre d&rsquo;une demande de subvention, pour souligner le travail de la revue ou pour identifier de nouveaux champs de recherche \u00e0 d\u00e9velopper. Il est important de comprendre que les rapports que nous pouvons produire prennent toujours en consid\u00e9ration le contexte de la revue et que les outils bibliom\u00e9triques et les indicateurs disponibles \u00e9voluent constamment. <\/p>\n\n\n\n<div class=\"wp-block-file\"><a id=\"wp-block-file--media-fcda6340-b59a-43d2-a9e5-bd8c985e96f5\" href=\"https:\/\/revues.uqam.ca\/soutien\/wp-content\/uploads\/sites\/9\/2024\/10\/MEE_etude-bibliometrique-2020-2024.docx\">MEE_etude-bibliometrique-2020-2024<\/a><a href=\"https:\/\/revues.uqam.ca\/soutien\/wp-content\/uploads\/sites\/9\/2024\/10\/MEE_etude-bibliometrique-2020-2024.docx\" class=\"wp-block-file__button wp-element-button\" download aria-describedby=\"wp-block-file--media-fcda6340-b59a-43d2-a9e5-bd8c985e96f5\">T\u00e9l\u00e9charger<\/a><\/div>\n","protected":false},"excerpt":{"rendered":"<p>En collaboration avec notre service de bibliom\u00e9trie, nous pouvons effectuer un portrait du rayonnement de votre revue. En utilisant diff\u00e9rents outils contenant des donn\u00e9es bibliom\u00e9triques, nous sommes en mesure d&rsquo;identifier des analyses telles que : Ces informations peuvent vous \u00eatre utiles dans le cadre d&rsquo;une demande de subvention, pour souligner le travail de la revue [&hellip;]<\/p>\n","protected":false},"author":11,"featured_media":0,"parent":493,"menu_order":0,"comment_status":"closed","ping_status":"closed","template":"","meta":{"_acf_changed":false,"advgb_blocks_editor_width":"","advgb_blocks_columns_visual_guide":"","footnotes":""},"categories":[],"class_list":["post-503","page","type-page","status-publish","hentry"],"acf":[],"yoast_head":"<!-- This site is optimized with the Yoast SEO plugin v22.1 - https:\/\/yoast.com\/wordpress\/plugins\/seo\/ -->\n<title>Aper\u00e7u de l&#039;impact de la revue - Service de soutien aux revues<\/title>\n<meta name=\"robots\" content=\"index, follow, max-snippet:-1, max-image-preview:large, max-video-preview:-1\" \/>\n<link rel=\"canonical\" href=\"https:\/\/revues.uqam.ca\/soutien\/valorisation-et-referencement\/apercu-impact-de-la-revue\/\" \/>\n<meta property=\"og:locale\" content=\"fr_CA\" \/>\n<meta property=\"og:type\" content=\"article\" \/>\n<meta property=\"og:title\" content=\"Aper\u00e7u de l&#039;impact de la revue - Service de soutien aux revues\" \/>\n<meta property=\"og:description\" content=\"En collaboration avec notre service de bibliom\u00e9trie, nous pouvons effectuer un portrait du rayonnement de votre revue. En utilisant diff\u00e9rents outils contenant des donn\u00e9es bibliom\u00e9triques, nous sommes en mesure d&rsquo;identifier des analyses telles que : Ces informations peuvent vous \u00eatre utiles dans le cadre d&rsquo;une demande de subvention, pour souligner le travail de la revue [&hellip;]\" \/>\n<meta property=\"og:url\" content=\"https:\/\/revues.uqam.ca\/soutien\/valorisation-et-referencement\/apercu-impact-de-la-revue\/\" \/>\n<meta property=\"og:site_name\" content=\"Service de soutien aux revues\" \/>\n<meta property=\"article:modified_time\" content=\"2025-04-11T15:38:16+00:00\" \/>\n<meta name=\"twitter:card\" content=\"summary_large_image\" \/>\n<meta name=\"twitter:label1\" content=\"Estimation du temps de lecture\" \/>\n\t<meta name=\"twitter:data1\" content=\"1 minute\" \/>\n<script type=\"application\/ld+json\" class=\"yoast-schema-graph\">{\"@context\":\"https:\/\/schema.org\",\"@graph\":[{\"@type\":\"WebPage\",\"@id\":\"https:\/\/revues.uqam.ca\/soutien\/valorisation-et-referencement\/apercu-impact-de-la-revue\/\",\"url\":\"https:\/\/revues.uqam.ca\/soutien\/valorisation-et-referencement\/apercu-impact-de-la-revue\/\",\"name\":\"Aper\u00e7u de l'impact de la revue - Service de soutien aux revues\",\"isPartOf\":{\"@id\":\"https:\/\/revues.uqam.ca\/soutien\/#website\"},\"datePublished\":\"2022-11-22T00:30:26+00:00\",\"dateModified\":\"2025-04-11T15:38:16+00:00\",\"breadcrumb\":{\"@id\":\"https:\/\/revues.uqam.ca\/soutien\/valorisation-et-referencement\/apercu-impact-de-la-revue\/#breadcrumb\"},\"inLanguage\":\"fr-CA\",\"potentialAction\":[{\"@type\":\"ReadAction\",\"target\":[\"https:\/\/revues.uqam.ca\/soutien\/valorisation-et-referencement\/apercu-impact-de-la-revue\/\"]}]},{\"@type\":\"BreadcrumbList\",\"@id\":\"https:\/\/revues.uqam.ca\/soutien\/valorisation-et-referencement\/apercu-impact-de-la-revue\/#breadcrumb\",\"itemListElement\":[{\"@type\":\"ListItem\",\"position\":1,\"name\":\"UQAM\",\"item\":\"https:\/\/uqam.ca\"},{\"@type\":\"ListItem\",\"position\":2,\"name\":\"Service de soutien aux revues\",\"item\":\"https:\/\/revues.uqam.ca\/soutien\"},{\"@type\":\"ListItem\",\"position\":3,\"name\":\"Valorisation et r\u00e9f\u00e9rencement\",\"item\":\"https:\/\/revues.uqam.ca\/soutien\/valorisation-et-referencement\/\"},{\"@type\":\"ListItem\",\"position\":4,\"name\":\"Aper\u00e7u de l&rsquo;impact de la revue\"}]},{\"@type\":\"WebSite\",\"@id\":\"https:\/\/revues.uqam.ca\/soutien\/#website\",\"url\":\"https:\/\/revues.uqam.ca\/soutien\/\",\"name\":\"Service de soutien aux revues\",\"description\":\"Un site utilisant Revues UQAM\",\"potentialAction\":[{\"@type\":\"SearchAction\",\"target\":{\"@type\":\"EntryPoint\",\"urlTemplate\":\"https:\/\/revues.uqam.ca\/soutien\/recherche\/?q={search_term_string}\"},\"query-input\":\"required name=search_term_string\"}],\"inLanguage\":\"fr-CA\"}]}<\/script>\n<!-- \/ Yoast SEO plugin. -->","yoast_head_json":{"title":"Aper\u00e7u de l'impact de la revue - Service de soutien aux revues","robots":{"index":"index","follow":"follow","max-snippet":"max-snippet:-1","max-image-preview":"max-image-preview:large","max-video-preview":"max-video-preview:-1"},"canonical":"https:\/\/revues.uqam.ca\/soutien\/valorisation-et-referencement\/apercu-impact-de-la-revue\/","og_locale":"fr_CA","og_type":"article","og_title":"Aper\u00e7u de l'impact de la revue - Service de soutien aux revues","og_description":"En collaboration avec notre service de bibliom\u00e9trie, nous pouvons effectuer un portrait du rayonnement de votre revue. En utilisant diff\u00e9rents outils contenant des donn\u00e9es bibliom\u00e9triques, nous sommes en mesure d&rsquo;identifier des analyses telles que : Ces informations peuvent vous \u00eatre utiles dans le cadre d&rsquo;une demande de subvention, pour souligner le travail de la revue [&hellip;]","og_url":"https:\/\/revues.uqam.ca\/soutien\/valorisation-et-referencement\/apercu-impact-de-la-revue\/","og_site_name":"Service de soutien aux revues","article_modified_time":"2025-04-11T15:38:16+00:00","twitter_card":"summary_large_image","twitter_misc":{"Estimation du temps de lecture":"1 minute"},"schema":{"@context":"https:\/\/schema.org","@graph":[{"@type":"WebPage","@id":"https:\/\/revues.uqam.ca\/soutien\/valorisation-et-referencement\/apercu-impact-de-la-revue\/","url":"https:\/\/revues.uqam.ca\/soutien\/valorisation-et-referencement\/apercu-impact-de-la-revue\/","name":"Aper\u00e7u de l'impact de la revue - Service de soutien aux revues","isPartOf":{"@id":"https:\/\/revues.uqam.ca\/soutien\/#website"},"datePublished":"2022-11-22T00:30:26+00:00","dateModified":"2025-04-11T15:38:16+00:00","breadcrumb":{"@id":"https:\/\/revues.uqam.ca\/soutien\/valorisation-et-referencement\/apercu-impact-de-la-revue\/#breadcrumb"},"inLanguage":"fr-CA","potentialAction":[{"@type":"ReadAction","target":["https:\/\/revues.uqam.ca\/soutien\/valorisation-et-referencement\/apercu-impact-de-la-revue\/"]}]},{"@type":"BreadcrumbList","@id":"https:\/\/revues.uqam.ca\/soutien\/valorisation-et-referencement\/apercu-impact-de-la-revue\/#breadcrumb","itemListElement":[{"@type":"ListItem","position":1,"name":"UQAM","item":"https:\/\/uqam.ca"},{"@type":"ListItem","position":2,"name":"Service de soutien aux revues","item":"https:\/\/revues.uqam.ca\/soutien"},{"@type":"ListItem","position":3,"name":"Valorisation et r\u00e9f\u00e9rencement","item":"https:\/\/revues.uqam.ca\/soutien\/valorisation-et-referencement\/"},{"@type":"ListItem","position":4,"name":"Aper\u00e7u de l&rsquo;impact de la revue"}]},{"@type":"WebSite","@id":"https:\/\/revues.uqam.ca\/soutien\/#website","url":"https:\/\/revues.uqam.ca\/soutien\/","name":"Service de soutien aux revues","description":"Un site utilisant Revues UQAM","potentialAction":[{"@type":"SearchAction","target":{"@type":"EntryPoint","urlTemplate":"https:\/\/revues.uqam.ca\/soutien\/recherche\/?q={search_term_string}"},"query-input":"required name=search_term_string"}],"inLanguage":"fr-CA"}]}},"coauthors":[],"author_meta":{"author_link":"https:\/\/revues.uqam.ca\/soutien\/author\/godina\/","display_name":"Alexandre Godin"},"relative_dates":{"created":"Posted 3 ann\u00e9es ago","modified":"Updated 1 ann\u00e9e ago"},"absolute_dates":{"created":"Posted on 22 novembre 2022","modified":"Updated on 11 avril 2025"},"absolute_dates_time":{"created":"Posted on 22 novembre 2022 0 h 30 min","modified":"Updated on 11 avril 2025 15 h 38 min"},"featured_img_caption":"","featured_img":false,"series_order":"","_links":{"self":[{"href":"https:\/\/revues.uqam.ca\/soutien\/wp-json\/wp\/v2\/pages\/503","targetHints":{"allow":["GET"]}}],"collection":[{"href":"https:\/\/revues.uqam.ca\/soutien\/wp-json\/wp\/v2\/pages"}],"about":[{"href":"https:\/\/revues.uqam.ca\/soutien\/wp-json\/wp\/v2\/types\/page"}],"author":[{"embeddable":true,"href":"https:\/\/revues.uqam.ca\/soutien\/wp-json\/wp\/v2\/users\/11"}],"replies":[{"embeddable":true,"href":"https:\/\/revues.uqam.ca\/soutien\/wp-json\/wp\/v2\/comments?post=503"}],"version-history":[{"count":5,"href":"https:\/\/revues.uqam.ca\/soutien\/wp-json\/wp\/v2\/pages\/503\/revisions"}],"predecessor-version":[{"id":1458,"href":"https:\/\/revues.uqam.ca\/soutien\/wp-json\/wp\/v2\/pages\/503\/revisions\/1458"}],"up":[{"embeddable":true,"href":"https:\/\/revues.uqam.ca\/soutien\/wp-json\/wp\/v2\/pages\/493"}],"wp:attachment":[{"href":"https:\/\/revues.uqam.ca\/soutien\/wp-json\/wp\/v2\/media?parent=503"}],"wp:term":[{"taxonomy":"category","embeddable":true,"href":"https:\/\/revues.uqam.ca\/soutien\/wp-json\/wp\/v2\/categories?post=503"}],"curies":[{"name":"wp","href":"https:\/\/api.w.org\/{rel}","templated":true}]}}