{"id":456,"date":"2022-11-21T23:52:26","date_gmt":"2022-11-21T23:52:26","guid":{"rendered":"https:\/\/revues.dev.uqam.ca\/demo\/?page_id=456"},"modified":"2025-04-11T15:44:03","modified_gmt":"2025-04-11T15:44:03","slug":"accueil","status":"publish","type":"page","link":"https:\/\/revues.uqam.ca\/soutien\/","title":{"rendered":"Accueil"},"content":{"rendered":"\n<p>Le service de soutien aux revues est pilot\u00e9 par le Service recherche et cr\u00e9ation en collaboration avec le Service des biblioth\u00e8ques. L\u2019\u00e9quipe intervient \u00e0 plusieurs niveaux aupr\u00e8s des revues se qualifiant comme une&nbsp;<a href=\"http:\/\/revues-alpha.uqam.ca\/criteres-de-selection\/\" target=\"_blank\" rel=\"noreferrer noopener\">revue savante de l\u2019UQAM<\/a>&nbsp;: soutien au processus \u00e9ditorial, r\u00e9f\u00e9rencement, services d\u2019\u00e9dition et adoption de bonnes pratiques \u00e9ditoriales.<\/p>\n\n\n\n<p>Le produit phare de l&rsquo;offre de service est l\u2019application OJS (<a href=\"https:\/\/pkp.sfu.ca\/ojs\/\" target=\"_blank\" rel=\"noreferrer noopener\">Open Journal System<\/a>)&nbsp;pour lequel le Service des biblioth\u00e8ques maintient une installation locale&nbsp;\u00e0&nbsp;l\u2019UQAM. Ce logiciel permet la gestion du processus \u00e9ditorial et offre un espace de publication aux revues \u00e9lectroniques&nbsp;se qualifiant pour la vitrine des <a href=\"https:\/\/revues.uqam.ca\/\">Revues UQAM<\/a>. L&rsquo;\u00e9quipe offre la formation et l&rsquo;accompagnement n\u00e9cessaire \u00e0 son utilisation. <\/p>\n\n\n\n<p>Consultez les autres sections de ce site pour conna\u00eetre plus en d\u00e9tails l&rsquo;ensemble des services et des ressources mises \u00e0 votre disposition.<\/p>\n\n\n\n<p><\/p>\n","protected":false},"excerpt":{"rendered":"<p>Le service de soutien aux revues est pilot\u00e9 par le Service recherche et cr\u00e9ation en collaboration avec le Service des biblioth\u00e8ques. L\u2019\u00e9quipe intervient \u00e0 plusieurs niveaux aupr\u00e8s des revues se qualifiant comme une&nbsp;revue savante de l\u2019UQAM&nbsp;: soutien au processus \u00e9ditorial, r\u00e9f\u00e9rencement, services d\u2019\u00e9dition et adoption de bonnes pratiques \u00e9ditoriales. Le produit phare de l&rsquo;offre de [&hellip;]<\/p>\n","protected":false},"author":11,"featured_media":0,"parent":0,"menu_order":1,"comment_status":"closed","ping_status":"closed","template":"","meta":{"_acf_changed":false,"advgb_blocks_editor_width":"","advgb_blocks_columns_visual_guide":"","footnotes":""},"categories":[],"class_list":["post-456","page","type-page","status-publish","hentry"],"acf":[],"yoast_head":"<!-- This site is optimized with the Yoast SEO plugin v22.1 - https:\/\/yoast.com\/wordpress\/plugins\/seo\/ -->\n<title>Accueil - Service de soutien aux revues<\/title>\n<meta name=\"robots\" content=\"index, follow, max-snippet:-1, max-image-preview:large, max-video-preview:-1\" \/>\n<link rel=\"canonical\" href=\"https:\/\/revues.uqam.ca\/soutien\/\" \/>\n<meta property=\"og:locale\" content=\"fr_CA\" \/>\n<meta property=\"og:type\" content=\"article\" \/>\n<meta property=\"og:title\" content=\"Accueil - Service de soutien aux revues\" \/>\n<meta property=\"og:description\" content=\"Le service de soutien aux revues est pilot\u00e9 par le Service recherche et cr\u00e9ation en collaboration avec le Service des biblioth\u00e8ques. L\u2019\u00e9quipe intervient \u00e0 plusieurs niveaux aupr\u00e8s des revues se qualifiant comme une&nbsp;revue savante de l\u2019UQAM&nbsp;: soutien au processus \u00e9ditorial, r\u00e9f\u00e9rencement, services d\u2019\u00e9dition et adoption de bonnes pratiques \u00e9ditoriales. Le produit phare de l&rsquo;offre de [&hellip;]\" \/>\n<meta property=\"og:url\" content=\"https:\/\/revues.uqam.ca\/soutien\/\" \/>\n<meta property=\"og:site_name\" content=\"Service de soutien aux revues\" \/>\n<meta property=\"article:modified_time\" content=\"2025-04-11T15:44:03+00:00\" \/>\n<meta name=\"twitter:card\" content=\"summary_large_image\" \/>\n<meta name=\"twitter:label1\" content=\"Estimation du temps de lecture\" \/>\n\t<meta name=\"twitter:data1\" content=\"1 minute\" \/>\n<script type=\"application\/ld+json\" class=\"yoast-schema-graph\">{\"@context\":\"https:\/\/schema.org\",\"@graph\":[{\"@type\":\"WebPage\",\"@id\":\"https:\/\/revues.uqam.ca\/soutien\/\",\"url\":\"https:\/\/revues.uqam.ca\/soutien\/\",\"name\":\"Accueil - Service de soutien aux revues\",\"isPartOf\":{\"@id\":\"https:\/\/revues.uqam.ca\/soutien\/#website\"},\"datePublished\":\"2022-11-21T23:52:26+00:00\",\"dateModified\":\"2025-04-11T15:44:03+00:00\",\"breadcrumb\":{\"@id\":\"https:\/\/revues.uqam.ca\/soutien\/#breadcrumb\"},\"inLanguage\":\"fr-CA\",\"potentialAction\":[{\"@type\":\"ReadAction\",\"target\":[\"https:\/\/revues.uqam.ca\/soutien\/\"]}]},{\"@type\":\"BreadcrumbList\",\"@id\":\"https:\/\/revues.uqam.ca\/soutien\/#breadcrumb\",\"itemListElement\":[{\"@type\":\"ListItem\",\"position\":1,\"name\":\"UQAM\",\"item\":\"https:\/\/uqam.ca\"},{\"@type\":\"ListItem\",\"position\":2,\"name\":\"Service de soutien aux revues\",\"item\":\"https:\/\/revues.uqam.ca\/soutien\"},{\"@type\":\"ListItem\",\"position\":3,\"name\":\"Accueil\"}]},{\"@type\":\"WebSite\",\"@id\":\"https:\/\/revues.uqam.ca\/soutien\/#website\",\"url\":\"https:\/\/revues.uqam.ca\/soutien\/\",\"name\":\"Service de soutien aux revues\",\"description\":\"Un site utilisant Revues UQAM\",\"potentialAction\":[{\"@type\":\"SearchAction\",\"target\":{\"@type\":\"EntryPoint\",\"urlTemplate\":\"https:\/\/revues.uqam.ca\/soutien\/recherche\/?q={search_term_string}\"},\"query-input\":\"required name=search_term_string\"}],\"inLanguage\":\"fr-CA\"}]}<\/script>\n<!-- \/ Yoast SEO plugin. -->","yoast_head_json":{"title":"Accueil - Service de soutien aux revues","robots":{"index":"index","follow":"follow","max-snippet":"max-snippet:-1","max-image-preview":"max-image-preview:large","max-video-preview":"max-video-preview:-1"},"canonical":"https:\/\/revues.uqam.ca\/soutien\/","og_locale":"fr_CA","og_type":"article","og_title":"Accueil - Service de soutien aux revues","og_description":"Le service de soutien aux revues est pilot\u00e9 par le Service recherche et cr\u00e9ation en collaboration avec le Service des biblioth\u00e8ques. L\u2019\u00e9quipe intervient \u00e0 plusieurs niveaux aupr\u00e8s des revues se qualifiant comme une&nbsp;revue savante de l\u2019UQAM&nbsp;: soutien au processus \u00e9ditorial, r\u00e9f\u00e9rencement, services d\u2019\u00e9dition et adoption de bonnes pratiques \u00e9ditoriales. Le produit phare de l&rsquo;offre de [&hellip;]","og_url":"https:\/\/revues.uqam.ca\/soutien\/","og_site_name":"Service de soutien aux revues","article_modified_time":"2025-04-11T15:44:03+00:00","twitter_card":"summary_large_image","twitter_misc":{"Estimation du temps de lecture":"1 minute"},"schema":{"@context":"https:\/\/schema.org","@graph":[{"@type":"WebPage","@id":"https:\/\/revues.uqam.ca\/soutien\/","url":"https:\/\/revues.uqam.ca\/soutien\/","name":"Accueil - Service de soutien aux revues","isPartOf":{"@id":"https:\/\/revues.uqam.ca\/soutien\/#website"},"datePublished":"2022-11-21T23:52:26+00:00","dateModified":"2025-04-11T15:44:03+00:00","breadcrumb":{"@id":"https:\/\/revues.uqam.ca\/soutien\/#breadcrumb"},"inLanguage":"fr-CA","potentialAction":[{"@type":"ReadAction","target":["https:\/\/revues.uqam.ca\/soutien\/"]}]},{"@type":"BreadcrumbList","@id":"https:\/\/revues.uqam.ca\/soutien\/#breadcrumb","itemListElement":[{"@type":"ListItem","position":1,"name":"UQAM","item":"https:\/\/uqam.ca"},{"@type":"ListItem","position":2,"name":"Service de soutien aux revues","item":"https:\/\/revues.uqam.ca\/soutien"},{"@type":"ListItem","position":3,"name":"Accueil"}]},{"@type":"WebSite","@id":"https:\/\/revues.uqam.ca\/soutien\/#website","url":"https:\/\/revues.uqam.ca\/soutien\/","name":"Service de soutien aux revues","description":"Un site utilisant Revues UQAM","potentialAction":[{"@type":"SearchAction","target":{"@type":"EntryPoint","urlTemplate":"https:\/\/revues.uqam.ca\/soutien\/recherche\/?q={search_term_string}"},"query-input":"required name=search_term_string"}],"inLanguage":"fr-CA"}]}},"coauthors":[],"author_meta":{"author_link":"https:\/\/revues.uqam.ca\/soutien\/author\/godina\/","display_name":"Alexandre Godin"},"relative_dates":{"created":"Posted 3 ann\u00e9es ago","modified":"Updated 1 ann\u00e9e ago"},"absolute_dates":{"created":"Posted on 21 novembre 2022","modified":"Updated on 11 avril 2025"},"absolute_dates_time":{"created":"Posted on 21 novembre 2022 23 h 52 min","modified":"Updated on 11 avril 2025 15 h 44 min"},"featured_img_caption":"","featured_img":false,"series_order":"","_links":{"self":[{"href":"https:\/\/revues.uqam.ca\/soutien\/wp-json\/wp\/v2\/pages\/456","targetHints":{"allow":["GET"]}}],"collection":[{"href":"https:\/\/revues.uqam.ca\/soutien\/wp-json\/wp\/v2\/pages"}],"about":[{"href":"https:\/\/revues.uqam.ca\/soutien\/wp-json\/wp\/v2\/types\/page"}],"author":[{"embeddable":true,"href":"https:\/\/revues.uqam.ca\/soutien\/wp-json\/wp\/v2\/users\/11"}],"replies":[{"embeddable":true,"href":"https:\/\/revues.uqam.ca\/soutien\/wp-json\/wp\/v2\/comments?post=456"}],"version-history":[{"count":3,"href":"https:\/\/revues.uqam.ca\/soutien\/wp-json\/wp\/v2\/pages\/456\/revisions"}],"predecessor-version":[{"id":1461,"href":"https:\/\/revues.uqam.ca\/soutien\/wp-json\/wp\/v2\/pages\/456\/revisions\/1461"}],"wp:attachment":[{"href":"https:\/\/revues.uqam.ca\/soutien\/wp-json\/wp\/v2\/media?parent=456"}],"wp:term":[{"taxonomy":"category","embeddable":true,"href":"https:\/\/revues.uqam.ca\/soutien\/wp-json\/wp\/v2\/categories?post=456"}],"curies":[{"name":"wp","href":"https:\/\/api.w.org\/{rel}","templated":true}]}}