{"id":67,"date":"2023-01-16T12:09:23","date_gmt":"2023-01-16T17:09:23","guid":{"rendered":"https:\/\/revues.dev.uqam.ca\/iref\/?page_id=67"},"modified":"2024-03-12T13:51:18","modified_gmt":"2024-03-12T17:51:18","slug":"nous-joindre","status":"publish","type":"page","link":"https:\/\/revues.uqam.ca\/prefix\/nous-joindre\/","title":{"rendered":"Nous joindre"},"content":{"rendered":"\n<div class=\"wp-block-columns is-layout-flex wp-container-core-columns-layout-1 wp-block-columns-is-layout-flex\">\n<div class=\"wp-block-column is-layout-flow wp-block-column-is-layout-flow\">\n<h2 class=\"wp-block-heading\">Coordonn\u00e9es<\/h2>\n\n\n\n<p>Universit\u00e9 du Qu\u00e9bec \u00e0 Montr\u00e9al<br>Institut de recherche et d&rsquo;\u00e9tudes f\u00e9ministes<br>Pavillon Hubert-Aquin, local A-3700<br>400, rue Sainte-Catherine Est, Montr\u00e9al H2L 2C5<\/p>\n\n\n\n<p><\/p>\n\n\n\n<h3 class=\"wp-block-heading\">Personne-ressource principale<\/h3>\n\n\n\n<p>Hildgen Bronja, Agente de recherches et de planification \u2014 volet recherche, IREF, UQAM<\/p>\n\n\n\n<p><a href=\"mailto:hildgen.bronja@uqam.ca\">hildgen.bronja@uqam.ca<\/a><br><br><\/p>\n\n\n\n<h3 class=\"wp-block-heading\"><\/h3>\n<\/div>\n\n\n\n<div class=\"wp-block-column is-layout-flow wp-block-column-is-layout-flow\">\n<h2 class=\"wp-block-heading\">R\u00e9seaux sociaux<\/h2>\n\n\n\n<ul>\n<li><a href=\"https:\/\/www.facebook.com\/IREFUQAM\/\">Facebook<\/a><\/li>\n\n\n\n<li><a href=\"https:\/\/www.instagram.com\/iref_uqam_feministes\/\">Instagram<\/a><\/li>\n\n\n\n<li><a href=\"https:\/\/www.youtube.com\/@institutderechercheetdetud9649\">YouTube<\/a><\/li>\n\n\n\n<li><a href=\"https:\/\/ca.linkedin.com\/company\/institut-de-recherches-et-d%E2%80%99%C3%A9tudes-f%C3%A9ministes-iref-uqam\">LinkedIn<\/a><\/li>\n<\/ul>\n\n\n\n<p><\/p>\n<\/div>\n<\/div>\n\n\n\n<h2 class=\"wp-block-heading\"><\/h2>\n\n\n\n<div class=\"schema-faq wp-block-yoast-faq-block\"><div class=\"schema-faq-section\" id=\"faq-question-1694028701602\"><strong class=\"schema-faq-question\"><\/strong> <p class=\"schema-faq-answer\"><\/p> <\/div> <\/div>\n","protected":false},"excerpt":{"rendered":"<p>Coordonn\u00e9es Universit\u00e9 du Qu\u00e9bec \u00e0 Montr\u00e9alInstitut de recherche et d&rsquo;\u00e9tudes f\u00e9ministesPavillon Hubert-Aquin, local A-3700400, rue Sainte-Catherine Est, Montr\u00e9al H2L 2C5 Personne-ressource principale Hildgen Bronja, Agente de recherches et de planification \u2014 volet recherche, IREF, UQAM hildgen.bronja@uqam.ca R\u00e9seaux sociaux<\/p>\n","protected":false},"author":17,"featured_media":0,"parent":0,"menu_order":6,"comment_status":"closed","ping_status":"closed","template":"","meta":{"_acf_changed":false,"advgb_blocks_editor_width":"","advgb_blocks_columns_visual_guide":"","footnotes":""},"categories":[],"acf":[],"yoast_head":"<!-- This site is optimized with the Yoast SEO plugin v22.1 - https:\/\/yoast.com\/wordpress\/plugins\/seo\/ -->\n<title>Nous joindre | PR\u00c9FIX<\/title>\n<meta name=\"robots\" content=\"index, follow, max-snippet:-1, max-image-preview:large, max-video-preview:-1\" \/>\n<link rel=\"canonical\" href=\"https:\/\/revues.uqam.ca\/prefix\/nous-joindre\/\" \/>\n<meta property=\"og:locale\" content=\"fr_CA\" \/>\n<meta property=\"og:type\" content=\"article\" \/>\n<meta property=\"og:title\" content=\"Nous joindre | PR\u00c9FIX\" \/>\n<meta property=\"og:description\" content=\"Coordonn\u00e9es Universit\u00e9 du Qu\u00e9bec \u00e0 Montr\u00e9alInstitut de recherche et d&rsquo;\u00e9tudes f\u00e9ministesPavillon Hubert-Aquin, local A-3700400, rue Sainte-Catherine Est, Montr\u00e9al H2L 2C5 Personne-ressource principale Hildgen Bronja, Agente de recherches et de planification \u2014 volet recherche, IREF, UQAM hildgen.bronja@uqam.ca R\u00e9seaux sociaux\" \/>\n<meta property=\"og:url\" content=\"https:\/\/revues.uqam.ca\/prefix\/nous-joindre\/\" \/>\n<meta property=\"og:site_name\" content=\"PR\u00c9FIX\" \/>\n<meta property=\"article:modified_time\" content=\"2024-03-12T17:51:18+00:00\" \/>\n<meta name=\"twitter:card\" content=\"summary_large_image\" \/>\n<meta name=\"twitter:label1\" content=\"Estimation du temps de lecture\" \/>\n\t<meta name=\"twitter:data1\" content=\"1 minute\" \/>\n<script type=\"application\/ld+json\" class=\"yoast-schema-graph\">{\"@context\":\"https:\/\/schema.org\",\"@graph\":[{\"@type\":[\"WebPage\",\"FAQPage\"],\"@id\":\"https:\/\/revues.uqam.ca\/prefix\/nous-joindre\/\",\"url\":\"https:\/\/revues.uqam.ca\/prefix\/nous-joindre\/\",\"name\":\"Nous joindre | PR\u00c9FIX\",\"isPartOf\":{\"@id\":\"https:\/\/revues.uqam.ca\/prefix\/#website\"},\"datePublished\":\"2023-01-16T17:09:23+00:00\",\"dateModified\":\"2024-03-12T17:51:18+00:00\",\"breadcrumb\":{\"@id\":\"https:\/\/revues.uqam.ca\/prefix\/nous-joindre\/#breadcrumb\"},\"inLanguage\":\"fr-CA\",\"potentialAction\":[{\"@type\":\"ReadAction\",\"target\":[\"https:\/\/revues.uqam.ca\/prefix\/nous-joindre\/\"]}]},{\"@type\":\"BreadcrumbList\",\"@id\":\"https:\/\/revues.uqam.ca\/prefix\/nous-joindre\/#breadcrumb\",\"itemListElement\":[{\"@type\":\"ListItem\",\"position\":1,\"name\":\"UQAM\",\"item\":\"https:\/\/uqam.ca\"},{\"@type\":\"ListItem\",\"position\":2,\"name\":\"PR\u00c9FIX\",\"item\":\"https:\/\/revues.uqam.ca\/prefix\"},{\"@type\":\"ListItem\",\"position\":3,\"name\":\"Nous joindre\"}]},{\"@type\":\"WebSite\",\"@id\":\"https:\/\/revues.uqam.ca\/prefix\/#website\",\"url\":\"https:\/\/revues.uqam.ca\/prefix\/\",\"name\":\"PR\u00c9FIX\",\"description\":\"\",\"potentialAction\":[{\"@type\":\"SearchAction\",\"target\":{\"@type\":\"EntryPoint\",\"urlTemplate\":\"https:\/\/revues.uqam.ca\/prefix\/recherche\/?q={search_term_string}\"},\"query-input\":\"required name=search_term_string\"}],\"inLanguage\":\"fr-CA\"}]}<\/script>\n<!-- \/ Yoast SEO plugin. -->","yoast_head_json":{"title":"Nous joindre | PR\u00c9FIX","robots":{"index":"index","follow":"follow","max-snippet":"max-snippet:-1","max-image-preview":"max-image-preview:large","max-video-preview":"max-video-preview:-1"},"canonical":"https:\/\/revues.uqam.ca\/prefix\/nous-joindre\/","og_locale":"fr_CA","og_type":"article","og_title":"Nous joindre | PR\u00c9FIX","og_description":"Coordonn\u00e9es Universit\u00e9 du Qu\u00e9bec \u00e0 Montr\u00e9alInstitut de recherche et d&rsquo;\u00e9tudes f\u00e9ministesPavillon Hubert-Aquin, local A-3700400, rue Sainte-Catherine Est, Montr\u00e9al H2L 2C5 Personne-ressource principale Hildgen Bronja, Agente de recherches et de planification \u2014 volet recherche, IREF, UQAM hildgen.bronja@uqam.ca R\u00e9seaux sociaux","og_url":"https:\/\/revues.uqam.ca\/prefix\/nous-joindre\/","og_site_name":"PR\u00c9FIX","article_modified_time":"2024-03-12T17:51:18+00:00","twitter_card":"summary_large_image","twitter_misc":{"Estimation du temps de lecture":"1 minute"},"schema":{"@context":"https:\/\/schema.org","@graph":[{"@type":["WebPage","FAQPage"],"@id":"https:\/\/revues.uqam.ca\/prefix\/nous-joindre\/","url":"https:\/\/revues.uqam.ca\/prefix\/nous-joindre\/","name":"Nous joindre | PR\u00c9FIX","isPartOf":{"@id":"https:\/\/revues.uqam.ca\/prefix\/#website"},"datePublished":"2023-01-16T17:09:23+00:00","dateModified":"2024-03-12T17:51:18+00:00","breadcrumb":{"@id":"https:\/\/revues.uqam.ca\/prefix\/nous-joindre\/#breadcrumb"},"inLanguage":"fr-CA","potentialAction":[{"@type":"ReadAction","target":["https:\/\/revues.uqam.ca\/prefix\/nous-joindre\/"]}]},{"@type":"BreadcrumbList","@id":"https:\/\/revues.uqam.ca\/prefix\/nous-joindre\/#breadcrumb","itemListElement":[{"@type":"ListItem","position":1,"name":"UQAM","item":"https:\/\/uqam.ca"},{"@type":"ListItem","position":2,"name":"PR\u00c9FIX","item":"https:\/\/revues.uqam.ca\/prefix"},{"@type":"ListItem","position":3,"name":"Nous joindre"}]},{"@type":"WebSite","@id":"https:\/\/revues.uqam.ca\/prefix\/#website","url":"https:\/\/revues.uqam.ca\/prefix\/","name":"PR\u00c9FIX","description":"","potentialAction":[{"@type":"SearchAction","target":{"@type":"EntryPoint","urlTemplate":"https:\/\/revues.uqam.ca\/prefix\/recherche\/?q={search_term_string}"},"query-input":"required name=search_term_string"}],"inLanguage":"fr-CA"}]}},"coauthors":[{"link":"https:\/\/revues.uqam.ca\/prefix\/author\/hildgen-bronjauqam-ca\/","display_name":"Hildgen, Bronja"}],"author_meta":{"author_link":"https:\/\/revues.uqam.ca\/prefix\/author\/giroux-alexiacourrier-uqam-ca\/","display_name":"Giroux, Alexia"},"relative_dates":{"created":"Posted 3 ann\u00e9es ago","modified":"Updated 2 ann\u00e9es ago"},"absolute_dates":{"created":"Posted on 16 janvier 2023","modified":"Updated on 12 mars 2024"},"absolute_dates_time":{"created":"Posted on 16 janvier 2023 12 h 09 min","modified":"Updated on 12 mars 2024 13 h 51 min"},"featured_img_caption":"","featured_img":false,"series_order":"","_links":{"self":[{"href":"https:\/\/revues.uqam.ca\/prefix\/wp-json\/wp\/v2\/pages\/67"}],"collection":[{"href":"https:\/\/revues.uqam.ca\/prefix\/wp-json\/wp\/v2\/pages"}],"about":[{"href":"https:\/\/revues.uqam.ca\/prefix\/wp-json\/wp\/v2\/types\/page"}],"author":[{"embeddable":true,"href":"https:\/\/revues.uqam.ca\/prefix\/wp-json\/wp\/v2\/users\/17"}],"replies":[{"embeddable":true,"href":"https:\/\/revues.uqam.ca\/prefix\/wp-json\/wp\/v2\/comments?post=67"}],"version-history":[{"count":5,"href":"https:\/\/revues.uqam.ca\/prefix\/wp-json\/wp\/v2\/pages\/67\/revisions"}],"predecessor-version":[{"id":2896,"href":"https:\/\/revues.uqam.ca\/prefix\/wp-json\/wp\/v2\/pages\/67\/revisions\/2896"}],"wp:attachment":[{"href":"https:\/\/revues.uqam.ca\/prefix\/wp-json\/wp\/v2\/media?parent=67"}],"wp:term":[{"taxonomy":"category","embeddable":true,"href":"https:\/\/revues.uqam.ca\/prefix\/wp-json\/wp\/v2\/categories?post=67"}],"curies":[{"name":"wp","href":"https:\/\/api.w.org\/{rel}","templated":true}]}}