{"id":38,"date":"2023-01-10T16:23:22","date_gmt":"2023-01-10T21:23:22","guid":{"rendered":"https:\/\/revues.dev.uqam.ca\/iref\/?page_id=38"},"modified":"2026-02-20T08:21:02","modified_gmt":"2026-02-20T13:21:02","slug":"activites","status":"publish","type":"page","link":"https:\/\/revues.uqam.ca\/prefix\/activites\/","title":{"rendered":"Activit\u00e9s"},"content":{"rendered":"\n<figure class=\"wp-block-image size-large is-resized is-style-rounded\"><img loading=\"lazy\" decoding=\"async\" width=\"1024\" height=\"275\" src=\"https:\/\/revues.uqam.ca\/prefix\/wp-content\/uploads\/sites\/4\/2024\/11\/Mise-a-jour-du-carroussel-site-web-1-1024x275.png\" alt=\"\" class=\"wp-image-4015\" style=\"width:838px;height:auto\" srcset=\"https:\/\/revues.uqam.ca\/prefix\/wp-content\/uploads\/sites\/4\/2024\/11\/Mise-a-jour-du-carroussel-site-web-1-1024x275.png 1024w, https:\/\/revues.uqam.ca\/prefix\/wp-content\/uploads\/sites\/4\/2024\/11\/Mise-a-jour-du-carroussel-site-web-1-300x81.png 300w, https:\/\/revues.uqam.ca\/prefix\/wp-content\/uploads\/sites\/4\/2024\/11\/Mise-a-jour-du-carroussel-site-web-1-768x207.png 768w, https:\/\/revues.uqam.ca\/prefix\/wp-content\/uploads\/sites\/4\/2024\/11\/Mise-a-jour-du-carroussel-site-web-1.png 1190w\" sizes=\"(max-width: 1024px) 100vw, 1024px\" \/><\/figure>\n\n\n\n<h2 class=\"wp-block-heading\">Pour vous abonner aux Communiqu\u00e9s de l&rsquo;IREF, <a href=\"https:\/\/dialoginsight.uqam.ca\/T\/WF\/14889\/Xh1Aif\/Optin\/fr-CA\/Form.ofsys?_gl=1*r2ftbn*_gcl_au*MjI3MjM0Mjg1LjE3NjExMzQxODk.*_ga*SElMREdFTl9C*_ga_MC3XNQG41Q*czE3NjE4MjU2MjYkbzI2OSRnMSR0MTc2MTgyNjkyNiRqNTkkbDAkaDA.*_ga_BL56EWQHRD*czE3NjE4MjU2MjYkbzI3MiRnMSR0MTc2MTgyNjkyNiRqNTkkbDAkaDA.\">CLIQUEZ ICI <\/a>!<\/h2>\n\n\n\n<div class=\"wp-block-advgb-accordions advgb-accordions-1866a0f6-5790-4e32-bd67-b7e8fc4bdf59 advgb-accordion-wrapper\" data-collapsed=\"true\">\n<div class=\"wp-block-advgb-accordion-item advgb-accordion-item\" style=\"margin-bottom:22px\"><div class=\"advgb-accordion-header\" style=\"background-color:#000;color:#eee;border-style:solid;border-width:9px;border-radius:18px\"><span class=\"advgb-accordion-header-icon\"><svg fill=\"#fff\" xmlns=\"http:\/\/www.w3.org\/2000\/svg\" width=\"24\" height=\"24\" viewBox=\"0 0 24 24\"><path fill=\"none\" d=\"M0,0h24v24H0V0z\"><\/path><path d=\"M6,10c-1.1,0-2,0.9-2,2s0.9,2,2,2s2-0.9,2-2S7.1,10,6,10z M18,10c-1.1,0-2,0.9-2,2s0.9,2,2,2s2-0.9,2-2S19.1,10,18,10z M12,10c-1.1,0-2,0.9-2,2s0.9,2,2,2s2-0.9,2-2S13.1,10,12,10z\"><\/path><\/svg><\/span><h4 class=\"advgb-accordion-header-title\" style=\"color:inherit\"><strong>Archives des communiqu\u00e9s de l&rsquo;IREF<\/strong><\/h4><\/div><div class=\"advgb-accordion-body\" style=\"border-style:solid !important;border-width:9px !important;border-color:undefined !important;border-top:none !important;border-radius:18px !important\">\n<ul>\n<li><a href=\"https:\/\/dialoginsight.uqam.ca\/T\/OFSYS\/WA\/390\/2\/Full\/749237\/YGe3qg\/762799.html\">30 janvier 2026<\/a><\/li>\n\n\n\n<li><a href=\"https:\/\/dialoginsight.uqam.ca\/T\/OFSYS\/WA\/390\/2\/Full\/749017\/MgP5A9\/762577.html\">18 d\u00e9cembre 2025<\/a><\/li>\n\n\n\n<li><a href=\"https:\/\/dialoginsight.uqam.ca\/T\/OFSYS\/WA\/390\/2\/Full\/748821\/7PUeCQ\/762377.html\">9 d\u00e9cembre 2025<\/a><\/li>\n\n\n\n<li><a href=\"https:\/\/dialoginsight.uqam.ca\/T\/OFSYS\/WA\/390\/2\/Full\/748588\/YnPq1X\/762142.html\">13 novembre 2025<\/a><\/li>\n\n\n\n<li><a href=\"https:\/\/dialoginsight.uqam.ca\/T\/OFSYS\/WA\/390\/2\/Full\/748155\/lxs8Gk\/761706.html\">27 octobre 2025 <\/a><\/li>\n\n\n\n<li><a href=\"https:\/\/dialoginsight.uqam.ca\/T\/OFSYS\/WA\/390\/2\/Full\/747772\/t76hHF\/761306.html\">25 septembre 2025<\/a><\/li>\n\n\n\n<li><a href=\"https:\/\/dialoginsight.uqam.ca\/T\/OFSYS\/WA\/390\/2\/Full\/747617\/YshjWF\/761151.html\">5 septembre 2025<\/a><\/li>\n\n\n\n<li><a href=\"https:\/\/dialoginsight.uqam.ca\/T\/OFSYS\/WA\/390\/2\/Full\/746962\/SV7Fjr\/760489.html\">13 mai 2025<\/a><\/li>\n\n\n\n<li><a href=\"https:\/\/dialoginsight.uqam.ca\/T\/OFSYS\/WA\/390\/2\/Full\/746735\/J4LAS9\/760261.html\">29 avril 2025<\/a><\/li>\n\n\n\n<li><a href=\"https:\/\/dialoginsight.uqam.ca\/T\/OFSYS\/WA\/390\/2\/Full\/746458\/bdTUxp\/759984.html\">2 avril 2025<\/a><\/li>\n\n\n\n<li><a href=\"https:\/\/dialoginsight.uqam.ca\/T\/OFSYS\/WA\/390\/2\/Full\/745580\/PZ3oKP\/759104.html\">11 mars 2025<\/a><\/li>\n\n\n\n<li><a href=\"https:\/\/dialoginsight.uqam.ca\/T\/OFSYS\/WA\/390\/2\/Full\/745902\/Boe2Ra\/759426.html\">24 f\u00e9vrier 2025<\/a><\/li>\n\n\n\n<li><a href=\"https:\/\/dialoginsight.uqam.ca\/T\/OFSYS\/WA\/390\/2\/Full\/745576\/3F0BTS\/759100.html\">4 f\u00e9vrier 2025<\/a><\/li>\n\n\n\n<li><a href=\"https:\/\/dialoginsight.uqam.ca\/T\/OFSYS\/WA\/390\/2\/Full\/745050\/051aVW\/758574.html\">13 janvier 2025<\/a><\/li>\n\n\n\n<li><a href=\"http:\/\/dialoginsight.uqam.ca\/T\/OFSYS\/WA\/390\/2\/Full\/744734\/1oNCk7\/758258.html\">5 novembre 2024<\/a><\/li>\n\n\n\n<li><a href=\"http:\/\/dialoginsight.uqam.ca\/T\/OFSYS\/WA\/390\/2\/Full\/744297\/7GCKS6\/757821.html\">25 septembre 2024<\/a><\/li>\n\n\n\n<li><a href=\"http:\/\/dialoginsight.uqam.ca\/T\/OFSYS\/WA\/390\/2\/Full\/744000\/GTG51H\/757524.html\">11 septembre 2024<\/a><\/li>\n<\/ul>\n<\/div><\/div>\n<\/div>\n\n\n\n<p><\/p>\n\n\n\n<figure class=\"wp-block-image size-large is-style-rounded\"><a href=\"https:\/\/uqam-ca.libcal.com\/calendar\/iref\/?cid=8143&amp;t=d&amp;d=0000-00-00&amp;cal=8143&amp;inc=0\"><img loading=\"lazy\" decoding=\"async\" width=\"1024\" height=\"275\" src=\"https:\/\/revues.uqam.ca\/prefix\/wp-content\/uploads\/sites\/4\/2024\/11\/Mise-a-jour-du-carroussel-site-web--1024x275.png\" alt=\"\" class=\"wp-image-4014\" srcset=\"https:\/\/revues.uqam.ca\/prefix\/wp-content\/uploads\/sites\/4\/2024\/11\/Mise-a-jour-du-carroussel-site-web--1024x275.png 1024w, https:\/\/revues.uqam.ca\/prefix\/wp-content\/uploads\/sites\/4\/2024\/11\/Mise-a-jour-du-carroussel-site-web--300x81.png 300w, https:\/\/revues.uqam.ca\/prefix\/wp-content\/uploads\/sites\/4\/2024\/11\/Mise-a-jour-du-carroussel-site-web--768x207.png 768w, https:\/\/revues.uqam.ca\/prefix\/wp-content\/uploads\/sites\/4\/2024\/11\/Mise-a-jour-du-carroussel-site-web-.png 1190w\" sizes=\"(max-width: 1024px) 100vw, 1024px\" \/><\/a><\/figure>\n\n\n\n<p>Pour connaitre les activit\u00e9s de l&rsquo;IREF \u00e0 venir, cliquez sur cette image ou consultez le tableau ci-dessous: <\/p>\n\n\n\n\n\n<p><\/p>\n","protected":false},"excerpt":{"rendered":"<p>Pour vous abonner aux Communiqu\u00e9s de l&rsquo;IREF, CLIQUEZ ICI ! Pour connaitre les activit\u00e9s de l&rsquo;IREF \u00e0 venir, cliquez sur cette image ou consultez le tableau ci-dessous:<\/p>\n","protected":false},"author":16,"featured_media":0,"parent":0,"menu_order":7,"comment_status":"closed","ping_status":"closed","template":"","meta":{"_acf_changed":false,"advgb_blocks_editor_width":"","advgb_blocks_columns_visual_guide":"","footnotes":""},"categories":[],"acf":[],"yoast_head":"<!-- This site is optimized with the Yoast SEO plugin v22.1 - https:\/\/yoast.com\/wordpress\/plugins\/seo\/ -->\n<title>Activit\u00e9s | PR\u00c9FIX<\/title>\n<meta name=\"robots\" content=\"index, follow, max-snippet:-1, max-image-preview:large, max-video-preview:-1\" \/>\n<link rel=\"canonical\" href=\"https:\/\/revues.uqam.ca\/prefix\/activites\/\" \/>\n<meta property=\"og:locale\" content=\"fr_CA\" \/>\n<meta property=\"og:type\" content=\"article\" \/>\n<meta property=\"og:title\" content=\"Activit\u00e9s | PR\u00c9FIX\" \/>\n<meta property=\"og:description\" content=\"Pour vous abonner aux Communiqu\u00e9s de l&rsquo;IREF, CLIQUEZ ICI ! Pour connaitre les activit\u00e9s de l&rsquo;IREF \u00e0 venir, cliquez sur cette image ou consultez le tableau ci-dessous:\" \/>\n<meta property=\"og:url\" content=\"https:\/\/revues.uqam.ca\/prefix\/activites\/\" \/>\n<meta property=\"og:site_name\" content=\"PR\u00c9FIX\" \/>\n<meta property=\"article:modified_time\" content=\"2026-02-20T13:21:02+00:00\" \/>\n<meta property=\"og:image\" content=\"https:\/\/revues.uqam.ca\/prefix\/wp-content\/uploads\/sites\/4\/2024\/11\/Mise-a-jour-du-carroussel-site-web-1-1024x275.png\" \/>\n<meta name=\"twitter:card\" content=\"summary_large_image\" \/>\n<meta name=\"twitter:label1\" content=\"Estimation du temps de lecture\" \/>\n\t<meta name=\"twitter:data1\" content=\"1 minute\" \/>\n<script type=\"application\/ld+json\" class=\"yoast-schema-graph\">{\"@context\":\"https:\/\/schema.org\",\"@graph\":[{\"@type\":\"WebPage\",\"@id\":\"https:\/\/revues.uqam.ca\/prefix\/activites\/\",\"url\":\"https:\/\/revues.uqam.ca\/prefix\/activites\/\",\"name\":\"Activit\u00e9s | PR\u00c9FIX\",\"isPartOf\":{\"@id\":\"https:\/\/revues.uqam.ca\/prefix\/#website\"},\"datePublished\":\"2023-01-10T21:23:22+00:00\",\"dateModified\":\"2026-02-20T13:21:02+00:00\",\"breadcrumb\":{\"@id\":\"https:\/\/revues.uqam.ca\/prefix\/activites\/#breadcrumb\"},\"inLanguage\":\"fr-CA\",\"potentialAction\":[{\"@type\":\"ReadAction\",\"target\":[\"https:\/\/revues.uqam.ca\/prefix\/activites\/\"]}]},{\"@type\":\"BreadcrumbList\",\"@id\":\"https:\/\/revues.uqam.ca\/prefix\/activites\/#breadcrumb\",\"itemListElement\":[{\"@type\":\"ListItem\",\"position\":1,\"name\":\"UQAM\",\"item\":\"https:\/\/uqam.ca\"},{\"@type\":\"ListItem\",\"position\":2,\"name\":\"PR\u00c9FIX\",\"item\":\"https:\/\/revues.uqam.ca\/prefix\"},{\"@type\":\"ListItem\",\"position\":3,\"name\":\"Activit\u00e9s\"}]},{\"@type\":\"WebSite\",\"@id\":\"https:\/\/revues.uqam.ca\/prefix\/#website\",\"url\":\"https:\/\/revues.uqam.ca\/prefix\/\",\"name\":\"PR\u00c9FIX\",\"description\":\"\",\"potentialAction\":[{\"@type\":\"SearchAction\",\"target\":{\"@type\":\"EntryPoint\",\"urlTemplate\":\"https:\/\/revues.uqam.ca\/prefix\/recherche\/?q={search_term_string}\"},\"query-input\":\"required name=search_term_string\"}],\"inLanguage\":\"fr-CA\"}]}<\/script>\n<!-- \/ Yoast SEO plugin. -->","yoast_head_json":{"title":"Activit\u00e9s | PR\u00c9FIX","robots":{"index":"index","follow":"follow","max-snippet":"max-snippet:-1","max-image-preview":"max-image-preview:large","max-video-preview":"max-video-preview:-1"},"canonical":"https:\/\/revues.uqam.ca\/prefix\/activites\/","og_locale":"fr_CA","og_type":"article","og_title":"Activit\u00e9s | PR\u00c9FIX","og_description":"Pour vous abonner aux Communiqu\u00e9s de l&rsquo;IREF, CLIQUEZ ICI ! Pour connaitre les activit\u00e9s de l&rsquo;IREF \u00e0 venir, cliquez sur cette image ou consultez le tableau ci-dessous:","og_url":"https:\/\/revues.uqam.ca\/prefix\/activites\/","og_site_name":"PR\u00c9FIX","article_modified_time":"2026-02-20T13:21:02+00:00","og_image":[{"url":"https:\/\/revues.uqam.ca\/prefix\/wp-content\/uploads\/sites\/4\/2024\/11\/Mise-a-jour-du-carroussel-site-web-1-1024x275.png"}],"twitter_card":"summary_large_image","twitter_misc":{"Estimation du temps de lecture":"1 minute"},"schema":{"@context":"https:\/\/schema.org","@graph":[{"@type":"WebPage","@id":"https:\/\/revues.uqam.ca\/prefix\/activites\/","url":"https:\/\/revues.uqam.ca\/prefix\/activites\/","name":"Activit\u00e9s | PR\u00c9FIX","isPartOf":{"@id":"https:\/\/revues.uqam.ca\/prefix\/#website"},"datePublished":"2023-01-10T21:23:22+00:00","dateModified":"2026-02-20T13:21:02+00:00","breadcrumb":{"@id":"https:\/\/revues.uqam.ca\/prefix\/activites\/#breadcrumb"},"inLanguage":"fr-CA","potentialAction":[{"@type":"ReadAction","target":["https:\/\/revues.uqam.ca\/prefix\/activites\/"]}]},{"@type":"BreadcrumbList","@id":"https:\/\/revues.uqam.ca\/prefix\/activites\/#breadcrumb","itemListElement":[{"@type":"ListItem","position":1,"name":"UQAM","item":"https:\/\/uqam.ca"},{"@type":"ListItem","position":2,"name":"PR\u00c9FIX","item":"https:\/\/revues.uqam.ca\/prefix"},{"@type":"ListItem","position":3,"name":"Activit\u00e9s"}]},{"@type":"WebSite","@id":"https:\/\/revues.uqam.ca\/prefix\/#website","url":"https:\/\/revues.uqam.ca\/prefix\/","name":"PR\u00c9FIX","description":"","potentialAction":[{"@type":"SearchAction","target":{"@type":"EntryPoint","urlTemplate":"https:\/\/revues.uqam.ca\/prefix\/recherche\/?q={search_term_string}"},"query-input":"required name=search_term_string"}],"inLanguage":"fr-CA"}]}},"coauthors":[{"link":"https:\/\/revues.uqam.ca\/prefix\/author\/hildgen-bronjauqam-ca\/","display_name":"Hildgen, Bronja"}],"author_meta":{"author_link":"https:\/\/revues.uqam.ca\/prefix\/author\/hildgen-bronjauqam-ca\/","display_name":"Hildgen, Bronja"},"relative_dates":{"created":"Posted 3 ann\u00e9es ago","modified":"Updated 1 mois ago"},"absolute_dates":{"created":"Posted on 10 janvier 2023","modified":"Updated on 20 f\u00e9vrier 2026"},"absolute_dates_time":{"created":"Posted on 10 janvier 2023 16 h 23 min","modified":"Updated on 20 f\u00e9vrier 2026 8 h 21 min"},"featured_img_caption":"","featured_img":false,"series_order":"","_links":{"self":[{"href":"https:\/\/revues.uqam.ca\/prefix\/wp-json\/wp\/v2\/pages\/38"}],"collection":[{"href":"https:\/\/revues.uqam.ca\/prefix\/wp-json\/wp\/v2\/pages"}],"about":[{"href":"https:\/\/revues.uqam.ca\/prefix\/wp-json\/wp\/v2\/types\/page"}],"author":[{"embeddable":true,"href":"https:\/\/revues.uqam.ca\/prefix\/wp-json\/wp\/v2\/users\/16"}],"replies":[{"embeddable":true,"href":"https:\/\/revues.uqam.ca\/prefix\/wp-json\/wp\/v2\/comments?post=38"}],"version-history":[{"count":34,"href":"https:\/\/revues.uqam.ca\/prefix\/wp-json\/wp\/v2\/pages\/38\/revisions"}],"predecessor-version":[{"id":6227,"href":"https:\/\/revues.uqam.ca\/prefix\/wp-json\/wp\/v2\/pages\/38\/revisions\/6227"}],"wp:attachment":[{"href":"https:\/\/revues.uqam.ca\/prefix\/wp-json\/wp\/v2\/media?parent=38"}],"wp:term":[{"taxonomy":"category","embeddable":true,"href":"https:\/\/revues.uqam.ca\/prefix\/wp-json\/wp\/v2\/categories?post=38"}],"curies":[{"name":"wp","href":"https:\/\/api.w.org\/{rel}","templated":true}]}}