{"id":15,"date":"2023-01-09T12:04:37","date_gmt":"2023-01-09T17:04:37","guid":{"rendered":"https:\/\/revues.dev.uqam.ca\/iref\/?page_id=15"},"modified":"2025-09-10T11:00:54","modified_gmt":"2025-09-10T15:00:54","slug":"politique-editoriale","status":"publish","type":"page","link":"https:\/\/revues.uqam.ca\/prefix\/a-propos\/politique-editoriale\/","title":{"rendered":"Protocoles\/Politiques \u00e9ditoriales"},"content":{"rendered":"\n<p><\/p>\n\n\n\n<h2 class=\"wp-block-heading\">Protocoles de r\u00e9daction<\/h2>\n\n\n\n<p><a href=\"https:\/\/revues.uqam.ca\/prefix\/wp-content\/uploads\/sites\/4\/2023\/11\/Protocle-de-redaction.docx\" target=\"_blank\" rel=\"noreferrer noopener\"><\/a><a href=\"https:\/\/revues.uqam.ca\/prefix\/wp-content\/uploads\/sites\/4\/2025\/09\/Protocole_redaction_PrefiX.pdf\" target=\"_blank\" rel=\"noreferrer noopener\">T\u00e9l\u00e9chargez le protocole de r\u00e9daction pour la <em>revue Pr\u00e9fiX<\/em><\/a><\/p>\n\n\n\n<p><a href=\"https:\/\/revues.uqam.ca\/prefix\/wp-content\/uploads\/sites\/4\/2024\/02\/protocole_Feminisphere.pdf\" target=\"_blank\" rel=\"noreferrer noopener\">T\u00e9l\u00e9chargez le protocole de r\u00e9daction pour la rubrique <em>F\u00e9minisph\u00e8re<\/em><\/a><\/p>\n\n\n\n<h2 class=\"wp-block-heading\">Revue Pr\u00e9fiX<\/h2>\n\n\n\n<p>Les contributeurices acceptent que leurs travaux soient diffus\u00e9s sur la plateforme Pr\u00e9fiX selon la licence <em>Creative Commons<\/em> suivante : Attribution \u2013 Pas d\u2019Utilisation Commerciale \u2013 Pas de Modification <a href=\"https:\/\/creativecommons.org\/licenses\/?lang=fr\">CC BY-NC-ND<\/a>.<\/p>\n\n\n\n<p><em><strong>Droits d\u2019auteurs et propri\u00e9t\u00e9 intellectuelle<\/strong><\/em><\/p>\n\n\n\n<p>Les contributeurices conservent la propri\u00e9t\u00e9 intellectuelle de leurs articles. Les contributeurices c\u00e8dent \u00e0 la revue Pr\u00e9fiX une licence de premi\u00e8re publication sur leur article et autorisent l\u2019IREF \u00e0 agir comme \u00e9diteur original habilet\u00e9 \u00e0 poser toutes les actions n\u00e9cessaires pour valoriser le contenu accept\u00e9 pour publication et en faciliter l\u2019exploitation \u00e0 des fins de recherche et d\u2019enseignement.<\/p>\n\n\n\n<p><em><strong>Premi\u00e8re publication et archivage<\/strong><\/em><\/p>\n\n\n\n<p>Pr\u00e9fiX n\u2019accepte que des manuscrits dont les contenus sont originaux, c\u2019est-\u00e0-dire que la soumission n\u2019a pas d\u00e9j\u00e0 \u00e9t\u00e9 publi\u00e9e et n\u2019est pas actuellement consid\u00e9r\u00e9e par une autre revue. Si ce n\u2019est pas le cas, veuillez s&rsquo;il vous pla\u00eet fournir une explication \u00e0 l\u2019\u00e9quipe \u00e9ditoriale [<a href=\"mailto:iref@uqam.ca\" target=\"_blank\" rel=\"noreferrer noopener\">iref@uqam.ca<\/a>].<\/p>\n\n\n\n<p>Un manuscrit qui a \u00e9t\u00e9 vers\u00e9 dans une plateforme de pr\u00e9publications (archive ouverte) ne perd pas son caract\u00e8re original et peut \u00eatre soumis \u00e0 la revue pour publication.<\/p>\n\n\n\n<p><em><strong>Plagiat<\/strong><\/em><\/p>\n\n\n\n<p>Les contributeurices s\u2019engagent \u00e0 suivre une \u00e9thique de publication anti-plagiat. Aussi, iels doivent d\u00e9clarer tous les \u00e9l\u00e9ments qui sont fortement issus de travaux d\u00e9j\u00e0 publi\u00e9s qu\u2019iels-m\u00eames ou un\u00b7e tierce personne auraient d\u00e9j\u00e0 publi\u00e9s. Le<strong>\u00b7<\/strong>a responsable du num\u00e9ro ou le comit\u00e9 scientifique se r\u00e9serve le droit de refuser la publication pour des motifs de plagiat.<\/p>\n\n\n\n<p><em><strong>Modification \u00e0 la contribution<\/strong><\/em><\/p>\n\n\n\n<p>Les contributeurices autorisent la modification de leur contribution pour permettre, entre autres, la conformit\u00e9 de la mise en page aux normes de la revue, les corrections orthographiques, de grammaire et de syntaxe ainsi que pour r\u00e9pondre aux exigences techniques de toute plateforme de diffusion \u2014 y compris cette plateforme num\u00e9rique de diffusion.<\/p>\n\n\n\n<p><em><strong>Licence et libre acc\u00e8s<\/strong><\/em><\/p>\n\n\n\n<p>Les contributeurices acceptent que la revue Pr\u00e9fiX applique la licence <em>Creative Commons<\/em> suivante : Attribution \u2013 Pas d\u2019Utilisation Commerciale \u2013 Pas de Modification <a href=\"https:\/\/creativecommons.org\/licenses\/?lang=fr\">CC BY-NC-ND<\/a>.<\/p>\n\n\n\n<h2 class=\"wp-block-heading\">Entente de publication<\/h2>\n\n\n\n<p>Les contributeurices signent une entente de publication pour accorder la licence pr\u00e9c\u00e9demment mentionn\u00e9e.<\/p>\n\n\n\n<p>Vous avez une contribution dans un num\u00e9ro de la revue<em> Pr\u00e9fiX<\/em> ou de sa rubrique <em>MultimiX<\/em>? <\/p>\n\n\n\n<p><\/p>\n\n\n\n<h2 class=\"wp-block-heading\">\u00c9valuation par les pairs<\/h2>\n\n\n\n<p>L\u2019IREF veille \u00e0 la qualit\u00e9 des contenus publi\u00e9s sur sa plateforme en collaborant avec des chercheureuses, des personnes \u00e9tudiantes et des partenaires reconnus dans leur communaut\u00e9 notamment par leur parcours acad\u00e9mique, professionnel ou exp\u00e9rientiel. Le processus de r\u00e9vision peut \u00eatre ouvert et collaboratif, c\u2019est-\u00e0-dire que les identit\u00e9s des contributeurices et des \u00e9valuateurices sont connues et que les \u00e9valuateurices peuvent travailler ensemble ou avec les contributeurices dans la r\u00e9vision du manuscrit. Toutes les personnes membres composant le comit\u00e9 \u00e9ditorial doivent donc d\u00e9clarer tout conflit d\u2019int\u00e9r\u00eat avec le projet de publication en cours d\u2019\u00e9tude afin que les travaux du comit\u00e9 n\u2019en soient pas affect\u00e9s. Les personnes membres disposent de lignes directrices pour valider la qualit\u00e9 des contenus qu\u2019elles examineront. Le comit\u00e9 scientifique veille \u00e0 l\u2019int\u00e9grit\u00e9 de la conduite du processus de r\u00e9vision et agit \u00e0 titre de personne-ressource. La direction de publication peut donc se tourner vers le comit\u00e9 scientifique pour recevoir des conseils.&nbsp;<\/p>\n\n\n\n<h2 class=\"wp-block-heading\">Conflit d\u2019int\u00e9r\u00eats<\/h2>\n\n\n\n<p>Toute personne impliqu\u00e9e dans l\u2019\u00e9valuation d\u2019un article et se trouvant en conflit d\u2019int\u00e9r\u00eats doit le d\u00e9clarer au comit\u00e9 scientifique.<\/p>\n\n\n\n<h2 class=\"wp-block-heading\">Gestion des plaintes<\/h2>\n\n\n\n<p>Lorsqu\u2019un litige survient lors d\u2019une \u00e9valuation par les pairs, c\u2019est le comit\u00e9 scientifique qui intervient.<\/p>\n","protected":false},"excerpt":{"rendered":"<p>Protocoles de r\u00e9daction T\u00e9l\u00e9chargez le protocole de r\u00e9daction pour la revue Pr\u00e9fiX T\u00e9l\u00e9chargez le protocole de r\u00e9daction pour la rubrique F\u00e9minisph\u00e8re Revue Pr\u00e9fiX Les contributeurices acceptent que leurs travaux soient diffus\u00e9s sur la plateforme Pr\u00e9fiX selon la licence Creative Commons suivante : Attribution \u2013 Pas d\u2019Utilisation Commerciale \u2013 Pas de Modification CC BY-NC-ND. Droits d\u2019auteurs [&hellip;]<\/p>\n","protected":false},"author":17,"featured_media":0,"parent":18,"menu_order":2,"comment_status":"closed","ping_status":"closed","template":"","meta":{"_acf_changed":false,"advgb_blocks_editor_width":"","advgb_blocks_columns_visual_guide":"","footnotes":""},"categories":[],"class_list":["post-15","page","type-page","status-publish","hentry"],"acf":[],"yoast_head":"<!-- This site is optimized with the Yoast SEO plugin v22.1 - https:\/\/yoast.com\/wordpress\/plugins\/seo\/ -->\n<title>Protocoles\/Politiques \u00e9ditoriales | PR\u00c9FIX<\/title>\n<meta name=\"robots\" content=\"index, follow, max-snippet:-1, max-image-preview:large, max-video-preview:-1\" \/>\n<link rel=\"canonical\" href=\"https:\/\/revues.uqam.ca\/prefix\/a-propos\/politique-editoriale\/\" \/>\n<meta property=\"og:locale\" content=\"fr_CA\" \/>\n<meta property=\"og:type\" content=\"article\" \/>\n<meta property=\"og:title\" content=\"Protocoles\/Politiques \u00e9ditoriales | PR\u00c9FIX\" \/>\n<meta property=\"og:description\" content=\"Protocoles de r\u00e9daction T\u00e9l\u00e9chargez le protocole de r\u00e9daction pour la revue Pr\u00e9fiX T\u00e9l\u00e9chargez le protocole de r\u00e9daction pour la rubrique F\u00e9minisph\u00e8re Revue Pr\u00e9fiX Les contributeurices acceptent que leurs travaux soient diffus\u00e9s sur la plateforme Pr\u00e9fiX selon la licence Creative Commons suivante : Attribution \u2013 Pas d\u2019Utilisation Commerciale \u2013 Pas de Modification CC BY-NC-ND. Droits d\u2019auteurs [&hellip;]\" \/>\n<meta property=\"og:url\" content=\"https:\/\/revues.uqam.ca\/prefix\/a-propos\/politique-editoriale\/\" \/>\n<meta property=\"og:site_name\" content=\"PR\u00c9FIX\" \/>\n<meta property=\"article:modified_time\" content=\"2025-09-10T15:00:54+00:00\" \/>\n<meta name=\"twitter:card\" content=\"summary_large_image\" \/>\n<meta name=\"twitter:label1\" content=\"Estimation du temps de lecture\" \/>\n\t<meta name=\"twitter:data1\" content=\"3 minutes\" \/>\n<script type=\"application\/ld+json\" class=\"yoast-schema-graph\">{\"@context\":\"https:\/\/schema.org\",\"@graph\":[{\"@type\":\"WebPage\",\"@id\":\"https:\/\/revues.uqam.ca\/prefix\/a-propos\/politique-editoriale\/\",\"url\":\"https:\/\/revues.uqam.ca\/prefix\/a-propos\/politique-editoriale\/\",\"name\":\"Protocoles\/Politiques \u00e9ditoriales | PR\u00c9FIX\",\"isPartOf\":{\"@id\":\"https:\/\/revues.uqam.ca\/prefix\/#website\"},\"datePublished\":\"2023-01-09T17:04:37+00:00\",\"dateModified\":\"2025-09-10T15:00:54+00:00\",\"breadcrumb\":{\"@id\":\"https:\/\/revues.uqam.ca\/prefix\/a-propos\/politique-editoriale\/#breadcrumb\"},\"inLanguage\":\"fr-CA\",\"potentialAction\":[{\"@type\":\"ReadAction\",\"target\":[\"https:\/\/revues.uqam.ca\/prefix\/a-propos\/politique-editoriale\/\"]}]},{\"@type\":\"BreadcrumbList\",\"@id\":\"https:\/\/revues.uqam.ca\/prefix\/a-propos\/politique-editoriale\/#breadcrumb\",\"itemListElement\":[{\"@type\":\"ListItem\",\"position\":1,\"name\":\"UQAM\",\"item\":\"https:\/\/uqam.ca\"},{\"@type\":\"ListItem\",\"position\":2,\"name\":\"PR\u00c9FIX\",\"item\":\"https:\/\/revues.uqam.ca\/prefix\"},{\"@type\":\"ListItem\",\"position\":3,\"name\":\"\u00c0 propos\",\"item\":\"https:\/\/revues.uqam.ca\/prefix\/a-propos\/\"},{\"@type\":\"ListItem\",\"position\":4,\"name\":\"Protocoles\/Politiques \u00e9ditoriales\"}]},{\"@type\":\"WebSite\",\"@id\":\"https:\/\/revues.uqam.ca\/prefix\/#website\",\"url\":\"https:\/\/revues.uqam.ca\/prefix\/\",\"name\":\"PR\u00c9FIX\",\"description\":\"\",\"potentialAction\":[{\"@type\":\"SearchAction\",\"target\":{\"@type\":\"EntryPoint\",\"urlTemplate\":\"https:\/\/revues.uqam.ca\/prefix\/recherche\/?q={search_term_string}\"},\"query-input\":\"required name=search_term_string\"}],\"inLanguage\":\"fr-CA\"}]}<\/script>\n<!-- \/ Yoast SEO plugin. -->","yoast_head_json":{"title":"Protocoles\/Politiques \u00e9ditoriales | PR\u00c9FIX","robots":{"index":"index","follow":"follow","max-snippet":"max-snippet:-1","max-image-preview":"max-image-preview:large","max-video-preview":"max-video-preview:-1"},"canonical":"https:\/\/revues.uqam.ca\/prefix\/a-propos\/politique-editoriale\/","og_locale":"fr_CA","og_type":"article","og_title":"Protocoles\/Politiques \u00e9ditoriales | PR\u00c9FIX","og_description":"Protocoles de r\u00e9daction T\u00e9l\u00e9chargez le protocole de r\u00e9daction pour la revue Pr\u00e9fiX T\u00e9l\u00e9chargez le protocole de r\u00e9daction pour la rubrique F\u00e9minisph\u00e8re Revue Pr\u00e9fiX Les contributeurices acceptent que leurs travaux soient diffus\u00e9s sur la plateforme Pr\u00e9fiX selon la licence Creative Commons suivante : Attribution \u2013 Pas d\u2019Utilisation Commerciale \u2013 Pas de Modification CC BY-NC-ND. Droits d\u2019auteurs [&hellip;]","og_url":"https:\/\/revues.uqam.ca\/prefix\/a-propos\/politique-editoriale\/","og_site_name":"PR\u00c9FIX","article_modified_time":"2025-09-10T15:00:54+00:00","twitter_card":"summary_large_image","twitter_misc":{"Estimation du temps de lecture":"3 minutes"},"schema":{"@context":"https:\/\/schema.org","@graph":[{"@type":"WebPage","@id":"https:\/\/revues.uqam.ca\/prefix\/a-propos\/politique-editoriale\/","url":"https:\/\/revues.uqam.ca\/prefix\/a-propos\/politique-editoriale\/","name":"Protocoles\/Politiques \u00e9ditoriales | PR\u00c9FIX","isPartOf":{"@id":"https:\/\/revues.uqam.ca\/prefix\/#website"},"datePublished":"2023-01-09T17:04:37+00:00","dateModified":"2025-09-10T15:00:54+00:00","breadcrumb":{"@id":"https:\/\/revues.uqam.ca\/prefix\/a-propos\/politique-editoriale\/#breadcrumb"},"inLanguage":"fr-CA","potentialAction":[{"@type":"ReadAction","target":["https:\/\/revues.uqam.ca\/prefix\/a-propos\/politique-editoriale\/"]}]},{"@type":"BreadcrumbList","@id":"https:\/\/revues.uqam.ca\/prefix\/a-propos\/politique-editoriale\/#breadcrumb","itemListElement":[{"@type":"ListItem","position":1,"name":"UQAM","item":"https:\/\/uqam.ca"},{"@type":"ListItem","position":2,"name":"PR\u00c9FIX","item":"https:\/\/revues.uqam.ca\/prefix"},{"@type":"ListItem","position":3,"name":"\u00c0 propos","item":"https:\/\/revues.uqam.ca\/prefix\/a-propos\/"},{"@type":"ListItem","position":4,"name":"Protocoles\/Politiques \u00e9ditoriales"}]},{"@type":"WebSite","@id":"https:\/\/revues.uqam.ca\/prefix\/#website","url":"https:\/\/revues.uqam.ca\/prefix\/","name":"PR\u00c9FIX","description":"","potentialAction":[{"@type":"SearchAction","target":{"@type":"EntryPoint","urlTemplate":"https:\/\/revues.uqam.ca\/prefix\/recherche\/?q={search_term_string}"},"query-input":"required name=search_term_string"}],"inLanguage":"fr-CA"}]}},"coauthors":[],"author_meta":{"author_link":"https:\/\/revues.uqam.ca\/prefix\/author\/giroux-alexiacourrier-uqam-ca\/","display_name":"Giroux, Alexia"},"relative_dates":{"created":"Posted 3 ann\u00e9es ago","modified":"Updated 8 mois ago"},"absolute_dates":{"created":"Posted on 9 janvier 2023","modified":"Updated on 10 septembre 2025"},"absolute_dates_time":{"created":"Posted on 9 janvier 2023 12 h 04 min","modified":"Updated on 10 septembre 2025 11 h 00 min"},"featured_img_caption":"","featured_img":false,"series_order":"","_links":{"self":[{"href":"https:\/\/revues.uqam.ca\/prefix\/wp-json\/wp\/v2\/pages\/15","targetHints":{"allow":["GET"]}}],"collection":[{"href":"https:\/\/revues.uqam.ca\/prefix\/wp-json\/wp\/v2\/pages"}],"about":[{"href":"https:\/\/revues.uqam.ca\/prefix\/wp-json\/wp\/v2\/types\/page"}],"author":[{"embeddable":true,"href":"https:\/\/revues.uqam.ca\/prefix\/wp-json\/wp\/v2\/users\/17"}],"replies":[{"embeddable":true,"href":"https:\/\/revues.uqam.ca\/prefix\/wp-json\/wp\/v2\/comments?post=15"}],"version-history":[{"count":33,"href":"https:\/\/revues.uqam.ca\/prefix\/wp-json\/wp\/v2\/pages\/15\/revisions"}],"predecessor-version":[{"id":5295,"href":"https:\/\/revues.uqam.ca\/prefix\/wp-json\/wp\/v2\/pages\/15\/revisions\/5295"}],"up":[{"embeddable":true,"href":"https:\/\/revues.uqam.ca\/prefix\/wp-json\/wp\/v2\/pages\/18"}],"wp:attachment":[{"href":"https:\/\/revues.uqam.ca\/prefix\/wp-json\/wp\/v2\/media?parent=15"}],"wp:term":[{"taxonomy":"category","embeddable":true,"href":"https:\/\/revues.uqam.ca\/prefix\/wp-json\/wp\/v2\/categories?post=15"}],"curies":[{"name":"wp","href":"https:\/\/api.w.org\/{rel}","templated":true}]}}