{"id":140,"date":"2023-01-17T15:42:08","date_gmt":"2023-01-17T20:42:08","guid":{"rendered":"https:\/\/revues.dev.uqam.ca\/iref\/?page_id=140"},"modified":"2023-09-06T17:00:54","modified_gmt":"2023-09-06T21:00:54","slug":"avis-de-confidentialite","status":"publish","type":"page","link":"https:\/\/revues.uqam.ca\/prefix\/avis-de-confidentialite\/","title":{"rendered":"Avis de confidentialit\u00e9"},"content":{"rendered":"\n<p>Les noms et courriels saisis dans le site de cette revue seront utilis\u00e9s exclusivement aux fins indiqu\u00e9es par cette revue et ne serviront \u00e0 aucune autre fin, ni \u00e0 toute autre partie.<\/p>\n","protected":false},"excerpt":{"rendered":"<p>Les noms et courriels saisis dans le site de cette revue seront utilis\u00e9s exclusivement aux fins indiqu\u00e9es par cette revue et ne serviront \u00e0 aucune autre fin, ni \u00e0 toute autre partie.<\/p>\n","protected":false},"author":17,"featured_media":0,"parent":0,"menu_order":8,"comment_status":"closed","ping_status":"closed","template":"","meta":{"_acf_changed":false,"advgb_blocks_editor_width":"","advgb_blocks_columns_visual_guide":"","footnotes":""},"categories":[],"class_list":["post-140","page","type-page","status-publish","hentry"],"acf":[],"yoast_head":"<!-- This site is optimized with the Yoast SEO plugin v22.1 - https:\/\/yoast.com\/wordpress\/plugins\/seo\/ -->\n<title>Avis de confidentialit\u00e9 | PR\u00c9FIX<\/title>\n<meta name=\"robots\" content=\"index, follow, max-snippet:-1, max-image-preview:large, max-video-preview:-1\" \/>\n<link rel=\"canonical\" href=\"https:\/\/revues.uqam.ca\/prefix\/avis-de-confidentialite\/\" \/>\n<meta property=\"og:locale\" content=\"fr_CA\" \/>\n<meta property=\"og:type\" content=\"article\" \/>\n<meta property=\"og:title\" content=\"Avis de confidentialit\u00e9 | PR\u00c9FIX\" \/>\n<meta property=\"og:description\" content=\"Les noms et courriels saisis dans le site de cette revue seront utilis\u00e9s exclusivement aux fins indiqu\u00e9es par cette revue et ne serviront \u00e0 aucune autre fin, ni \u00e0 toute autre partie.\" \/>\n<meta property=\"og:url\" content=\"https:\/\/revues.uqam.ca\/prefix\/avis-de-confidentialite\/\" \/>\n<meta property=\"og:site_name\" content=\"PR\u00c9FIX\" \/>\n<meta property=\"article:modified_time\" content=\"2023-09-06T21:00:54+00:00\" \/>\n<meta name=\"twitter:card\" content=\"summary_large_image\" \/>\n<meta name=\"twitter:label1\" content=\"Estimation du temps de lecture\" \/>\n\t<meta name=\"twitter:data1\" content=\"1 minute\" \/>\n<script type=\"application\/ld+json\" class=\"yoast-schema-graph\">{\"@context\":\"https:\/\/schema.org\",\"@graph\":[{\"@type\":\"WebPage\",\"@id\":\"https:\/\/revues.uqam.ca\/prefix\/avis-de-confidentialite\/\",\"url\":\"https:\/\/revues.uqam.ca\/prefix\/avis-de-confidentialite\/\",\"name\":\"Avis de confidentialit\u00e9 | PR\u00c9FIX\",\"isPartOf\":{\"@id\":\"https:\/\/revues.uqam.ca\/prefix\/#website\"},\"datePublished\":\"2023-01-17T20:42:08+00:00\",\"dateModified\":\"2023-09-06T21:00:54+00:00\",\"breadcrumb\":{\"@id\":\"https:\/\/revues.uqam.ca\/prefix\/avis-de-confidentialite\/#breadcrumb\"},\"inLanguage\":\"fr-CA\",\"potentialAction\":[{\"@type\":\"ReadAction\",\"target\":[\"https:\/\/revues.uqam.ca\/prefix\/avis-de-confidentialite\/\"]}]},{\"@type\":\"BreadcrumbList\",\"@id\":\"https:\/\/revues.uqam.ca\/prefix\/avis-de-confidentialite\/#breadcrumb\",\"itemListElement\":[{\"@type\":\"ListItem\",\"position\":1,\"name\":\"UQAM\",\"item\":\"https:\/\/uqam.ca\"},{\"@type\":\"ListItem\",\"position\":2,\"name\":\"PR\u00c9FIX\",\"item\":\"https:\/\/revues.uqam.ca\/prefix\"},{\"@type\":\"ListItem\",\"position\":3,\"name\":\"Avis de confidentialit\u00e9\"}]},{\"@type\":\"WebSite\",\"@id\":\"https:\/\/revues.uqam.ca\/prefix\/#website\",\"url\":\"https:\/\/revues.uqam.ca\/prefix\/\",\"name\":\"PR\u00c9FIX\",\"description\":\"\",\"potentialAction\":[{\"@type\":\"SearchAction\",\"target\":{\"@type\":\"EntryPoint\",\"urlTemplate\":\"https:\/\/revues.uqam.ca\/prefix\/recherche\/?q={search_term_string}\"},\"query-input\":\"required name=search_term_string\"}],\"inLanguage\":\"fr-CA\"}]}<\/script>\n<!-- \/ Yoast SEO plugin. -->","yoast_head_json":{"title":"Avis de confidentialit\u00e9 | PR\u00c9FIX","robots":{"index":"index","follow":"follow","max-snippet":"max-snippet:-1","max-image-preview":"max-image-preview:large","max-video-preview":"max-video-preview:-1"},"canonical":"https:\/\/revues.uqam.ca\/prefix\/avis-de-confidentialite\/","og_locale":"fr_CA","og_type":"article","og_title":"Avis de confidentialit\u00e9 | PR\u00c9FIX","og_description":"Les noms et courriels saisis dans le site de cette revue seront utilis\u00e9s exclusivement aux fins indiqu\u00e9es par cette revue et ne serviront \u00e0 aucune autre fin, ni \u00e0 toute autre partie.","og_url":"https:\/\/revues.uqam.ca\/prefix\/avis-de-confidentialite\/","og_site_name":"PR\u00c9FIX","article_modified_time":"2023-09-06T21:00:54+00:00","twitter_card":"summary_large_image","twitter_misc":{"Estimation du temps de lecture":"1 minute"},"schema":{"@context":"https:\/\/schema.org","@graph":[{"@type":"WebPage","@id":"https:\/\/revues.uqam.ca\/prefix\/avis-de-confidentialite\/","url":"https:\/\/revues.uqam.ca\/prefix\/avis-de-confidentialite\/","name":"Avis de confidentialit\u00e9 | PR\u00c9FIX","isPartOf":{"@id":"https:\/\/revues.uqam.ca\/prefix\/#website"},"datePublished":"2023-01-17T20:42:08+00:00","dateModified":"2023-09-06T21:00:54+00:00","breadcrumb":{"@id":"https:\/\/revues.uqam.ca\/prefix\/avis-de-confidentialite\/#breadcrumb"},"inLanguage":"fr-CA","potentialAction":[{"@type":"ReadAction","target":["https:\/\/revues.uqam.ca\/prefix\/avis-de-confidentialite\/"]}]},{"@type":"BreadcrumbList","@id":"https:\/\/revues.uqam.ca\/prefix\/avis-de-confidentialite\/#breadcrumb","itemListElement":[{"@type":"ListItem","position":1,"name":"UQAM","item":"https:\/\/uqam.ca"},{"@type":"ListItem","position":2,"name":"PR\u00c9FIX","item":"https:\/\/revues.uqam.ca\/prefix"},{"@type":"ListItem","position":3,"name":"Avis de confidentialit\u00e9"}]},{"@type":"WebSite","@id":"https:\/\/revues.uqam.ca\/prefix\/#website","url":"https:\/\/revues.uqam.ca\/prefix\/","name":"PR\u00c9FIX","description":"","potentialAction":[{"@type":"SearchAction","target":{"@type":"EntryPoint","urlTemplate":"https:\/\/revues.uqam.ca\/prefix\/recherche\/?q={search_term_string}"},"query-input":"required name=search_term_string"}],"inLanguage":"fr-CA"}]}},"coauthors":[],"author_meta":{"author_link":"https:\/\/revues.uqam.ca\/prefix\/author\/giroux-alexiacourrier-uqam-ca\/","display_name":"Giroux, Alexia"},"relative_dates":{"created":"Posted 3 ann\u00e9es ago","modified":"Updated 3 ann\u00e9es ago"},"absolute_dates":{"created":"Posted on 17 janvier 2023","modified":"Updated on 6 septembre 2023"},"absolute_dates_time":{"created":"Posted on 17 janvier 2023 15 h 42 min","modified":"Updated on 6 septembre 2023 17 h 00 min"},"featured_img_caption":"","featured_img":false,"series_order":"","_links":{"self":[{"href":"https:\/\/revues.uqam.ca\/prefix\/wp-json\/wp\/v2\/pages\/140","targetHints":{"allow":["GET"]}}],"collection":[{"href":"https:\/\/revues.uqam.ca\/prefix\/wp-json\/wp\/v2\/pages"}],"about":[{"href":"https:\/\/revues.uqam.ca\/prefix\/wp-json\/wp\/v2\/types\/page"}],"author":[{"embeddable":true,"href":"https:\/\/revues.uqam.ca\/prefix\/wp-json\/wp\/v2\/users\/17"}],"replies":[{"embeddable":true,"href":"https:\/\/revues.uqam.ca\/prefix\/wp-json\/wp\/v2\/comments?post=140"}],"version-history":[{"count":1,"href":"https:\/\/revues.uqam.ca\/prefix\/wp-json\/wp\/v2\/pages\/140\/revisions"}],"predecessor-version":[{"id":570,"href":"https:\/\/revues.uqam.ca\/prefix\/wp-json\/wp\/v2\/pages\/140\/revisions\/570"}],"wp:attachment":[{"href":"https:\/\/revues.uqam.ca\/prefix\/wp-json\/wp\/v2\/media?parent=140"}],"wp:term":[{"taxonomy":"category","embeddable":true,"href":"https:\/\/revues.uqam.ca\/prefix\/wp-json\/wp\/v2\/categories?post=140"}],"curies":[{"name":"wp","href":"https:\/\/api.w.org\/{rel}","templated":true}]}}