{"id":88,"date":"2023-01-16T15:29:27","date_gmt":"2023-01-16T20:29:27","guid":{"rendered":"https:\/\/revues.dev.uqam.ca\/iref\/?page_id=88"},"modified":"2023-01-16T15:29:27","modified_gmt":"2023-01-16T20:29:27","slug":"publicite","status":"publish","type":"page","link":"https:\/\/revues.uqam.ca\/modele\/a-propos\/politique-editoriale\/publicite\/","title":{"rendered":"Publicit\u00e9"},"content":{"rendered":"\n<p>La revue ne diffuse aucune publicit\u00e9 dans ses publications.<\/p>\n","protected":false},"excerpt":{"rendered":"<p>La revue ne diffuse aucune publicit\u00e9 dans ses publications.<\/p>\n","protected":false},"author":1,"featured_media":0,"parent":15,"menu_order":5,"comment_status":"closed","ping_status":"closed","template":"","meta":{"_acf_changed":false,"advgb_blocks_editor_width":"","advgb_blocks_columns_visual_guide":"","footnotes":""},"categories":[],"class_list":["post-88","page","type-page","status-publish","hentry"],"acf":[],"yoast_head":"<!-- This site is optimized with the Yoast SEO plugin v22.1 - https:\/\/yoast.com\/wordpress\/plugins\/seo\/ -->\n<title>Publicit\u00e9 | Mod\u00e8le pour une revue savante<\/title>\n<meta name=\"robots\" content=\"noindex, follow, max-snippet:-1, max-image-preview:large, max-video-preview:-1\" \/>\n<meta property=\"og:locale\" content=\"fr_CA\" \/>\n<meta property=\"og:type\" content=\"article\" \/>\n<meta property=\"og:title\" content=\"Publicit\u00e9 | Mod\u00e8le pour une revue savante\" \/>\n<meta property=\"og:description\" content=\"La revue ne diffuse aucune publicit\u00e9 dans ses publications.\" \/>\n<meta property=\"og:url\" content=\"https:\/\/revues.uqam.ca\/modele\/a-propos\/politique-editoriale\/publicite\/\" \/>\n<meta property=\"og:site_name\" content=\"Mod\u00e8le pour une revue savante\" \/>\n<meta property=\"og:image\" content=\"https:\/\/revues.uqam.ca\/modele\/wp-content\/uploads\/sites\/5\/2024\/04\/Logo-carre-NONOFFICIEL.png\" \/>\n\t<meta property=\"og:image:width\" content=\"360\" \/>\n\t<meta property=\"og:image:height\" content=\"360\" \/>\n\t<meta property=\"og:image:type\" content=\"image\/png\" \/>\n<meta name=\"twitter:card\" content=\"summary_large_image\" \/>\n<meta name=\"twitter:label1\" content=\"Estimation du temps de lecture\" \/>\n\t<meta name=\"twitter:data1\" content=\"1 minute\" \/>\n<script type=\"application\/ld+json\" class=\"yoast-schema-graph\">{\"@context\":\"https:\/\/schema.org\",\"@graph\":[{\"@type\":\"WebPage\",\"@id\":\"https:\/\/revues.uqam.ca\/modele\/a-propos\/politique-editoriale\/publicite\/\",\"url\":\"https:\/\/revues.uqam.ca\/modele\/a-propos\/politique-editoriale\/publicite\/\",\"name\":\"Publicit\u00e9 | Mod\u00e8le pour une revue savante\",\"isPartOf\":{\"@id\":\"https:\/\/revues.uqam.ca\/modele\/#website\"},\"datePublished\":\"2023-01-16T20:29:27+00:00\",\"dateModified\":\"2023-01-16T20:29:27+00:00\",\"breadcrumb\":{\"@id\":\"https:\/\/revues.uqam.ca\/modele\/a-propos\/politique-editoriale\/publicite\/#breadcrumb\"},\"inLanguage\":\"fr-CA\",\"potentialAction\":[{\"@type\":\"ReadAction\",\"target\":[\"https:\/\/revues.uqam.ca\/modele\/a-propos\/politique-editoriale\/publicite\/\"]}]},{\"@type\":\"BreadcrumbList\",\"@id\":\"https:\/\/revues.uqam.ca\/modele\/a-propos\/politique-editoriale\/publicite\/#breadcrumb\",\"itemListElement\":[{\"@type\":\"ListItem\",\"position\":1,\"name\":\"UQAM\",\"item\":\"https:\/\/uqam.ca\"},{\"@type\":\"ListItem\",\"position\":2,\"name\":\"Mod\u00e8le pour une revue savante\",\"item\":\"https:\/\/revues.uqam.ca\/modele\"},{\"@type\":\"ListItem\",\"position\":3,\"name\":\"Politiques \u00e9ditoriales\",\"item\":\"https:\/\/revues.uqam.ca\/modele\/a-propos\/politique-editoriale\/\"},{\"@type\":\"ListItem\",\"position\":4,\"name\":\"Publicit\u00e9\"}]},{\"@type\":\"WebSite\",\"@id\":\"https:\/\/revues.uqam.ca\/modele\/#website\",\"url\":\"https:\/\/revues.uqam.ca\/modele\/\",\"name\":\"Mod\u00e8le revue\",\"description\":\"\",\"alternateName\":\"Mod\u00e8le revue UQAM\",\"potentialAction\":[{\"@type\":\"SearchAction\",\"target\":{\"@type\":\"EntryPoint\",\"urlTemplate\":\"https:\/\/revues.uqam.ca\/modele\/recherche\/?q={search_term_string}\"},\"query-input\":\"required name=search_term_string\"}],\"inLanguage\":\"fr-CA\"}]}<\/script>\n<!-- \/ Yoast SEO plugin. -->","yoast_head_json":{"title":"Publicit\u00e9 | Mod\u00e8le pour une revue savante","robots":{"index":"noindex","follow":"follow","max-snippet":"max-snippet:-1","max-image-preview":"max-image-preview:large","max-video-preview":"max-video-preview:-1"},"og_locale":"fr_CA","og_type":"article","og_title":"Publicit\u00e9 | Mod\u00e8le pour une revue savante","og_description":"La revue ne diffuse aucune publicit\u00e9 dans ses publications.","og_url":"https:\/\/revues.uqam.ca\/modele\/a-propos\/politique-editoriale\/publicite\/","og_site_name":"Mod\u00e8le pour une revue savante","og_image":[{"width":360,"height":360,"url":"https:\/\/revues.uqam.ca\/modele\/wp-content\/uploads\/sites\/5\/2024\/04\/Logo-carre-NONOFFICIEL.png","type":"image\/png"}],"twitter_card":"summary_large_image","twitter_misc":{"Estimation du temps de lecture":"1 minute"},"schema":{"@context":"https:\/\/schema.org","@graph":[{"@type":"WebPage","@id":"https:\/\/revues.uqam.ca\/modele\/a-propos\/politique-editoriale\/publicite\/","url":"https:\/\/revues.uqam.ca\/modele\/a-propos\/politique-editoriale\/publicite\/","name":"Publicit\u00e9 | Mod\u00e8le pour une revue savante","isPartOf":{"@id":"https:\/\/revues.uqam.ca\/modele\/#website"},"datePublished":"2023-01-16T20:29:27+00:00","dateModified":"2023-01-16T20:29:27+00:00","breadcrumb":{"@id":"https:\/\/revues.uqam.ca\/modele\/a-propos\/politique-editoriale\/publicite\/#breadcrumb"},"inLanguage":"fr-CA","potentialAction":[{"@type":"ReadAction","target":["https:\/\/revues.uqam.ca\/modele\/a-propos\/politique-editoriale\/publicite\/"]}]},{"@type":"BreadcrumbList","@id":"https:\/\/revues.uqam.ca\/modele\/a-propos\/politique-editoriale\/publicite\/#breadcrumb","itemListElement":[{"@type":"ListItem","position":1,"name":"UQAM","item":"https:\/\/uqam.ca"},{"@type":"ListItem","position":2,"name":"Mod\u00e8le pour une revue savante","item":"https:\/\/revues.uqam.ca\/modele"},{"@type":"ListItem","position":3,"name":"Politiques \u00e9ditoriales","item":"https:\/\/revues.uqam.ca\/modele\/a-propos\/politique-editoriale\/"},{"@type":"ListItem","position":4,"name":"Publicit\u00e9"}]},{"@type":"WebSite","@id":"https:\/\/revues.uqam.ca\/modele\/#website","url":"https:\/\/revues.uqam.ca\/modele\/","name":"Mod\u00e8le revue","description":"","alternateName":"Mod\u00e8le revue UQAM","potentialAction":[{"@type":"SearchAction","target":{"@type":"EntryPoint","urlTemplate":"https:\/\/revues.uqam.ca\/modele\/recherche\/?q={search_term_string}"},"query-input":"required name=search_term_string"}],"inLanguage":"fr-CA"}]}},"coauthors":[{"link":"https:\/\/revues.uqam.ca\/modele\/author\/laporte_jon\/","display_name":"Jonathan Laporte"}],"author_meta":{"author_link":"https:\/\/revues.uqam.ca\/modele\/author\/laporte_jon\/","display_name":"Jonathan Laporte"},"relative_dates":{"created":"Posted 3 ann\u00e9es ago","modified":"Updated 3 ann\u00e9es ago"},"absolute_dates":{"created":"Posted on 2023-01-16","modified":"Updated on 2023-01-16"},"absolute_dates_time":{"created":"Posted on 2023-01-16 15 h 29 min","modified":"Updated on 2023-01-16 15 h 29 min"},"featured_img_caption":"","featured_img":false,"series_order":"","_links":{"self":[{"href":"https:\/\/revues.uqam.ca\/modele\/wp-json\/wp\/v2\/pages\/88","targetHints":{"allow":["GET"]}}],"collection":[{"href":"https:\/\/revues.uqam.ca\/modele\/wp-json\/wp\/v2\/pages"}],"about":[{"href":"https:\/\/revues.uqam.ca\/modele\/wp-json\/wp\/v2\/types\/page"}],"author":[{"embeddable":true,"href":"https:\/\/revues.uqam.ca\/modele\/wp-json\/wp\/v2\/users\/1"}],"replies":[{"embeddable":true,"href":"https:\/\/revues.uqam.ca\/modele\/wp-json\/wp\/v2\/comments?post=88"}],"version-history":[{"count":0,"href":"https:\/\/revues.uqam.ca\/modele\/wp-json\/wp\/v2\/pages\/88\/revisions"}],"up":[{"embeddable":true,"href":"https:\/\/revues.uqam.ca\/modele\/wp-json\/wp\/v2\/pages\/15"}],"wp:attachment":[{"href":"https:\/\/revues.uqam.ca\/modele\/wp-json\/wp\/v2\/media?parent=88"}],"wp:term":[{"taxonomy":"category","embeddable":true,"href":"https:\/\/revues.uqam.ca\/modele\/wp-json\/wp\/v2\/categories?post=88"}],"curies":[{"name":"wp","href":"https:\/\/api.w.org\/{rel}","templated":true}]}}