{"id":84,"date":"2023-01-16T15:28:20","date_gmt":"2023-01-16T20:28:20","guid":{"rendered":"https:\/\/revues.dev.uqam.ca\/iref\/?page_id=84"},"modified":"2024-11-12T21:42:31","modified_gmt":"2024-11-12T21:42:31","slug":"evaluation-par-les-pairs","status":"publish","type":"page","link":"https:\/\/revues.uqam.ca\/modele\/a-propos\/politique-editoriale\/evaluation-par-les-pairs\/","title":{"rendered":"\u00c9valuation par les pairs"},"content":{"rendered":"\n<ul class=\"wp-block-list\">\n<li><a href=\"#processus\">Processus d&rsquo;\u00e9valuation par les pairs<\/a><\/li>\n\n\n\n<li><a href=\"#responsabilites\">Responsabilit\u00e9s des personnes \u00e9valuatrices<\/a><\/li>\n\n\n\n<li><a href=\"#discussions\">Discussions post-publication et corrections<\/a><\/li>\n\n\n\n<li><a href=\"#retractions\">R\u00e9tractions<\/a><\/li>\n<\/ul>\n\n\n\n<h2 class=\"wp-block-heading\" id=\"processus\">Processus d&rsquo;\u00e9valuation par les pairs<\/h2>\n\n\n\n<div class=\"wp-block-group has-very-light-gray-to-cyan-bluish-gray-gradient-background has-background\"><div class=\"wp-block-group__inner-container is-layout-constrained wp-block-group-is-layout-constrained\">\n<p>\u00c0 l&rsquo;explication du processus d&rsquo;\u00e9valuation par les pairs, il peut \u00eatre int\u00e9ressant, par souci de transparence, de joindre au texte une copie du formulaire qui sera utilis\u00e9 par les personnes \u00e9valuatrices.<br>Pr\u00e9cisez \u00e9galement, si possible :<\/p>\n\n\n\n<ul class=\"wp-block-list\">\n<li>Dur\u00e9e approximative de l&rsquo;\u00e9valuation<\/li>\n\n\n\n<li>Taux de rejet<\/li>\n\n\n\n<li>Si une personne autrice peut sugg\u00e9rer ou demander l&rsquo;exclusion de certaines personnes \u00e9valuatrices lors de la soumission<\/li>\n\n\n\n<li>Comment les personnes \u00e9valuatrices sont s\u00e9lectionn\u00e9es<\/li>\n\n\n\n<li>Nombre de personnes \u00e9valuatrices par manuscrit<\/li>\n\n\n\n<li>Comment les d\u00e9cisions d&rsquo;accepter, de demande de r\u00e9vision et de rejet sont faites<\/li>\n<\/ul>\n\n\n\n<p>Choix du type de r\u00e9vision par les pairs selon le DOAJ :<\/p>\n\n\n\n<ul class=\"wp-block-list\">\n<li>Editorial review<\/li>\n\n\n\n<li>Double blind peer review<\/li>\n\n\n\n<li>Peer review<\/li>\n\n\n\n<li>Post-publication peer review<\/li>\n\n\n\n<li>Blind peer review<\/li>\n\n\n\n<li>Open peer review<\/li>\n<\/ul>\n\n\n\n<p>Dans OJS, les choix sont :<\/p>\n\n\n\n<ul class=\"wp-block-list\">\n<li>\u00c9valuation en double aveugle<\/li>\n\n\n\n<li>\u00c9valuation en simple l&rsquo;aveugle<\/li>\n\n\n\n<li>\u00c9valuation ouverte<\/li>\n<\/ul>\n<\/div><\/div>\n\n\n\n<p><\/p>\n\n\n\n<ul class=\"wp-block-list\">\n<li><a href=\"https:\/\/www.oajournals-toolkit.org\/fr\/gestion-dune-revue\/peer-review-and-quality-assurance\">Examen par les pairs et assurance qualit\u00e9<\/a><br>Open Access Journals Toolkit<\/li>\n\n\n\n<li><a href=\"https:\/\/www.inasp.info\/sites\/default\/files\/2018-04\/INASP%20-%20Editors%20Toolkit%20-%20DIGITAL.pdf\">Handbook for journal editors<\/a> &#8211; Chapter 7. Peer review policies (p. 51-56)<br>INASP<\/li>\n\n\n\n<li><a href=\"https:\/\/www.calj-acrs.ca\/resources\/Documents\/calj_best_practices_guide_to_scholalrly_journal_publishing_2007_eng.pdf\">Best practices guide to scholarly journal publishing <\/a>&#8211; Peer review process (p. 29-34)<br>Association canadienne des revues savantes<\/li>\n\n\n\n<li><a href=\"https:\/\/publicationethics.org\/peerreview\">Peer review processus<\/a><br>COPE<\/li>\n<\/ul>\n\n\n\n<h2 class=\"wp-block-heading\" id=\"discussions\">Discussions post-publication<\/h2>\n\n\n\n<p>Certains sites de revues disposent d&rsquo;une section \u00ab\u00a0commentaires\u00a0\u00bb dans laquelle le lectorat est invit\u00e9 \u00e0 poursuivre la discussion concernant les publications parues dans les diff\u00e9rents num\u00e9ros. <\/p>\n\n\n\n<ul class=\"wp-block-list\">\n<li><a href=\"https:\/\/publicationethics.org\/resources\/flowcharts\/handling-post-publication-critiques\" target=\"_blank\" rel=\"noreferrer noopener\">Handling of post-publication critiques<\/a><br>COPE<\/li>\n<\/ul>\n\n\n\n<p>In non velit massa. Curabitur tincidunt luctus metus, eget elementum ligula tristique quis. Fusce luctus pharetra tortor vel convallis. In ultrices condimentum pretium. Vestibulum vestibulum erat metus, venenatis vestibulum lacus dictum ut. Fusce in neque eu lacus interdum facilisis. Vestibulum id finibus velit.<\/p>\n\n\n\n<h2 class=\"wp-block-heading\" id=\"retractions\">Corrections et r\u00e9tractations<\/h2>\n\n\n\n<p>Il peut \u00eatre judicieux de pr\u00e9voir un m\u00e9canisme si des articles venaient \u00e0 devoir \u00eatre r\u00e9tracter. <\/p>\n\n\n\n<ul class=\"wp-block-list\">\n<li><a href=\"https:\/\/publicationethics.org\/retraction-guidelines\">Retraction guidelines<\/a><br>COPE<\/li>\n\n\n\n<li><a href=\"https:\/\/www.oajournals-toolkit.org\/fr\/politiques\/corrections-et-retractations\">Corrections et r\u00e9tractations<\/a><br>Open access journal toolkit<\/li>\n<\/ul>\n\n\n\n<p>Mauris quis sodales enim. Cras est purus, accumsan in fermentum nec, consequat vitae velit. Morbi a dignissim eros. Suspendisse egestas lacus ac tortor porttitor posuere. In nec nibh nibh. Etiam quis diam tincidunt, porta enim id, consectetur felis. Quisque porttitor arcu ac nunc ornare hendrerit. Aenean semper enim non ornare euismod. Ut pharetra dui sit amet hendrerit ornare. Phasellus nisi leo, sollicitudin ac pretium et, tristique sed ex.<\/p>\n","protected":false},"excerpt":{"rendered":"<p>Processus d&rsquo;\u00e9valuation par les pairs \u00c0 l&rsquo;explication du processus d&rsquo;\u00e9valuation par les pairs, il peut \u00eatre int\u00e9ressant, par souci de transparence, de joindre au texte une copie du formulaire qui sera utilis\u00e9 par les personnes \u00e9valuatrices.Pr\u00e9cisez \u00e9galement, si possible : Choix du type de r\u00e9vision par les pairs selon le DOAJ : Dans OJS, les [&hellip;]<\/p>\n","protected":false},"author":1,"featured_media":0,"parent":15,"menu_order":3,"comment_status":"closed","ping_status":"closed","template":"","meta":{"_acf_changed":false,"advgb_blocks_editor_width":"","advgb_blocks_columns_visual_guide":"","footnotes":""},"categories":[],"class_list":["post-84","page","type-page","status-publish","hentry"],"acf":[],"yoast_head":"<!-- This site is optimized with the Yoast SEO plugin v22.1 - https:\/\/yoast.com\/wordpress\/plugins\/seo\/ -->\n<title>\u00c9valuation par les pairs | Mod\u00e8le pour une revue savante<\/title>\n<meta name=\"robots\" content=\"noindex, follow, max-snippet:-1, max-image-preview:large, max-video-preview:-1\" \/>\n<meta property=\"og:locale\" content=\"fr_CA\" \/>\n<meta property=\"og:type\" content=\"article\" \/>\n<meta property=\"og:title\" content=\"\u00c9valuation par les pairs | Mod\u00e8le pour une revue savante\" \/>\n<meta property=\"og:description\" content=\"Processus d&rsquo;\u00e9valuation par les pairs \u00c0 l&rsquo;explication du processus d&rsquo;\u00e9valuation par les pairs, il peut \u00eatre int\u00e9ressant, par souci de transparence, de joindre au texte une copie du formulaire qui sera utilis\u00e9 par les personnes \u00e9valuatrices.Pr\u00e9cisez \u00e9galement, si possible : Choix du type de r\u00e9vision par les pairs selon le DOAJ : Dans OJS, les [&hellip;]\" \/>\n<meta property=\"og:url\" content=\"https:\/\/revues.uqam.ca\/modele\/a-propos\/politique-editoriale\/evaluation-par-les-pairs\/\" \/>\n<meta property=\"og:site_name\" content=\"Mod\u00e8le pour une revue savante\" \/>\n<meta property=\"article:modified_time\" content=\"2024-11-12T21:42:31+00:00\" \/>\n<meta property=\"og:image\" content=\"https:\/\/revues.uqam.ca\/modele\/wp-content\/uploads\/sites\/5\/2024\/04\/Logo-carre-NONOFFICIEL.png\" \/>\n\t<meta property=\"og:image:width\" content=\"360\" \/>\n\t<meta property=\"og:image:height\" content=\"360\" \/>\n\t<meta property=\"og:image:type\" content=\"image\/png\" \/>\n<meta name=\"twitter:card\" content=\"summary_large_image\" \/>\n<meta name=\"twitter:label1\" content=\"Estimation du temps de lecture\" \/>\n\t<meta name=\"twitter:data1\" content=\"2 minutes\" \/>\n<script type=\"application\/ld+json\" class=\"yoast-schema-graph\">{\"@context\":\"https:\/\/schema.org\",\"@graph\":[{\"@type\":\"WebPage\",\"@id\":\"https:\/\/revues.uqam.ca\/modele\/a-propos\/politique-editoriale\/evaluation-par-les-pairs\/\",\"url\":\"https:\/\/revues.uqam.ca\/modele\/a-propos\/politique-editoriale\/evaluation-par-les-pairs\/\",\"name\":\"\u00c9valuation par les pairs | Mod\u00e8le pour une revue savante\",\"isPartOf\":{\"@id\":\"https:\/\/revues.uqam.ca\/modele\/#website\"},\"datePublished\":\"2023-01-16T20:28:20+00:00\",\"dateModified\":\"2024-11-12T21:42:31+00:00\",\"breadcrumb\":{\"@id\":\"https:\/\/revues.uqam.ca\/modele\/a-propos\/politique-editoriale\/evaluation-par-les-pairs\/#breadcrumb\"},\"inLanguage\":\"fr-CA\",\"potentialAction\":[{\"@type\":\"ReadAction\",\"target\":[\"https:\/\/revues.uqam.ca\/modele\/a-propos\/politique-editoriale\/evaluation-par-les-pairs\/\"]}]},{\"@type\":\"BreadcrumbList\",\"@id\":\"https:\/\/revues.uqam.ca\/modele\/a-propos\/politique-editoriale\/evaluation-par-les-pairs\/#breadcrumb\",\"itemListElement\":[{\"@type\":\"ListItem\",\"position\":1,\"name\":\"UQAM\",\"item\":\"https:\/\/uqam.ca\"},{\"@type\":\"ListItem\",\"position\":2,\"name\":\"Mod\u00e8le pour une revue savante\",\"item\":\"https:\/\/revues.uqam.ca\/modele\"},{\"@type\":\"ListItem\",\"position\":3,\"name\":\"\u00c0 propos\",\"item\":\"https:\/\/revues.uqam.ca\/modele\/a-propos\/\"},{\"@type\":\"ListItem\",\"position\":4,\"name\":\"Politiques \u00e9ditoriales\",\"item\":\"https:\/\/revues.uqam.ca\/modele\/a-propos\/politique-editoriale\/\"},{\"@type\":\"ListItem\",\"position\":5,\"name\":\"\u00c9valuation par les pairs\"}]},{\"@type\":\"WebSite\",\"@id\":\"https:\/\/revues.uqam.ca\/modele\/#website\",\"url\":\"https:\/\/revues.uqam.ca\/modele\/\",\"name\":\"Mod\u00e8le revue\",\"description\":\"\",\"alternateName\":\"Mod\u00e8le revue UQAM\",\"potentialAction\":[{\"@type\":\"SearchAction\",\"target\":{\"@type\":\"EntryPoint\",\"urlTemplate\":\"https:\/\/revues.uqam.ca\/modele\/recherche\/?q={search_term_string}\"},\"query-input\":\"required name=search_term_string\"}],\"inLanguage\":\"fr-CA\"}]}<\/script>\n<!-- \/ Yoast SEO plugin. -->","yoast_head_json":{"title":"\u00c9valuation par les pairs | Mod\u00e8le pour une revue savante","robots":{"index":"noindex","follow":"follow","max-snippet":"max-snippet:-1","max-image-preview":"max-image-preview:large","max-video-preview":"max-video-preview:-1"},"og_locale":"fr_CA","og_type":"article","og_title":"\u00c9valuation par les pairs | Mod\u00e8le pour une revue savante","og_description":"Processus d&rsquo;\u00e9valuation par les pairs \u00c0 l&rsquo;explication du processus d&rsquo;\u00e9valuation par les pairs, il peut \u00eatre int\u00e9ressant, par souci de transparence, de joindre au texte une copie du formulaire qui sera utilis\u00e9 par les personnes \u00e9valuatrices.Pr\u00e9cisez \u00e9galement, si possible : Choix du type de r\u00e9vision par les pairs selon le DOAJ : Dans OJS, les [&hellip;]","og_url":"https:\/\/revues.uqam.ca\/modele\/a-propos\/politique-editoriale\/evaluation-par-les-pairs\/","og_site_name":"Mod\u00e8le pour une revue savante","article_modified_time":"2024-11-12T21:42:31+00:00","og_image":[{"width":360,"height":360,"url":"https:\/\/revues.uqam.ca\/modele\/wp-content\/uploads\/sites\/5\/2024\/04\/Logo-carre-NONOFFICIEL.png","type":"image\/png"}],"twitter_card":"summary_large_image","twitter_misc":{"Estimation du temps de lecture":"2 minutes"},"schema":{"@context":"https:\/\/schema.org","@graph":[{"@type":"WebPage","@id":"https:\/\/revues.uqam.ca\/modele\/a-propos\/politique-editoriale\/evaluation-par-les-pairs\/","url":"https:\/\/revues.uqam.ca\/modele\/a-propos\/politique-editoriale\/evaluation-par-les-pairs\/","name":"\u00c9valuation par les pairs | Mod\u00e8le pour une revue savante","isPartOf":{"@id":"https:\/\/revues.uqam.ca\/modele\/#website"},"datePublished":"2023-01-16T20:28:20+00:00","dateModified":"2024-11-12T21:42:31+00:00","breadcrumb":{"@id":"https:\/\/revues.uqam.ca\/modele\/a-propos\/politique-editoriale\/evaluation-par-les-pairs\/#breadcrumb"},"inLanguage":"fr-CA","potentialAction":[{"@type":"ReadAction","target":["https:\/\/revues.uqam.ca\/modele\/a-propos\/politique-editoriale\/evaluation-par-les-pairs\/"]}]},{"@type":"BreadcrumbList","@id":"https:\/\/revues.uqam.ca\/modele\/a-propos\/politique-editoriale\/evaluation-par-les-pairs\/#breadcrumb","itemListElement":[{"@type":"ListItem","position":1,"name":"UQAM","item":"https:\/\/uqam.ca"},{"@type":"ListItem","position":2,"name":"Mod\u00e8le pour une revue savante","item":"https:\/\/revues.uqam.ca\/modele"},{"@type":"ListItem","position":3,"name":"\u00c0 propos","item":"https:\/\/revues.uqam.ca\/modele\/a-propos\/"},{"@type":"ListItem","position":4,"name":"Politiques \u00e9ditoriales","item":"https:\/\/revues.uqam.ca\/modele\/a-propos\/politique-editoriale\/"},{"@type":"ListItem","position":5,"name":"\u00c9valuation par les pairs"}]},{"@type":"WebSite","@id":"https:\/\/revues.uqam.ca\/modele\/#website","url":"https:\/\/revues.uqam.ca\/modele\/","name":"Mod\u00e8le revue","description":"","alternateName":"Mod\u00e8le revue UQAM","potentialAction":[{"@type":"SearchAction","target":{"@type":"EntryPoint","urlTemplate":"https:\/\/revues.uqam.ca\/modele\/recherche\/?q={search_term_string}"},"query-input":"required name=search_term_string"}],"inLanguage":"fr-CA"}]}},"coauthors":[{"link":"https:\/\/revues.uqam.ca\/modele\/author\/laporte_jon\/","display_name":"Jonathan Laporte"}],"author_meta":{"author_link":"https:\/\/revues.uqam.ca\/modele\/author\/laporte_jon\/","display_name":"Jonathan Laporte"},"relative_dates":{"created":"Posted 3 ann\u00e9es ago","modified":"Updated 1 ann\u00e9e ago"},"absolute_dates":{"created":"Posted on 2023-01-16","modified":"Updated on 2024-11-12"},"absolute_dates_time":{"created":"Posted on 2023-01-16 15 h 28 min","modified":"Updated on 2024-11-12 21 h 42 min"},"featured_img_caption":"","featured_img":false,"series_order":"","_links":{"self":[{"href":"https:\/\/revues.uqam.ca\/modele\/wp-json\/wp\/v2\/pages\/84","targetHints":{"allow":["GET"]}}],"collection":[{"href":"https:\/\/revues.uqam.ca\/modele\/wp-json\/wp\/v2\/pages"}],"about":[{"href":"https:\/\/revues.uqam.ca\/modele\/wp-json\/wp\/v2\/types\/page"}],"author":[{"embeddable":true,"href":"https:\/\/revues.uqam.ca\/modele\/wp-json\/wp\/v2\/users\/1"}],"replies":[{"embeddable":true,"href":"https:\/\/revues.uqam.ca\/modele\/wp-json\/wp\/v2\/comments?post=84"}],"version-history":[{"count":31,"href":"https:\/\/revues.uqam.ca\/modele\/wp-json\/wp\/v2\/pages\/84\/revisions"}],"predecessor-version":[{"id":14378,"href":"https:\/\/revues.uqam.ca\/modele\/wp-json\/wp\/v2\/pages\/84\/revisions\/14378"}],"up":[{"embeddable":true,"href":"https:\/\/revues.uqam.ca\/modele\/wp-json\/wp\/v2\/pages\/15"}],"wp:attachment":[{"href":"https:\/\/revues.uqam.ca\/modele\/wp-json\/wp\/v2\/media?parent=84"}],"wp:term":[{"taxonomy":"category","embeddable":true,"href":"https:\/\/revues.uqam.ca\/modele\/wp-json\/wp\/v2\/categories?post=84"}],"curies":[{"name":"wp","href":"https:\/\/api.w.org\/{rel}","templated":true}]}}