{"id":67,"date":"2023-01-16T12:09:23","date_gmt":"2023-01-16T17:09:23","guid":{"rendered":"https:\/\/revues.dev.uqam.ca\/iref\/?page_id=67"},"modified":"2024-04-29T18:04:07","modified_gmt":"2024-04-29T18:04:07","slug":"nous-joindre","status":"publish","type":"page","link":"https:\/\/revues.uqam.ca\/modele\/a-propos\/nous-joindre\/","title":{"rendered":"Nous joindre"},"content":{"rendered":"\n<p class=\"has-very-light-gray-to-cyan-bluish-gray-gradient-background has-background\">Proposez au moins deux moyens pour vous contacter, et sp\u00e9cifier les d\u00e9lais de r\u00e9ponse pr\u00e9vus. Si possible, pr\u00e9voyez un accus\u00e9 de r\u00e9ception pour les internautes qui vous contacteront par courriel.<\/p>\n\n\n\n<div class=\"wp-block-columns is-layout-flex wp-container-core-columns-is-layout-9d6595d7 wp-block-columns-is-layout-flex\">\n<div class=\"wp-block-column is-layout-flow wp-block-column-is-layout-flow\">\n<h2 class=\"wp-block-heading\" id=\"coordonnees-cdf72881-a083-4850-9542-a667727043d4\">Coordonn\u00e9es<\/h2>\n\n\n\n<p>Adresse<\/p>\n\n\n\n<h3 class=\"wp-block-heading\" id=\"personneressource-principale-5b5ae19b-f12b-417c-9752-eab7d47e3cf1\">Personne-ressource principale<\/h3>\n\n\n\n<p>Pr\u00e9nom, nom<br>Courriel<br>T\u00e9l\u00e9phone<\/p>\n\n\n\n<h3 class=\"wp-block-heading\" id=\"personneressource-en-soutien-technique-58f0fa1a-d6fc-476e-a1d6-b674232c4f21\">Personne-ressource en soutien technique<\/h3>\n\n\n\n<p>Pr\u00e9nom, nom<br>Courriel<br>T\u00e9l\u00e9phone<\/p>\n<\/div>\n\n\n\n<div class=\"wp-block-column is-layout-flow wp-block-column-is-layout-flow\">\n<h2 class=\"wp-block-heading\" id=\"reseaux-sociaux-eb4f9243-c788-4592-ab4c-a819169356f0\">R\u00e9seaux sociaux<\/h2>\n\n\n\n<ul class=\"wp-block-list\">\n<li>Facebook<\/li>\n\n\n\n<li>Twitter<\/li>\n\n\n\n<li>Instagram<\/li>\n\n\n\n<li>TikTok<\/li>\n\n\n\n<li>YouTube<\/li>\n\n\n\n<li>LinkedIn<\/li>\n<\/ul>\n\n\n\n<p><\/p>\n<\/div>\n<\/div>\n\n\n\n<h2 class=\"wp-block-heading\" id=\"foire-aux-questions-16bb0ceb-2fd6-4a47-ad6c-7b5124d2d3f9\">Foire aux questions<\/h2>\n\n\n\n<div class=\"schema-faq wp-block-yoast-faq-block\"><div class=\"schema-faq-section\" id=\"faq-question-1712893652114\"><strong class=\"schema-faq-question\">Question 1<\/strong> <p class=\"schema-faq-answer\">Class aptent taciti sociosqu ad litora torquent per conubia nostra, per inceptos himenaeos. Integer pulvinar ante quis leo sagittis, in posuere elit pellentesque. Vivamus vulputate et purus quis aliquam. Pellentesque habitant morbi tristique senectus et netus et malesuada fames ac turpis egestas. Fusce at leo ut leo scelerisque elementum in eu ipsum. Donec elit tortor, maximus in dolor a, pellentesque hendrerit magna. Aenean vestibulum enim quam, nec sagittis tellus faucibus quis. Vestibulum finibus ac diam et finibus. Pellentesque elit odio, dignissim at venenatis non, scelerisque ut odio. Ut ultrices eu leo vitae tristique. Quisque sed ornare magna, rhoncus commodo nunc. Duis sit amet eros mi.<\/p> <\/div> <div class=\"schema-faq-section\" id=\"faq-question-1713304235207\"><strong class=\"schema-faq-question\">Question 2<\/strong> <p class=\"schema-faq-answer\">onec elit tortor, maximus in dolor a, pellentesque hendrerit magna. Aenean vestibulum enim quam, nec sagittis tellus faucibus quis. Vestibulum finibus ac diam et finibus. Pellentesque elit odio, dignissim at venenatis non, scelerisque ut odio. Ut ultrices eu leo vitae tristique. Quisque sed ornare magna, rhoncus commodo nunc. Duis sit amet eros mi.<\/p> <\/div> <\/div>\n","protected":false},"excerpt":{"rendered":"<p>Proposez au moins deux moyens pour vous contacter, et sp\u00e9cifier les d\u00e9lais de r\u00e9ponse pr\u00e9vus. Si possible, pr\u00e9voyez un accus\u00e9 de r\u00e9ception pour les internautes qui vous contacteront par courriel. Coordonn\u00e9es Adresse Personne-ressource principale Pr\u00e9nom, nomCourrielT\u00e9l\u00e9phone Personne-ressource en soutien technique Pr\u00e9nom, nomCourrielT\u00e9l\u00e9phone R\u00e9seaux sociaux Foire aux questions<\/p>\n","protected":false},"author":1,"featured_media":0,"parent":18,"menu_order":8,"comment_status":"closed","ping_status":"closed","template":"","meta":{"_acf_changed":false,"advgb_blocks_editor_width":"","advgb_blocks_columns_visual_guide":"","footnotes":""},"categories":[],"class_list":["post-67","page","type-page","status-publish","hentry"],"acf":[],"yoast_head":"<!-- This site is optimized with the Yoast SEO plugin v22.1 - https:\/\/yoast.com\/wordpress\/plugins\/seo\/ -->\n<title>Nous joindre | Mod\u00e8le pour une revue savante<\/title>\n<meta name=\"robots\" content=\"noindex, follow, max-snippet:-1, max-image-preview:large, max-video-preview:-1\" \/>\n<meta property=\"og:locale\" content=\"fr_CA\" \/>\n<meta property=\"og:type\" content=\"article\" \/>\n<meta property=\"og:title\" content=\"Nous joindre | Mod\u00e8le pour une revue savante\" \/>\n<meta property=\"og:description\" content=\"Proposez au moins deux moyens pour vous contacter, et sp\u00e9cifier les d\u00e9lais de r\u00e9ponse pr\u00e9vus. Si possible, pr\u00e9voyez un accus\u00e9 de r\u00e9ception pour les internautes qui vous contacteront par courriel. Coordonn\u00e9es Adresse Personne-ressource principale Pr\u00e9nom, nomCourrielT\u00e9l\u00e9phone Personne-ressource en soutien technique Pr\u00e9nom, nomCourrielT\u00e9l\u00e9phone R\u00e9seaux sociaux Foire aux questions\" \/>\n<meta property=\"og:url\" content=\"https:\/\/revues.uqam.ca\/modele\/a-propos\/nous-joindre\/\" \/>\n<meta property=\"og:site_name\" content=\"Mod\u00e8le pour une revue savante\" \/>\n<meta property=\"article:modified_time\" content=\"2024-04-29T18:04:07+00:00\" \/>\n<meta property=\"og:image\" content=\"https:\/\/revues.uqam.ca\/modele\/wp-content\/uploads\/sites\/5\/2024\/04\/Logo-carre-NONOFFICIEL.png\" \/>\n\t<meta property=\"og:image:width\" content=\"360\" \/>\n\t<meta property=\"og:image:height\" content=\"360\" \/>\n\t<meta property=\"og:image:type\" content=\"image\/png\" \/>\n<meta name=\"twitter:card\" content=\"summary_large_image\" \/>\n<meta name=\"twitter:label1\" content=\"Estimation du temps de lecture\" \/>\n\t<meta name=\"twitter:data1\" content=\"2 minutes\" \/>\n<script type=\"application\/ld+json\" class=\"yoast-schema-graph\">{\"@context\":\"https:\/\/schema.org\",\"@graph\":[{\"@type\":[\"WebPage\",\"FAQPage\"],\"@id\":\"https:\/\/revues.uqam.ca\/modele\/a-propos\/nous-joindre\/\",\"url\":\"https:\/\/revues.uqam.ca\/modele\/a-propos\/nous-joindre\/\",\"name\":\"Nous joindre | Mod\u00e8le pour une revue savante\",\"isPartOf\":{\"@id\":\"https:\/\/revues.uqam.ca\/modele\/#website\"},\"datePublished\":\"2023-01-16T17:09:23+00:00\",\"dateModified\":\"2024-04-29T18:04:07+00:00\",\"breadcrumb\":{\"@id\":\"https:\/\/revues.uqam.ca\/modele\/a-propos\/nous-joindre\/#breadcrumb\"},\"mainEntity\":[{\"@id\":\"https:\/\/revues.uqam.ca\/modele\/a-propos\/nous-joindre\/#faq-question-1712893652114\"},{\"@id\":\"https:\/\/revues.uqam.ca\/modele\/a-propos\/nous-joindre\/#faq-question-1713304235207\"}],\"inLanguage\":\"fr-CA\",\"potentialAction\":[{\"@type\":\"ReadAction\",\"target\":[\"https:\/\/revues.uqam.ca\/modele\/a-propos\/nous-joindre\/\"]}]},{\"@type\":\"BreadcrumbList\",\"@id\":\"https:\/\/revues.uqam.ca\/modele\/a-propos\/nous-joindre\/#breadcrumb\",\"itemListElement\":[{\"@type\":\"ListItem\",\"position\":1,\"name\":\"UQAM\",\"item\":\"https:\/\/uqam.ca\"},{\"@type\":\"ListItem\",\"position\":2,\"name\":\"Mod\u00e8le pour une revue savante\",\"item\":\"https:\/\/revues.uqam.ca\/modele\"},{\"@type\":\"ListItem\",\"position\":3,\"name\":\"\u00c0 propos\",\"item\":\"https:\/\/revues.uqam.ca\/modele\/a-propos\/\"},{\"@type\":\"ListItem\",\"position\":4,\"name\":\"Nous joindre\"}]},{\"@type\":\"WebSite\",\"@id\":\"https:\/\/revues.uqam.ca\/modele\/#website\",\"url\":\"https:\/\/revues.uqam.ca\/modele\/\",\"name\":\"Mod\u00e8le revue\",\"description\":\"\",\"alternateName\":\"Mod\u00e8le revue UQAM\",\"potentialAction\":[{\"@type\":\"SearchAction\",\"target\":{\"@type\":\"EntryPoint\",\"urlTemplate\":\"https:\/\/revues.uqam.ca\/modele\/recherche\/?q={search_term_string}\"},\"query-input\":\"required name=search_term_string\"}],\"inLanguage\":\"fr-CA\"},{\"@type\":\"Question\",\"@id\":\"https:\/\/revues.uqam.ca\/modele\/a-propos\/nous-joindre\/#faq-question-1712893652114\",\"position\":1,\"url\":\"https:\/\/revues.uqam.ca\/modele\/a-propos\/nous-joindre\/#faq-question-1712893652114\",\"name\":\"Question 1\",\"answerCount\":1,\"acceptedAnswer\":{\"@type\":\"Answer\",\"text\":\"Class aptent taciti sociosqu ad litora torquent per conubia nostra, per inceptos himenaeos. Integer pulvinar ante quis leo sagittis, in posuere elit pellentesque. Vivamus vulputate et purus quis aliquam. Pellentesque habitant morbi tristique senectus et netus et malesuada fames ac turpis egestas. Fusce at leo ut leo scelerisque elementum in eu ipsum. Donec elit tortor, maximus in dolor a, pellentesque hendrerit magna. Aenean vestibulum enim quam, nec sagittis tellus faucibus quis. Vestibulum finibus ac diam et finibus. Pellentesque elit odio, dignissim at venenatis non, scelerisque ut odio. Ut ultrices eu leo vitae tristique. Quisque sed ornare magna, rhoncus commodo nunc. Duis sit amet eros mi.\",\"inLanguage\":\"fr-CA\"},\"inLanguage\":\"fr-CA\"},{\"@type\":\"Question\",\"@id\":\"https:\/\/revues.uqam.ca\/modele\/a-propos\/nous-joindre\/#faq-question-1713304235207\",\"position\":2,\"url\":\"https:\/\/revues.uqam.ca\/modele\/a-propos\/nous-joindre\/#faq-question-1713304235207\",\"name\":\"Question 2\",\"answerCount\":1,\"acceptedAnswer\":{\"@type\":\"Answer\",\"text\":\"onec elit tortor, maximus in dolor a, pellentesque hendrerit magna. Aenean vestibulum enim quam, nec sagittis tellus faucibus quis. Vestibulum finibus ac diam et finibus. Pellentesque elit odio, dignissim at venenatis non, scelerisque ut odio. Ut ultrices eu leo vitae tristique. Quisque sed ornare magna, rhoncus commodo nunc. Duis sit amet eros mi.\",\"inLanguage\":\"fr-CA\"},\"inLanguage\":\"fr-CA\"}]}<\/script>\n<!-- \/ Yoast SEO plugin. -->","yoast_head_json":{"title":"Nous joindre | Mod\u00e8le pour une revue savante","robots":{"index":"noindex","follow":"follow","max-snippet":"max-snippet:-1","max-image-preview":"max-image-preview:large","max-video-preview":"max-video-preview:-1"},"og_locale":"fr_CA","og_type":"article","og_title":"Nous joindre | Mod\u00e8le pour une revue savante","og_description":"Proposez au moins deux moyens pour vous contacter, et sp\u00e9cifier les d\u00e9lais de r\u00e9ponse pr\u00e9vus. Si possible, pr\u00e9voyez un accus\u00e9 de r\u00e9ception pour les internautes qui vous contacteront par courriel. Coordonn\u00e9es Adresse Personne-ressource principale Pr\u00e9nom, nomCourrielT\u00e9l\u00e9phone Personne-ressource en soutien technique Pr\u00e9nom, nomCourrielT\u00e9l\u00e9phone R\u00e9seaux sociaux Foire aux questions","og_url":"https:\/\/revues.uqam.ca\/modele\/a-propos\/nous-joindre\/","og_site_name":"Mod\u00e8le pour une revue savante","article_modified_time":"2024-04-29T18:04:07+00:00","og_image":[{"width":360,"height":360,"url":"https:\/\/revues.uqam.ca\/modele\/wp-content\/uploads\/sites\/5\/2024\/04\/Logo-carre-NONOFFICIEL.png","type":"image\/png"}],"twitter_card":"summary_large_image","twitter_misc":{"Estimation du temps de lecture":"2 minutes"},"schema":{"@context":"https:\/\/schema.org","@graph":[{"@type":["WebPage","FAQPage"],"@id":"https:\/\/revues.uqam.ca\/modele\/a-propos\/nous-joindre\/","url":"https:\/\/revues.uqam.ca\/modele\/a-propos\/nous-joindre\/","name":"Nous joindre | Mod\u00e8le pour une revue savante","isPartOf":{"@id":"https:\/\/revues.uqam.ca\/modele\/#website"},"datePublished":"2023-01-16T17:09:23+00:00","dateModified":"2024-04-29T18:04:07+00:00","breadcrumb":{"@id":"https:\/\/revues.uqam.ca\/modele\/a-propos\/nous-joindre\/#breadcrumb"},"mainEntity":[{"@id":"https:\/\/revues.uqam.ca\/modele\/a-propos\/nous-joindre\/#faq-question-1712893652114"},{"@id":"https:\/\/revues.uqam.ca\/modele\/a-propos\/nous-joindre\/#faq-question-1713304235207"}],"inLanguage":"fr-CA","potentialAction":[{"@type":"ReadAction","target":["https:\/\/revues.uqam.ca\/modele\/a-propos\/nous-joindre\/"]}]},{"@type":"BreadcrumbList","@id":"https:\/\/revues.uqam.ca\/modele\/a-propos\/nous-joindre\/#breadcrumb","itemListElement":[{"@type":"ListItem","position":1,"name":"UQAM","item":"https:\/\/uqam.ca"},{"@type":"ListItem","position":2,"name":"Mod\u00e8le pour une revue savante","item":"https:\/\/revues.uqam.ca\/modele"},{"@type":"ListItem","position":3,"name":"\u00c0 propos","item":"https:\/\/revues.uqam.ca\/modele\/a-propos\/"},{"@type":"ListItem","position":4,"name":"Nous joindre"}]},{"@type":"WebSite","@id":"https:\/\/revues.uqam.ca\/modele\/#website","url":"https:\/\/revues.uqam.ca\/modele\/","name":"Mod\u00e8le revue","description":"","alternateName":"Mod\u00e8le revue UQAM","potentialAction":[{"@type":"SearchAction","target":{"@type":"EntryPoint","urlTemplate":"https:\/\/revues.uqam.ca\/modele\/recherche\/?q={search_term_string}"},"query-input":"required name=search_term_string"}],"inLanguage":"fr-CA"},{"@type":"Question","@id":"https:\/\/revues.uqam.ca\/modele\/a-propos\/nous-joindre\/#faq-question-1712893652114","position":1,"url":"https:\/\/revues.uqam.ca\/modele\/a-propos\/nous-joindre\/#faq-question-1712893652114","name":"Question 1","answerCount":1,"acceptedAnswer":{"@type":"Answer","text":"Class aptent taciti sociosqu ad litora torquent per conubia nostra, per inceptos himenaeos. Integer pulvinar ante quis leo sagittis, in posuere elit pellentesque. Vivamus vulputate et purus quis aliquam. Pellentesque habitant morbi tristique senectus et netus et malesuada fames ac turpis egestas. Fusce at leo ut leo scelerisque elementum in eu ipsum. Donec elit tortor, maximus in dolor a, pellentesque hendrerit magna. Aenean vestibulum enim quam, nec sagittis tellus faucibus quis. Vestibulum finibus ac diam et finibus. Pellentesque elit odio, dignissim at venenatis non, scelerisque ut odio. Ut ultrices eu leo vitae tristique. Quisque sed ornare magna, rhoncus commodo nunc. Duis sit amet eros mi.","inLanguage":"fr-CA"},"inLanguage":"fr-CA"},{"@type":"Question","@id":"https:\/\/revues.uqam.ca\/modele\/a-propos\/nous-joindre\/#faq-question-1713304235207","position":2,"url":"https:\/\/revues.uqam.ca\/modele\/a-propos\/nous-joindre\/#faq-question-1713304235207","name":"Question 2","answerCount":1,"acceptedAnswer":{"@type":"Answer","text":"onec elit tortor, maximus in dolor a, pellentesque hendrerit magna. Aenean vestibulum enim quam, nec sagittis tellus faucibus quis. Vestibulum finibus ac diam et finibus. Pellentesque elit odio, dignissim at venenatis non, scelerisque ut odio. Ut ultrices eu leo vitae tristique. Quisque sed ornare magna, rhoncus commodo nunc. Duis sit amet eros mi.","inLanguage":"fr-CA"},"inLanguage":"fr-CA"}]}},"coauthors":[{"link":"https:\/\/revues.uqam.ca\/modele\/author\/laporte_jon\/","display_name":"Jonathan Laporte"}],"author_meta":{"author_link":"https:\/\/revues.uqam.ca\/modele\/author\/laporte_jon\/","display_name":"Jonathan Laporte"},"relative_dates":{"created":"Posted 3 ann\u00e9es ago","modified":"Updated 2 ann\u00e9es ago"},"absolute_dates":{"created":"Posted on 2023-01-16","modified":"Updated on 2024-04-29"},"absolute_dates_time":{"created":"Posted on 2023-01-16 12 h 09 min","modified":"Updated on 2024-04-29 18 h 04 min"},"featured_img_caption":"","featured_img":false,"series_order":"","_links":{"self":[{"href":"https:\/\/revues.uqam.ca\/modele\/wp-json\/wp\/v2\/pages\/67","targetHints":{"allow":["GET"]}}],"collection":[{"href":"https:\/\/revues.uqam.ca\/modele\/wp-json\/wp\/v2\/pages"}],"about":[{"href":"https:\/\/revues.uqam.ca\/modele\/wp-json\/wp\/v2\/types\/page"}],"author":[{"embeddable":true,"href":"https:\/\/revues.uqam.ca\/modele\/wp-json\/wp\/v2\/users\/1"}],"replies":[{"embeddable":true,"href":"https:\/\/revues.uqam.ca\/modele\/wp-json\/wp\/v2\/comments?post=67"}],"version-history":[{"count":4,"href":"https:\/\/revues.uqam.ca\/modele\/wp-json\/wp\/v2\/pages\/67\/revisions"}],"predecessor-version":[{"id":13849,"href":"https:\/\/revues.uqam.ca\/modele\/wp-json\/wp\/v2\/pages\/67\/revisions\/13849"}],"up":[{"embeddable":true,"href":"https:\/\/revues.uqam.ca\/modele\/wp-json\/wp\/v2\/pages\/18"}],"wp:attachment":[{"href":"https:\/\/revues.uqam.ca\/modele\/wp-json\/wp\/v2\/media?parent=67"}],"wp:term":[{"taxonomy":"category","embeddable":true,"href":"https:\/\/revues.uqam.ca\/modele\/wp-json\/wp\/v2\/categories?post=67"}],"curies":[{"name":"wp","href":"https:\/\/api.w.org\/{rel}","templated":true}]}}