{"id":32,"date":"2023-01-10T16:21:04","date_gmt":"2023-01-10T21:21:04","guid":{"rendered":"https:\/\/revues.dev.uqam.ca\/iref\/?page_id=32"},"modified":"2024-03-14T18:06:21","modified_gmt":"2024-03-14T18:06:21","slug":"archives","status":"publish","type":"page","link":"https:\/\/revues.uqam.ca\/modele\/numeros-revue\/archives\/","title":{"rendered":"Archives"},"content":{"rendered":"<div class=\"custom-tax-archive container\"><div class=\"row my-6 item-article\"><div class=\"col-12 col-md-2 d-flex justify-content-center justify-content-md-start pl-md-0 mb-3 mb-md-0 order-2 order-md-1\"><a href=\"https:\/\/revues.uqam.ca\/modele\/numeros\/2023-blogue\/\"><img decoding=\"async\" loading=\"lazy\" class=\"img-fluid\" src=\"https:\/\/placehold.co\/400x600\/333333\/FFFFFF\/png\/?text=2023%3A+Blogue\" alt=\"\"><\/a><\/div><div class=\"col-12 col-md-10 order-1 order-md-2\"><div class=\"post-metadata m-0\"><span class=\"date-published\">Publi\u00e9 le 1 janvier 2023<\/span><\/div><h3 class=\"entry-title-revues mt-3\"><a href=\"https:\/\/revues.uqam.ca\/modele\/numeros\/2023-blogue\/\">2023: Blogue<\/a><\/h3><section class=\"item author-list mb-3\"><div class=\"author-list mb-3\" itemprop=\"creator\" itemscope=\"\" itemtype=\"http:\/\/schema.org\/Person\"><\/div><\/section><p><\/p><\/div><\/div><div class=\"row my-6 item-article\"><div class=\"col-12 col-md-2 d-flex justify-content-center justify-content-md-start pl-md-0 mb-3 mb-md-0 order-2 order-md-1\"><a href=\"https:\/\/revues.uqam.ca\/modele\/numeros\/vol-1-no-2-2022-ete\/\"><img decoding=\"async\" loading=\"lazy\" class=\"img-fluid\" src=\"https:\/\/edition-formation.uqam.ca\/public\/journals\/3\/cover_issue_4_fr_CA.png\" alt=\"\"><\/a><\/div><div class=\"col-12 col-md-10 order-1 order-md-2\"><div class=\"post-metadata m-0\"><span class=\"date-published\">Publi\u00e9 le 28 f\u00e9vrier 2023<\/span><\/div><h3 class=\"entry-title-revues mt-3\"><a href=\"https:\/\/revues.uqam.ca\/modele\/numeros\/vol-1-no-2-2022-ete\/\">Vol. 1 No. 2 (2022): \u00c9t\u00e9<\/a><\/h3><section class=\"item author-list mb-3\"><div class=\"author-list mb-3\" itemprop=\"creator\" itemscope=\"\" itemtype=\"http:\/\/schema.org\/Person\"><\/div><\/section><p>L'\u00e9dition estivale de la \"Revue pour la formation en communication savante\" offre un \u00e9ventail d'articles et de recherches approfondies qui mettent en lumi\u00e8re les d\u00e9fis, les tendances et les meilleures pratiques dans le domaine de la communication savante. Cette \u00e9dition rassemble des contributions d'experts de diverses disciplines, pr\u00e9sentant des perspectives uniques et innovantes pour am\u00e9liorer la qualit\u00e9 et l'impact de la communication acad\u00e9mique. En parcourant cette \u00e9dition, les lecteurs d\u00e9couvriront de nouvelles id\u00e9es et des conseils pr\u00e9cieux pour enrichir leur exp\u00e9rience dans la formation en communication savante.<\/p><\/div><\/div><div class=\"row my-6 item-article\"><div class=\"col-12 col-md-2 d-flex justify-content-center justify-content-md-start pl-md-0 mb-3 mb-md-0 order-2 order-md-1\"><a href=\"https:\/\/revues.uqam.ca\/modele\/numeros\/vol-1-no-2-2022-permier-numero-de-lannee\/\"><img decoding=\"async\" loading=\"lazy\" class=\"img-fluid\" src=\"https:\/\/placehold.co\/400x600\/333333\/FFFFFF\/png\/?text=Vol.+1+No.+2+%282022%29%3A+Permier+num%C3%A9ro+de+l%27ann%C3%A9e\" alt=\"\"><\/a><\/div><div class=\"col-12 col-md-10 order-1 order-md-2\"><div class=\"post-metadata m-0\"><span class=\"date-published\">Publi\u00e9 le 30 novembre 2023<\/span><\/div><h3 class=\"entry-title-revues mt-3\"><a href=\"https:\/\/revues.uqam.ca\/modele\/numeros\/vol-1-no-2-2022-permier-numero-de-lannee\/\">Vol. 1 No. 2 (2022): Permier num\u00e9ro de l&#039;ann\u00e9e<\/a><\/h3><section class=\"item author-list mb-3\"><div class=\"author-list mb-3\" itemprop=\"creator\" itemscope=\"\" itemtype=\"http:\/\/schema.org\/Person\"><\/div><\/section><p><\/p><\/div><\/div><div class=\"row my-6 item-article\"><div class=\"col-12 col-md-2 d-flex justify-content-center justify-content-md-start pl-md-0 mb-3 mb-md-0 order-2 order-md-1\"><a href=\"https:\/\/revues.uqam.ca\/modele\/numeros\/vol-1-no-1-2022-printemps\/\"><img decoding=\"async\" loading=\"lazy\" class=\"img-fluid\" src=\"https:\/\/edition-formation.uqam.ca\/public\/journals\/3\/cover_issue_1_fr_CA.png\" alt=\"\"><\/a><\/div><div class=\"col-12 col-md-10 order-1 order-md-2\"><div class=\"post-metadata m-0\"><span class=\"date-published\">Publi\u00e9 le 28 f\u00e9vrier 2023<\/span><\/div><h3 class=\"entry-title-revues mt-3\"><a href=\"https:\/\/revues.uqam.ca\/modele\/numeros\/vol-1-no-1-2022-printemps\/\">Vol. 1 No. 1 (2022): Printemps<\/a><\/h3><section class=\"item author-list mb-3\"><div class=\"author-list mb-3\" itemprop=\"creator\" itemscope=\"\" itemtype=\"http:\/\/schema.org\/Person\"><\/div><\/section><p>D\u00e9couvrez notre dernier num\u00e9ro qui met en avant quelques sujets d'articles originaux passionnants. Vous y trouverez des analyses pointues sur les nouvelles tendances de la communication digitale, des r\u00e9flexions stimulantes sur l'impact de la culture populaire sur la soci\u00e9t\u00e9, ainsi que des investigations approfondies sur les enjeux \u00e9thiques li\u00e9s aux avanc\u00e9es technologiques. Ne manquez pas l'opportunit\u00e9 de plonger dans ces sujets de fond, trait\u00e9s par des experts reconnus dans leur domaine.<\/p><\/div><\/div><\/div>\n","protected":false},"excerpt":{"rendered":"","protected":false},"author":1,"featured_media":0,"parent":28,"menu_order":3,"comment_status":"closed","ping_status":"closed","template":"","meta":{"_acf_changed":false,"advgb_blocks_editor_width":"","advgb_blocks_columns_visual_guide":"","footnotes":""},"categories":[],"class_list":["post-32","page","type-page","status-publish","hentry"],"acf":[],"yoast_head":"<!-- This site is optimized with the Yoast SEO plugin v22.1 - https:\/\/yoast.com\/wordpress\/plugins\/seo\/ -->\n<title>Archives | Mod\u00e8le pour une revue savante<\/title>\n<meta name=\"robots\" content=\"noindex, follow, max-snippet:-1, max-image-preview:large, max-video-preview:-1\" \/>\n<meta property=\"og:locale\" content=\"fr_CA\" \/>\n<meta property=\"og:type\" content=\"article\" \/>\n<meta property=\"og:title\" content=\"Archives | Mod\u00e8le pour une revue savante\" \/>\n<meta property=\"og:url\" content=\"https:\/\/revues.uqam.ca\/modele\/numeros-revue\/archives\/\" \/>\n<meta property=\"og:site_name\" content=\"Mod\u00e8le pour une revue savante\" \/>\n<meta property=\"article:modified_time\" content=\"2024-03-14T18:06:21+00:00\" \/>\n<meta property=\"og:image\" content=\"https:\/\/revues.uqam.ca\/modele\/wp-content\/uploads\/sites\/5\/2024\/04\/Logo-carre-NONOFFICIEL.png\" \/>\n\t<meta property=\"og:image:width\" content=\"360\" \/>\n\t<meta property=\"og:image:height\" content=\"360\" \/>\n\t<meta property=\"og:image:type\" content=\"image\/png\" \/>\n<meta name=\"twitter:card\" content=\"summary_large_image\" \/>\n<meta name=\"twitter:label1\" content=\"Estimation du temps de lecture\" \/>\n\t<meta name=\"twitter:data1\" content=\"1 minute\" \/>\n<script type=\"application\/ld+json\" class=\"yoast-schema-graph\">{\"@context\":\"https:\/\/schema.org\",\"@graph\":[{\"@type\":\"WebPage\",\"@id\":\"https:\/\/revues.uqam.ca\/modele\/numeros-revue\/archives\/\",\"url\":\"https:\/\/revues.uqam.ca\/modele\/numeros-revue\/archives\/\",\"name\":\"Archives | Mod\u00e8le pour une revue savante\",\"isPartOf\":{\"@id\":\"https:\/\/revues.uqam.ca\/modele\/#website\"},\"datePublished\":\"2023-01-10T21:21:04+00:00\",\"dateModified\":\"2024-03-14T18:06:21+00:00\",\"breadcrumb\":{\"@id\":\"https:\/\/revues.uqam.ca\/modele\/numeros-revue\/archives\/#breadcrumb\"},\"inLanguage\":\"fr-CA\",\"potentialAction\":[{\"@type\":\"ReadAction\",\"target\":[\"https:\/\/revues.uqam.ca\/modele\/numeros-revue\/archives\/\"]}]},{\"@type\":\"BreadcrumbList\",\"@id\":\"https:\/\/revues.uqam.ca\/modele\/numeros-revue\/archives\/#breadcrumb\",\"itemListElement\":[{\"@type\":\"ListItem\",\"position\":1,\"name\":\"UQAM\",\"item\":\"https:\/\/uqam.ca\"},{\"@type\":\"ListItem\",\"position\":2,\"name\":\"Mod\u00e8le pour une revue savante\",\"item\":\"https:\/\/revues.uqam.ca\/modele\"},{\"@type\":\"ListItem\",\"position\":3,\"name\":\"Num\u00e9ros\",\"item\":\"https:\/\/revues.uqam.ca\/modele\/numeros-revue\/\"},{\"@type\":\"ListItem\",\"position\":4,\"name\":\"Archives\"}]},{\"@type\":\"WebSite\",\"@id\":\"https:\/\/revues.uqam.ca\/modele\/#website\",\"url\":\"https:\/\/revues.uqam.ca\/modele\/\",\"name\":\"Mod\u00e8le revue\",\"description\":\"\",\"alternateName\":\"Mod\u00e8le revue UQAM\",\"potentialAction\":[{\"@type\":\"SearchAction\",\"target\":{\"@type\":\"EntryPoint\",\"urlTemplate\":\"https:\/\/revues.uqam.ca\/modele\/recherche\/?q={search_term_string}\"},\"query-input\":\"required name=search_term_string\"}],\"inLanguage\":\"fr-CA\"}]}<\/script>\n<!-- \/ Yoast SEO plugin. -->","yoast_head_json":{"title":"Archives | Mod\u00e8le pour une revue savante","robots":{"index":"noindex","follow":"follow","max-snippet":"max-snippet:-1","max-image-preview":"max-image-preview:large","max-video-preview":"max-video-preview:-1"},"og_locale":"fr_CA","og_type":"article","og_title":"Archives | Mod\u00e8le pour une revue savante","og_url":"https:\/\/revues.uqam.ca\/modele\/numeros-revue\/archives\/","og_site_name":"Mod\u00e8le pour une revue savante","article_modified_time":"2024-03-14T18:06:21+00:00","og_image":[{"width":360,"height":360,"url":"https:\/\/revues.uqam.ca\/modele\/wp-content\/uploads\/sites\/5\/2024\/04\/Logo-carre-NONOFFICIEL.png","type":"image\/png"}],"twitter_card":"summary_large_image","twitter_misc":{"Estimation du temps de lecture":"1 minute"},"schema":{"@context":"https:\/\/schema.org","@graph":[{"@type":"WebPage","@id":"https:\/\/revues.uqam.ca\/modele\/numeros-revue\/archives\/","url":"https:\/\/revues.uqam.ca\/modele\/numeros-revue\/archives\/","name":"Archives | Mod\u00e8le pour une revue savante","isPartOf":{"@id":"https:\/\/revues.uqam.ca\/modele\/#website"},"datePublished":"2023-01-10T21:21:04+00:00","dateModified":"2024-03-14T18:06:21+00:00","breadcrumb":{"@id":"https:\/\/revues.uqam.ca\/modele\/numeros-revue\/archives\/#breadcrumb"},"inLanguage":"fr-CA","potentialAction":[{"@type":"ReadAction","target":["https:\/\/revues.uqam.ca\/modele\/numeros-revue\/archives\/"]}]},{"@type":"BreadcrumbList","@id":"https:\/\/revues.uqam.ca\/modele\/numeros-revue\/archives\/#breadcrumb","itemListElement":[{"@type":"ListItem","position":1,"name":"UQAM","item":"https:\/\/uqam.ca"},{"@type":"ListItem","position":2,"name":"Mod\u00e8le pour une revue savante","item":"https:\/\/revues.uqam.ca\/modele"},{"@type":"ListItem","position":3,"name":"Num\u00e9ros","item":"https:\/\/revues.uqam.ca\/modele\/numeros-revue\/"},{"@type":"ListItem","position":4,"name":"Archives"}]},{"@type":"WebSite","@id":"https:\/\/revues.uqam.ca\/modele\/#website","url":"https:\/\/revues.uqam.ca\/modele\/","name":"Mod\u00e8le revue","description":"","alternateName":"Mod\u00e8le revue UQAM","potentialAction":[{"@type":"SearchAction","target":{"@type":"EntryPoint","urlTemplate":"https:\/\/revues.uqam.ca\/modele\/recherche\/?q={search_term_string}"},"query-input":"required name=search_term_string"}],"inLanguage":"fr-CA"}]}},"coauthors":[{"link":"https:\/\/revues.uqam.ca\/modele\/author\/laporte_jon\/","display_name":"Jonathan Laporte"}],"author_meta":{"author_link":"https:\/\/revues.uqam.ca\/modele\/author\/laporte_jon\/","display_name":"Jonathan Laporte"},"relative_dates":{"created":"Posted 3 ann\u00e9es ago","modified":"Updated 2 ann\u00e9es ago"},"absolute_dates":{"created":"Posted on 2023-01-10","modified":"Updated on 2024-03-14"},"absolute_dates_time":{"created":"Posted on 2023-01-10 16 h 21 min","modified":"Updated on 2024-03-14 18 h 06 min"},"featured_img_caption":"","featured_img":false,"series_order":"","_links":{"self":[{"href":"https:\/\/revues.uqam.ca\/modele\/wp-json\/wp\/v2\/pages\/32","targetHints":{"allow":["GET"]}}],"collection":[{"href":"https:\/\/revues.uqam.ca\/modele\/wp-json\/wp\/v2\/pages"}],"about":[{"href":"https:\/\/revues.uqam.ca\/modele\/wp-json\/wp\/v2\/types\/page"}],"author":[{"embeddable":true,"href":"https:\/\/revues.uqam.ca\/modele\/wp-json\/wp\/v2\/users\/1"}],"replies":[{"embeddable":true,"href":"https:\/\/revues.uqam.ca\/modele\/wp-json\/wp\/v2\/comments?post=32"}],"version-history":[{"count":2,"href":"https:\/\/revues.uqam.ca\/modele\/wp-json\/wp\/v2\/pages\/32\/revisions"}],"predecessor-version":[{"id":13181,"href":"https:\/\/revues.uqam.ca\/modele\/wp-json\/wp\/v2\/pages\/32\/revisions\/13181"}],"up":[{"embeddable":true,"href":"https:\/\/revues.uqam.ca\/modele\/wp-json\/wp\/v2\/pages\/28"}],"wp:attachment":[{"href":"https:\/\/revues.uqam.ca\/modele\/wp-json\/wp\/v2\/media?parent=32"}],"wp:term":[{"taxonomy":"category","embeddable":true,"href":"https:\/\/revues.uqam.ca\/modele\/wp-json\/wp\/v2\/categories?post=32"}],"curies":[{"name":"wp","href":"https:\/\/api.w.org\/{rel}","templated":true}]}}