{"id":311,"date":"2023-02-28T14:36:19","date_gmt":"2023-02-28T19:36:19","guid":{"rendered":"https:\/\/revues.uqam.ca\/modele\/?page_id=311"},"modified":"2023-12-05T22:04:16","modified_gmt":"2023-12-05T22:04:16","slug":"en-premiere","status":"publish","type":"page","link":"https:\/\/revues.uqam.ca\/modele\/numeros-revue\/en-premiere\/","title":{"rendered":"En premi\u00e8re"},"content":{"rendered":"\n<p class=\"has-very-light-gray-to-cyan-bluish-gray-gradient-background has-background\">Article pr\u00eat pour publication, mais non associ\u00e9 actuellement \u00e0 un num\u00e9ro.<\/p>\n","protected":false},"excerpt":{"rendered":"<p>Article pr\u00eat pour publication, mais non associ\u00e9 actuellement \u00e0 un num\u00e9ro.<\/p>\n","protected":false},"author":1,"featured_media":0,"parent":28,"menu_order":1,"comment_status":"closed","ping_status":"closed","template":"","meta":{"_acf_changed":false,"advgb_blocks_editor_width":"","advgb_blocks_columns_visual_guide":"","footnotes":""},"categories":[],"class_list":["post-311","page","type-page","status-publish","hentry"],"acf":[],"yoast_head":"<!-- This site is optimized with the Yoast SEO plugin v22.1 - https:\/\/yoast.com\/wordpress\/plugins\/seo\/ -->\n<title>En premi\u00e8re | Mod\u00e8le pour une revue savante<\/title>\n<meta name=\"robots\" content=\"noindex, follow, max-snippet:-1, max-image-preview:large, max-video-preview:-1\" \/>\n<meta property=\"og:locale\" content=\"fr_CA\" \/>\n<meta property=\"og:type\" content=\"article\" \/>\n<meta property=\"og:title\" content=\"En premi\u00e8re | Mod\u00e8le pour une revue savante\" \/>\n<meta property=\"og:description\" content=\"Article pr\u00eat pour publication, mais non associ\u00e9 actuellement \u00e0 un num\u00e9ro.\" \/>\n<meta property=\"og:url\" content=\"https:\/\/revues.uqam.ca\/modele\/numeros-revue\/en-premiere\/\" \/>\n<meta property=\"og:site_name\" content=\"Mod\u00e8le pour une revue savante\" \/>\n<meta property=\"article:modified_time\" content=\"2023-12-05T22:04:16+00:00\" \/>\n<meta property=\"og:image\" content=\"https:\/\/revues.uqam.ca\/modele\/wp-content\/uploads\/sites\/5\/2024\/04\/Logo-carre-NONOFFICIEL.png\" \/>\n\t<meta property=\"og:image:width\" content=\"360\" \/>\n\t<meta property=\"og:image:height\" content=\"360\" \/>\n\t<meta property=\"og:image:type\" content=\"image\/png\" \/>\n<meta name=\"twitter:card\" content=\"summary_large_image\" \/>\n<meta name=\"twitter:label1\" content=\"Estimation du temps de lecture\" \/>\n\t<meta name=\"twitter:data1\" content=\"1 minute\" \/>\n<script type=\"application\/ld+json\" class=\"yoast-schema-graph\">{\"@context\":\"https:\/\/schema.org\",\"@graph\":[{\"@type\":\"WebPage\",\"@id\":\"https:\/\/revues.uqam.ca\/modele\/numeros-revue\/en-premiere\/\",\"url\":\"https:\/\/revues.uqam.ca\/modele\/numeros-revue\/en-premiere\/\",\"name\":\"En premi\u00e8re | Mod\u00e8le pour une revue savante\",\"isPartOf\":{\"@id\":\"https:\/\/revues.uqam.ca\/modele\/#website\"},\"datePublished\":\"2023-02-28T19:36:19+00:00\",\"dateModified\":\"2023-12-05T22:04:16+00:00\",\"breadcrumb\":{\"@id\":\"https:\/\/revues.uqam.ca\/modele\/numeros-revue\/en-premiere\/#breadcrumb\"},\"inLanguage\":\"fr-CA\",\"potentialAction\":[{\"@type\":\"ReadAction\",\"target\":[\"https:\/\/revues.uqam.ca\/modele\/numeros-revue\/en-premiere\/\"]}]},{\"@type\":\"BreadcrumbList\",\"@id\":\"https:\/\/revues.uqam.ca\/modele\/numeros-revue\/en-premiere\/#breadcrumb\",\"itemListElement\":[{\"@type\":\"ListItem\",\"position\":1,\"name\":\"UQAM\",\"item\":\"https:\/\/uqam.ca\"},{\"@type\":\"ListItem\",\"position\":2,\"name\":\"Mod\u00e8le pour une revue savante\",\"item\":\"https:\/\/revues.uqam.ca\/modele\"},{\"@type\":\"ListItem\",\"position\":3,\"name\":\"Num\u00e9ros\",\"item\":\"https:\/\/revues.uqam.ca\/modele\/numeros-revue\/\"},{\"@type\":\"ListItem\",\"position\":4,\"name\":\"En premi\u00e8re\"}]},{\"@type\":\"WebSite\",\"@id\":\"https:\/\/revues.uqam.ca\/modele\/#website\",\"url\":\"https:\/\/revues.uqam.ca\/modele\/\",\"name\":\"Mod\u00e8le revue\",\"description\":\"\",\"alternateName\":\"Mod\u00e8le revue UQAM\",\"potentialAction\":[{\"@type\":\"SearchAction\",\"target\":{\"@type\":\"EntryPoint\",\"urlTemplate\":\"https:\/\/revues.uqam.ca\/modele\/recherche\/?q={search_term_string}\"},\"query-input\":\"required name=search_term_string\"}],\"inLanguage\":\"fr-CA\"}]}<\/script>\n<!-- \/ Yoast SEO plugin. -->","yoast_head_json":{"title":"En premi\u00e8re | Mod\u00e8le pour une revue savante","robots":{"index":"noindex","follow":"follow","max-snippet":"max-snippet:-1","max-image-preview":"max-image-preview:large","max-video-preview":"max-video-preview:-1"},"og_locale":"fr_CA","og_type":"article","og_title":"En premi\u00e8re | Mod\u00e8le pour une revue savante","og_description":"Article pr\u00eat pour publication, mais non associ\u00e9 actuellement \u00e0 un num\u00e9ro.","og_url":"https:\/\/revues.uqam.ca\/modele\/numeros-revue\/en-premiere\/","og_site_name":"Mod\u00e8le pour une revue savante","article_modified_time":"2023-12-05T22:04:16+00:00","og_image":[{"width":360,"height":360,"url":"https:\/\/revues.uqam.ca\/modele\/wp-content\/uploads\/sites\/5\/2024\/04\/Logo-carre-NONOFFICIEL.png","type":"image\/png"}],"twitter_card":"summary_large_image","twitter_misc":{"Estimation du temps de lecture":"1 minute"},"schema":{"@context":"https:\/\/schema.org","@graph":[{"@type":"WebPage","@id":"https:\/\/revues.uqam.ca\/modele\/numeros-revue\/en-premiere\/","url":"https:\/\/revues.uqam.ca\/modele\/numeros-revue\/en-premiere\/","name":"En premi\u00e8re | Mod\u00e8le pour une revue savante","isPartOf":{"@id":"https:\/\/revues.uqam.ca\/modele\/#website"},"datePublished":"2023-02-28T19:36:19+00:00","dateModified":"2023-12-05T22:04:16+00:00","breadcrumb":{"@id":"https:\/\/revues.uqam.ca\/modele\/numeros-revue\/en-premiere\/#breadcrumb"},"inLanguage":"fr-CA","potentialAction":[{"@type":"ReadAction","target":["https:\/\/revues.uqam.ca\/modele\/numeros-revue\/en-premiere\/"]}]},{"@type":"BreadcrumbList","@id":"https:\/\/revues.uqam.ca\/modele\/numeros-revue\/en-premiere\/#breadcrumb","itemListElement":[{"@type":"ListItem","position":1,"name":"UQAM","item":"https:\/\/uqam.ca"},{"@type":"ListItem","position":2,"name":"Mod\u00e8le pour une revue savante","item":"https:\/\/revues.uqam.ca\/modele"},{"@type":"ListItem","position":3,"name":"Num\u00e9ros","item":"https:\/\/revues.uqam.ca\/modele\/numeros-revue\/"},{"@type":"ListItem","position":4,"name":"En premi\u00e8re"}]},{"@type":"WebSite","@id":"https:\/\/revues.uqam.ca\/modele\/#website","url":"https:\/\/revues.uqam.ca\/modele\/","name":"Mod\u00e8le revue","description":"","alternateName":"Mod\u00e8le revue UQAM","potentialAction":[{"@type":"SearchAction","target":{"@type":"EntryPoint","urlTemplate":"https:\/\/revues.uqam.ca\/modele\/recherche\/?q={search_term_string}"},"query-input":"required name=search_term_string"}],"inLanguage":"fr-CA"}]}},"coauthors":[{"link":"https:\/\/revues.uqam.ca\/modele\/author\/laporte_jon\/","display_name":"Jonathan Laporte"}],"author_meta":{"author_link":"https:\/\/revues.uqam.ca\/modele\/author\/laporte_jon\/","display_name":"Jonathan Laporte"},"relative_dates":{"created":"Posted 3 ann\u00e9es ago","modified":"Updated 2 ann\u00e9es ago"},"absolute_dates":{"created":"Posted on 2023-02-28","modified":"Updated on 2023-12-05"},"absolute_dates_time":{"created":"Posted on 2023-02-28 14 h 36 min","modified":"Updated on 2023-12-05 22 h 04 min"},"featured_img_caption":"","featured_img":false,"series_order":"","_links":{"self":[{"href":"https:\/\/revues.uqam.ca\/modele\/wp-json\/wp\/v2\/pages\/311","targetHints":{"allow":["GET"]}}],"collection":[{"href":"https:\/\/revues.uqam.ca\/modele\/wp-json\/wp\/v2\/pages"}],"about":[{"href":"https:\/\/revues.uqam.ca\/modele\/wp-json\/wp\/v2\/types\/page"}],"author":[{"embeddable":true,"href":"https:\/\/revues.uqam.ca\/modele\/wp-json\/wp\/v2\/users\/1"}],"replies":[{"embeddable":true,"href":"https:\/\/revues.uqam.ca\/modele\/wp-json\/wp\/v2\/comments?post=311"}],"version-history":[{"count":1,"href":"https:\/\/revues.uqam.ca\/modele\/wp-json\/wp\/v2\/pages\/311\/revisions"}],"predecessor-version":[{"id":13051,"href":"https:\/\/revues.uqam.ca\/modele\/wp-json\/wp\/v2\/pages\/311\/revisions\/13051"}],"up":[{"embeddable":true,"href":"https:\/\/revues.uqam.ca\/modele\/wp-json\/wp\/v2\/pages\/28"}],"wp:attachment":[{"href":"https:\/\/revues.uqam.ca\/modele\/wp-json\/wp\/v2\/media?parent=311"}],"wp:term":[{"taxonomy":"category","embeddable":true,"href":"https:\/\/revues.uqam.ca\/modele\/wp-json\/wp\/v2\/categories?post=311"}],"curies":[{"name":"wp","href":"https:\/\/api.w.org\/{rel}","templated":true}]}}