{"id":14111,"date":"2024-05-14T19:42:55","date_gmt":"2024-05-14T19:42:55","guid":{"rendered":"https:\/\/revues.uqam.ca\/modele\/?page_id=14111"},"modified":"2024-11-11T15:54:11","modified_gmt":"2024-11-11T15:54:11","slug":"valorisation-des-personnes-evaluatrices","status":"publish","type":"page","link":"https:\/\/revues.uqam.ca\/modele\/evaluation-par-les-pairs\/valorisation-des-personnes-evaluatrices\/","title":{"rendered":"Valorisation des personnes \u00e9valuatrices"},"content":{"rendered":"\n<div class=\"wp-block-group\"><div class=\"wp-block-group__inner-container is-layout-constrained wp-block-group-is-layout-constrained\">\n<div class=\"wp-block-group has-very-light-gray-to-cyan-bluish-gray-gradient-background has-background\"><div class=\"wp-block-group__inner-container is-layout-constrained wp-block-group-is-layout-constrained\">\n<p>Pr\u00e9voyez des m\u00e9canismes afin de valoriser le travail d&rsquo;\u00e9valuation effectu\u00e9 par vos \u00e9valuateurs et \u00e9valuatrices.  Par exemple, vous pouvez:<\/p>\n\n\n\n<ul class=\"wp-block-list\">\n<li>Envoyez un courriel de remerciements personnalis\u00e9s;<\/li>\n\n\n\n<li>Inscrire leurs noms en tant que collaborateurs ou collaboratrices pour votre revue;<\/li>\n\n\n\n<li> Remettre gratuitement un num\u00e9ro de la revue;<\/li>\n\n\n\n<li>Planifiez des activit\u00e9s de reconnaissance pour valoriser leur r\u00f4le dans la diffusion de la recherche.<\/li>\n<\/ul>\n<\/div><\/div>\n<\/div><\/div>\n\n\n\n<p>Ressources<\/p>\n\n\n\n<p><a href=\"https:\/\/peerreviewweek.wordpress.com\/\">Peer Review Week<\/a><\/p>\n","protected":false},"excerpt":{"rendered":"<p>Pr\u00e9voyez des m\u00e9canismes afin de valoriser le travail d&rsquo;\u00e9valuation effectu\u00e9 par vos \u00e9valuateurs et \u00e9valuatrices. Par exemple, vous pouvez: Ressources Peer Review Week<\/p>\n","protected":false},"author":11,"featured_media":0,"parent":14057,"menu_order":10,"comment_status":"closed","ping_status":"closed","template":"","meta":{"_acf_changed":false,"advgb_blocks_editor_width":"","advgb_blocks_columns_visual_guide":"","footnotes":""},"categories":[],"class_list":["post-14111","page","type-page","status-publish","hentry"],"acf":[],"yoast_head":"<!-- This site is optimized with the Yoast SEO plugin v22.1 - https:\/\/yoast.com\/wordpress\/plugins\/seo\/ -->\n<title>Valorisation des personnes \u00e9valuatrices | Mod\u00e8le pour une revue savante<\/title>\n<meta name=\"robots\" content=\"noindex, follow, max-snippet:-1, max-image-preview:large, max-video-preview:-1\" \/>\n<meta property=\"og:locale\" content=\"fr_CA\" \/>\n<meta property=\"og:type\" content=\"article\" \/>\n<meta property=\"og:title\" content=\"Valorisation des personnes \u00e9valuatrices | Mod\u00e8le pour une revue savante\" \/>\n<meta property=\"og:description\" content=\"Pr\u00e9voyez des m\u00e9canismes afin de valoriser le travail d&rsquo;\u00e9valuation effectu\u00e9 par vos \u00e9valuateurs et \u00e9valuatrices. Par exemple, vous pouvez: Ressources Peer Review Week\" \/>\n<meta property=\"og:url\" content=\"https:\/\/revues.uqam.ca\/modele\/evaluation-par-les-pairs\/valorisation-des-personnes-evaluatrices\/\" \/>\n<meta property=\"og:site_name\" content=\"Mod\u00e8le pour une revue savante\" \/>\n<meta property=\"article:modified_time\" content=\"2024-11-11T15:54:11+00:00\" \/>\n<meta property=\"og:image\" content=\"https:\/\/revues.uqam.ca\/modele\/wp-content\/uploads\/sites\/5\/2024\/04\/Logo-carre-NONOFFICIEL.png\" \/>\n\t<meta property=\"og:image:width\" content=\"360\" \/>\n\t<meta property=\"og:image:height\" content=\"360\" \/>\n\t<meta property=\"og:image:type\" content=\"image\/png\" \/>\n<meta name=\"twitter:card\" content=\"summary_large_image\" \/>\n<meta name=\"twitter:label1\" content=\"Estimation du temps de lecture\" \/>\n\t<meta name=\"twitter:data1\" content=\"1 minute\" \/>\n<script type=\"application\/ld+json\" class=\"yoast-schema-graph\">{\"@context\":\"https:\/\/schema.org\",\"@graph\":[{\"@type\":\"WebPage\",\"@id\":\"https:\/\/revues.uqam.ca\/modele\/evaluation-par-les-pairs\/valorisation-des-personnes-evaluatrices\/\",\"url\":\"https:\/\/revues.uqam.ca\/modele\/evaluation-par-les-pairs\/valorisation-des-personnes-evaluatrices\/\",\"name\":\"Valorisation des personnes \u00e9valuatrices | Mod\u00e8le pour une revue savante\",\"isPartOf\":{\"@id\":\"https:\/\/revues.uqam.ca\/modele\/#website\"},\"datePublished\":\"2024-05-14T19:42:55+00:00\",\"dateModified\":\"2024-11-11T15:54:11+00:00\",\"breadcrumb\":{\"@id\":\"https:\/\/revues.uqam.ca\/modele\/evaluation-par-les-pairs\/valorisation-des-personnes-evaluatrices\/#breadcrumb\"},\"inLanguage\":\"fr-CA\",\"potentialAction\":[{\"@type\":\"ReadAction\",\"target\":[\"https:\/\/revues.uqam.ca\/modele\/evaluation-par-les-pairs\/valorisation-des-personnes-evaluatrices\/\"]}]},{\"@type\":\"BreadcrumbList\",\"@id\":\"https:\/\/revues.uqam.ca\/modele\/evaluation-par-les-pairs\/valorisation-des-personnes-evaluatrices\/#breadcrumb\",\"itemListElement\":[{\"@type\":\"ListItem\",\"position\":1,\"name\":\"UQAM\",\"item\":\"https:\/\/uqam.ca\"},{\"@type\":\"ListItem\",\"position\":2,\"name\":\"Mod\u00e8le pour une revue savante\",\"item\":\"https:\/\/revues.uqam.ca\/modele\"},{\"@type\":\"ListItem\",\"position\":3,\"name\":\"\u00c9valuation par les pairs\",\"item\":\"https:\/\/revues.uqam.ca\/modele\/evaluation-par-les-pairs\/\"},{\"@type\":\"ListItem\",\"position\":4,\"name\":\"Valorisation des personnes \u00e9valuatrices\"}]},{\"@type\":\"WebSite\",\"@id\":\"https:\/\/revues.uqam.ca\/modele\/#website\",\"url\":\"https:\/\/revues.uqam.ca\/modele\/\",\"name\":\"Mod\u00e8le revue\",\"description\":\"\",\"alternateName\":\"Mod\u00e8le revue UQAM\",\"potentialAction\":[{\"@type\":\"SearchAction\",\"target\":{\"@type\":\"EntryPoint\",\"urlTemplate\":\"https:\/\/revues.uqam.ca\/modele\/recherche\/?q={search_term_string}\"},\"query-input\":\"required name=search_term_string\"}],\"inLanguage\":\"fr-CA\"}]}<\/script>\n<!-- \/ Yoast SEO plugin. -->","yoast_head_json":{"title":"Valorisation des personnes \u00e9valuatrices | Mod\u00e8le pour une revue savante","robots":{"index":"noindex","follow":"follow","max-snippet":"max-snippet:-1","max-image-preview":"max-image-preview:large","max-video-preview":"max-video-preview:-1"},"og_locale":"fr_CA","og_type":"article","og_title":"Valorisation des personnes \u00e9valuatrices | Mod\u00e8le pour une revue savante","og_description":"Pr\u00e9voyez des m\u00e9canismes afin de valoriser le travail d&rsquo;\u00e9valuation effectu\u00e9 par vos \u00e9valuateurs et \u00e9valuatrices. Par exemple, vous pouvez: Ressources Peer Review Week","og_url":"https:\/\/revues.uqam.ca\/modele\/evaluation-par-les-pairs\/valorisation-des-personnes-evaluatrices\/","og_site_name":"Mod\u00e8le pour une revue savante","article_modified_time":"2024-11-11T15:54:11+00:00","og_image":[{"width":360,"height":360,"url":"https:\/\/revues.uqam.ca\/modele\/wp-content\/uploads\/sites\/5\/2024\/04\/Logo-carre-NONOFFICIEL.png","type":"image\/png"}],"twitter_card":"summary_large_image","twitter_misc":{"Estimation du temps de lecture":"1 minute"},"schema":{"@context":"https:\/\/schema.org","@graph":[{"@type":"WebPage","@id":"https:\/\/revues.uqam.ca\/modele\/evaluation-par-les-pairs\/valorisation-des-personnes-evaluatrices\/","url":"https:\/\/revues.uqam.ca\/modele\/evaluation-par-les-pairs\/valorisation-des-personnes-evaluatrices\/","name":"Valorisation des personnes \u00e9valuatrices | Mod\u00e8le pour une revue savante","isPartOf":{"@id":"https:\/\/revues.uqam.ca\/modele\/#website"},"datePublished":"2024-05-14T19:42:55+00:00","dateModified":"2024-11-11T15:54:11+00:00","breadcrumb":{"@id":"https:\/\/revues.uqam.ca\/modele\/evaluation-par-les-pairs\/valorisation-des-personnes-evaluatrices\/#breadcrumb"},"inLanguage":"fr-CA","potentialAction":[{"@type":"ReadAction","target":["https:\/\/revues.uqam.ca\/modele\/evaluation-par-les-pairs\/valorisation-des-personnes-evaluatrices\/"]}]},{"@type":"BreadcrumbList","@id":"https:\/\/revues.uqam.ca\/modele\/evaluation-par-les-pairs\/valorisation-des-personnes-evaluatrices\/#breadcrumb","itemListElement":[{"@type":"ListItem","position":1,"name":"UQAM","item":"https:\/\/uqam.ca"},{"@type":"ListItem","position":2,"name":"Mod\u00e8le pour une revue savante","item":"https:\/\/revues.uqam.ca\/modele"},{"@type":"ListItem","position":3,"name":"\u00c9valuation par les pairs","item":"https:\/\/revues.uqam.ca\/modele\/evaluation-par-les-pairs\/"},{"@type":"ListItem","position":4,"name":"Valorisation des personnes \u00e9valuatrices"}]},{"@type":"WebSite","@id":"https:\/\/revues.uqam.ca\/modele\/#website","url":"https:\/\/revues.uqam.ca\/modele\/","name":"Mod\u00e8le revue","description":"","alternateName":"Mod\u00e8le revue UQAM","potentialAction":[{"@type":"SearchAction","target":{"@type":"EntryPoint","urlTemplate":"https:\/\/revues.uqam.ca\/modele\/recherche\/?q={search_term_string}"},"query-input":"required name=search_term_string"}],"inLanguage":"fr-CA"}]}},"coauthors":[{"link":"https:\/\/revues.uqam.ca\/modele\/author\/godina\/","display_name":"Alexandre Godin"}],"author_meta":{"author_link":"https:\/\/revues.uqam.ca\/modele\/author\/godina\/","display_name":"Alexandre Godin"},"relative_dates":{"created":"Posted 2 ann\u00e9es ago","modified":"Updated 1 ann\u00e9e ago"},"absolute_dates":{"created":"Posted on 2024-05-14","modified":"Updated on 2024-11-11"},"absolute_dates_time":{"created":"Posted on 2024-05-14 19 h 42 min","modified":"Updated on 2024-11-11 15 h 54 min"},"featured_img_caption":"","featured_img":false,"series_order":"","_links":{"self":[{"href":"https:\/\/revues.uqam.ca\/modele\/wp-json\/wp\/v2\/pages\/14111","targetHints":{"allow":["GET"]}}],"collection":[{"href":"https:\/\/revues.uqam.ca\/modele\/wp-json\/wp\/v2\/pages"}],"about":[{"href":"https:\/\/revues.uqam.ca\/modele\/wp-json\/wp\/v2\/types\/page"}],"author":[{"embeddable":true,"href":"https:\/\/revues.uqam.ca\/modele\/wp-json\/wp\/v2\/users\/11"}],"replies":[{"embeddable":true,"href":"https:\/\/revues.uqam.ca\/modele\/wp-json\/wp\/v2\/comments?post=14111"}],"version-history":[{"count":6,"href":"https:\/\/revues.uqam.ca\/modele\/wp-json\/wp\/v2\/pages\/14111\/revisions"}],"predecessor-version":[{"id":14370,"href":"https:\/\/revues.uqam.ca\/modele\/wp-json\/wp\/v2\/pages\/14111\/revisions\/14370"}],"up":[{"embeddable":true,"href":"https:\/\/revues.uqam.ca\/modele\/wp-json\/wp\/v2\/pages\/14057"}],"wp:attachment":[{"href":"https:\/\/revues.uqam.ca\/modele\/wp-json\/wp\/v2\/media?parent=14111"}],"wp:term":[{"taxonomy":"category","embeddable":true,"href":"https:\/\/revues.uqam.ca\/modele\/wp-json\/wp\/v2\/categories?post=14111"}],"curies":[{"name":"wp","href":"https:\/\/api.w.org\/{rel}","templated":true}]}}