{"id":14063,"date":"2024-05-13T19:16:44","date_gmt":"2024-05-13T19:16:44","guid":{"rendered":"https:\/\/revues.uqam.ca\/modele\/?page_id=14063"},"modified":"2024-11-05T21:14:24","modified_gmt":"2024-11-05T21:14:24","slug":"directives-aux-personnes-evaluatrices","status":"publish","type":"page","link":"https:\/\/revues.uqam.ca\/modele\/evaluation-par-les-pairs\/directives-aux-personnes-evaluatrices\/","title":{"rendered":"Directives aux personnes \u00e9valuatrices"},"content":{"rendered":"\n<div class=\"wp-block-group has-very-light-gray-to-cyan-bluish-gray-gradient-background has-background\"><div class=\"wp-block-group__inner-container is-layout-constrained wp-block-group-is-layout-constrained\">\n<p>Il serait recommand\u00e9 de fournir \u00e0 vos \u00e9valuateurs et \u00e0 vos \u00e9valuatrices un document contenant les directives que vous souhaitez leur voir suivre.  Celui-ci pourrait pr\u00e9senter des consignes quant aux savoirs-\u00eatre attendus, tels que l&rsquo;importance d&rsquo;adopter une attitude professionnelle, de fournir des commentaires constructifs et de respecter les d\u00e9lais.  L&rsquo;on pourrait s&rsquo;attendre \u00e9galement \u00e0 retrouver de l&rsquo;information sur le d\u00e9roulement du processus d&rsquo;\u00e9valuation, le droit ou non \u00e0 l&rsquo;utilisation des outils d&rsquo;intelligence artificielle, le respect des r\u00e8gles de confidentialit\u00e9 ou encore les mesures entreprises pour \u00e9viter les conflits d&rsquo;int\u00e9r\u00eats.  <\/p>\n<\/div><\/div>\n\n\n\n<p>R\u00e9f\u00e9rences<\/p>\n\n\n\n<p>Lucey B. (2013). \u201cPeer Review: How to Get It Right &#8211; 10Tips.\u201d The Guardian. Web. Retrieved from&nbsp;<a href=\"http:\/\/wwwtheguardian.com\/higher-education-network\/blog\/2013\/sep\/27\/peer-review-10-tips-research-paper\" target=\"_blank\" rel=\"noreferrer noopener\">http:\/\/www theguardian.com\/higher-education-network\/blog\/2013\/sep\/27\/peer-review-10-tips-research-paper<\/a>&nbsp;[<a href=\"https:\/\/scholar.google.com\/scholar_lookup?journal=The%20Guardian&amp;title=Peer%20Review:%20How%20to%20Get%20It%20Right%20-%2010Tips.&amp;author=B.%20Lucey&amp;publication_year=2013&amp;\" target=\"_blank\" rel=\"noreferrer noopener\">Google Scholar<\/a>] <\/p>\n\n\n\n<p>\u00c9cole de technologie sup\u00e9rieures. (2020). <em>Guide d&rsquo;\u00e9valuation.<\/em><a href=\"http:\/\/sara.etsmtl.ca\/fr\/guide_evaluation\/\"> http:\/\/sara.etsmtl.ca\/fr\/guide_evaluation\/<\/a><\/p>\n\n\n\n<p><a href=\"https:\/\/pkpschool.sfu.ca\/courses\/becoming-a-reviewer\/\">Becoming a Reviewer \u2013 PKP School (sfu.ca)<\/a><\/p>\n","protected":false},"excerpt":{"rendered":"<p>Il serait recommand\u00e9 de fournir \u00e0 vos \u00e9valuateurs et \u00e0 vos \u00e9valuatrices un document contenant les directives que vous souhaitez leur voir suivre. Celui-ci pourrait pr\u00e9senter des consignes quant aux savoirs-\u00eatre attendus, tels que l&rsquo;importance d&rsquo;adopter une attitude professionnelle, de fournir des commentaires constructifs et de respecter les d\u00e9lais. L&rsquo;on pourrait s&rsquo;attendre \u00e9galement \u00e0 retrouver [&hellip;]<\/p>\n","protected":false},"author":11,"featured_media":0,"parent":14057,"menu_order":7,"comment_status":"closed","ping_status":"closed","template":"","meta":{"_acf_changed":false,"advgb_blocks_editor_width":"","advgb_blocks_columns_visual_guide":"","footnotes":""},"categories":[],"class_list":["post-14063","page","type-page","status-publish","hentry"],"acf":[],"yoast_head":"<!-- This site is optimized with the Yoast SEO plugin v22.1 - https:\/\/yoast.com\/wordpress\/plugins\/seo\/ -->\n<title>Directives aux personnes \u00e9valuatrices | Mod\u00e8le pour une revue savante<\/title>\n<meta name=\"robots\" content=\"noindex, follow, max-snippet:-1, max-image-preview:large, max-video-preview:-1\" \/>\n<meta property=\"og:locale\" content=\"fr_CA\" \/>\n<meta property=\"og:type\" content=\"article\" \/>\n<meta property=\"og:title\" content=\"Directives aux personnes \u00e9valuatrices | Mod\u00e8le pour une revue savante\" \/>\n<meta property=\"og:description\" content=\"Il serait recommand\u00e9 de fournir \u00e0 vos \u00e9valuateurs et \u00e0 vos \u00e9valuatrices un document contenant les directives que vous souhaitez leur voir suivre. Celui-ci pourrait pr\u00e9senter des consignes quant aux savoirs-\u00eatre attendus, tels que l&rsquo;importance d&rsquo;adopter une attitude professionnelle, de fournir des commentaires constructifs et de respecter les d\u00e9lais. L&rsquo;on pourrait s&rsquo;attendre \u00e9galement \u00e0 retrouver [&hellip;]\" \/>\n<meta property=\"og:url\" content=\"https:\/\/revues.uqam.ca\/modele\/evaluation-par-les-pairs\/directives-aux-personnes-evaluatrices\/\" \/>\n<meta property=\"og:site_name\" content=\"Mod\u00e8le pour une revue savante\" \/>\n<meta property=\"article:modified_time\" content=\"2024-11-05T21:14:24+00:00\" \/>\n<meta property=\"og:image\" content=\"https:\/\/revues.uqam.ca\/modele\/wp-content\/uploads\/sites\/5\/2024\/04\/Logo-carre-NONOFFICIEL.png\" \/>\n\t<meta property=\"og:image:width\" content=\"360\" \/>\n\t<meta property=\"og:image:height\" content=\"360\" \/>\n\t<meta property=\"og:image:type\" content=\"image\/png\" \/>\n<meta name=\"twitter:card\" content=\"summary_large_image\" \/>\n<meta name=\"twitter:label1\" content=\"Estimation du temps de lecture\" \/>\n\t<meta name=\"twitter:data1\" content=\"1 minute\" \/>\n<script type=\"application\/ld+json\" class=\"yoast-schema-graph\">{\"@context\":\"https:\/\/schema.org\",\"@graph\":[{\"@type\":\"WebPage\",\"@id\":\"https:\/\/revues.uqam.ca\/modele\/evaluation-par-les-pairs\/directives-aux-personnes-evaluatrices\/\",\"url\":\"https:\/\/revues.uqam.ca\/modele\/evaluation-par-les-pairs\/directives-aux-personnes-evaluatrices\/\",\"name\":\"Directives aux personnes \u00e9valuatrices | Mod\u00e8le pour une revue savante\",\"isPartOf\":{\"@id\":\"https:\/\/revues.uqam.ca\/modele\/#website\"},\"datePublished\":\"2024-05-13T19:16:44+00:00\",\"dateModified\":\"2024-11-05T21:14:24+00:00\",\"breadcrumb\":{\"@id\":\"https:\/\/revues.uqam.ca\/modele\/evaluation-par-les-pairs\/directives-aux-personnes-evaluatrices\/#breadcrumb\"},\"inLanguage\":\"fr-CA\",\"potentialAction\":[{\"@type\":\"ReadAction\",\"target\":[\"https:\/\/revues.uqam.ca\/modele\/evaluation-par-les-pairs\/directives-aux-personnes-evaluatrices\/\"]}]},{\"@type\":\"BreadcrumbList\",\"@id\":\"https:\/\/revues.uqam.ca\/modele\/evaluation-par-les-pairs\/directives-aux-personnes-evaluatrices\/#breadcrumb\",\"itemListElement\":[{\"@type\":\"ListItem\",\"position\":1,\"name\":\"UQAM\",\"item\":\"https:\/\/uqam.ca\"},{\"@type\":\"ListItem\",\"position\":2,\"name\":\"Mod\u00e8le pour une revue savante\",\"item\":\"https:\/\/revues.uqam.ca\/modele\"},{\"@type\":\"ListItem\",\"position\":3,\"name\":\"\u00c9valuation par les pairs\",\"item\":\"https:\/\/revues.uqam.ca\/modele\/evaluation-par-les-pairs\/\"},{\"@type\":\"ListItem\",\"position\":4,\"name\":\"Directives aux personnes \u00e9valuatrices\"}]},{\"@type\":\"WebSite\",\"@id\":\"https:\/\/revues.uqam.ca\/modele\/#website\",\"url\":\"https:\/\/revues.uqam.ca\/modele\/\",\"name\":\"Mod\u00e8le revue\",\"description\":\"\",\"alternateName\":\"Mod\u00e8le revue UQAM\",\"potentialAction\":[{\"@type\":\"SearchAction\",\"target\":{\"@type\":\"EntryPoint\",\"urlTemplate\":\"https:\/\/revues.uqam.ca\/modele\/recherche\/?q={search_term_string}\"},\"query-input\":\"required name=search_term_string\"}],\"inLanguage\":\"fr-CA\"}]}<\/script>\n<!-- \/ Yoast SEO plugin. -->","yoast_head_json":{"title":"Directives aux personnes \u00e9valuatrices | Mod\u00e8le pour une revue savante","robots":{"index":"noindex","follow":"follow","max-snippet":"max-snippet:-1","max-image-preview":"max-image-preview:large","max-video-preview":"max-video-preview:-1"},"og_locale":"fr_CA","og_type":"article","og_title":"Directives aux personnes \u00e9valuatrices | Mod\u00e8le pour une revue savante","og_description":"Il serait recommand\u00e9 de fournir \u00e0 vos \u00e9valuateurs et \u00e0 vos \u00e9valuatrices un document contenant les directives que vous souhaitez leur voir suivre. Celui-ci pourrait pr\u00e9senter des consignes quant aux savoirs-\u00eatre attendus, tels que l&rsquo;importance d&rsquo;adopter une attitude professionnelle, de fournir des commentaires constructifs et de respecter les d\u00e9lais. L&rsquo;on pourrait s&rsquo;attendre \u00e9galement \u00e0 retrouver [&hellip;]","og_url":"https:\/\/revues.uqam.ca\/modele\/evaluation-par-les-pairs\/directives-aux-personnes-evaluatrices\/","og_site_name":"Mod\u00e8le pour une revue savante","article_modified_time":"2024-11-05T21:14:24+00:00","og_image":[{"width":360,"height":360,"url":"https:\/\/revues.uqam.ca\/modele\/wp-content\/uploads\/sites\/5\/2024\/04\/Logo-carre-NONOFFICIEL.png","type":"image\/png"}],"twitter_card":"summary_large_image","twitter_misc":{"Estimation du temps de lecture":"1 minute"},"schema":{"@context":"https:\/\/schema.org","@graph":[{"@type":"WebPage","@id":"https:\/\/revues.uqam.ca\/modele\/evaluation-par-les-pairs\/directives-aux-personnes-evaluatrices\/","url":"https:\/\/revues.uqam.ca\/modele\/evaluation-par-les-pairs\/directives-aux-personnes-evaluatrices\/","name":"Directives aux personnes \u00e9valuatrices | Mod\u00e8le pour une revue savante","isPartOf":{"@id":"https:\/\/revues.uqam.ca\/modele\/#website"},"datePublished":"2024-05-13T19:16:44+00:00","dateModified":"2024-11-05T21:14:24+00:00","breadcrumb":{"@id":"https:\/\/revues.uqam.ca\/modele\/evaluation-par-les-pairs\/directives-aux-personnes-evaluatrices\/#breadcrumb"},"inLanguage":"fr-CA","potentialAction":[{"@type":"ReadAction","target":["https:\/\/revues.uqam.ca\/modele\/evaluation-par-les-pairs\/directives-aux-personnes-evaluatrices\/"]}]},{"@type":"BreadcrumbList","@id":"https:\/\/revues.uqam.ca\/modele\/evaluation-par-les-pairs\/directives-aux-personnes-evaluatrices\/#breadcrumb","itemListElement":[{"@type":"ListItem","position":1,"name":"UQAM","item":"https:\/\/uqam.ca"},{"@type":"ListItem","position":2,"name":"Mod\u00e8le pour une revue savante","item":"https:\/\/revues.uqam.ca\/modele"},{"@type":"ListItem","position":3,"name":"\u00c9valuation par les pairs","item":"https:\/\/revues.uqam.ca\/modele\/evaluation-par-les-pairs\/"},{"@type":"ListItem","position":4,"name":"Directives aux personnes \u00e9valuatrices"}]},{"@type":"WebSite","@id":"https:\/\/revues.uqam.ca\/modele\/#website","url":"https:\/\/revues.uqam.ca\/modele\/","name":"Mod\u00e8le revue","description":"","alternateName":"Mod\u00e8le revue UQAM","potentialAction":[{"@type":"SearchAction","target":{"@type":"EntryPoint","urlTemplate":"https:\/\/revues.uqam.ca\/modele\/recherche\/?q={search_term_string}"},"query-input":"required name=search_term_string"}],"inLanguage":"fr-CA"}]}},"coauthors":[{"link":"https:\/\/revues.uqam.ca\/modele\/author\/godina\/","display_name":"Alexandre Godin"}],"author_meta":{"author_link":"https:\/\/revues.uqam.ca\/modele\/author\/godina\/","display_name":"Alexandre Godin"},"relative_dates":{"created":"Posted 2 ann\u00e9es ago","modified":"Updated 1 ann\u00e9e ago"},"absolute_dates":{"created":"Posted on 2024-05-13","modified":"Updated on 2024-11-05"},"absolute_dates_time":{"created":"Posted on 2024-05-13 19 h 16 min","modified":"Updated on 2024-11-05 21 h 14 min"},"featured_img_caption":"","featured_img":false,"series_order":"","_links":{"self":[{"href":"https:\/\/revues.uqam.ca\/modele\/wp-json\/wp\/v2\/pages\/14063","targetHints":{"allow":["GET"]}}],"collection":[{"href":"https:\/\/revues.uqam.ca\/modele\/wp-json\/wp\/v2\/pages"}],"about":[{"href":"https:\/\/revues.uqam.ca\/modele\/wp-json\/wp\/v2\/types\/page"}],"author":[{"embeddable":true,"href":"https:\/\/revues.uqam.ca\/modele\/wp-json\/wp\/v2\/users\/11"}],"replies":[{"embeddable":true,"href":"https:\/\/revues.uqam.ca\/modele\/wp-json\/wp\/v2\/comments?post=14063"}],"version-history":[{"count":11,"href":"https:\/\/revues.uqam.ca\/modele\/wp-json\/wp\/v2\/pages\/14063\/revisions"}],"predecessor-version":[{"id":14350,"href":"https:\/\/revues.uqam.ca\/modele\/wp-json\/wp\/v2\/pages\/14063\/revisions\/14350"}],"up":[{"embeddable":true,"href":"https:\/\/revues.uqam.ca\/modele\/wp-json\/wp\/v2\/pages\/14057"}],"wp:attachment":[{"href":"https:\/\/revues.uqam.ca\/modele\/wp-json\/wp\/v2\/media?parent=14063"}],"wp:term":[{"taxonomy":"category","embeddable":true,"href":"https:\/\/revues.uqam.ca\/modele\/wp-json\/wp\/v2\/categories?post=14063"}],"curies":[{"name":"wp","href":"https:\/\/api.w.org\/{rel}","templated":true}]}}