{"id":14055,"date":"2024-05-13T19:08:01","date_gmt":"2024-05-13T19:08:01","guid":{"rendered":"https:\/\/revues.uqam.ca\/modele\/?page_id=14055"},"modified":"2024-11-05T21:22:05","modified_gmt":"2024-11-05T21:22:05","slug":"processus-devaluation-par-les-pairs","status":"publish","type":"page","link":"https:\/\/revues.uqam.ca\/modele\/evaluation-par-les-pairs\/processus-devaluation-par-les-pairs\/","title":{"rendered":"Processus d&rsquo;\u00e9valuation par les pairs"},"content":{"rendered":"\n<p class=\"has-very-light-gray-to-cyan-bluish-gray-gradient-background has-background\">Proc\u00e9dure par laquelle un travail scientifique est \u00e9valu\u00e9 par des experts de la m\u00eame discipline en fonction d&rsquo;un ensemble de crit\u00e8res afin de s&rsquo;assurer qu&rsquo;il r\u00e9ponde aux normes n\u00e9cessaires \u00e0 sa publication. L&rsquo;examen par les pairs est largement accept\u00e9 comme la meilleure m\u00e9thode pour valider la recherche et garantir des publications de qualit\u00e9.  [A Dictionary of Publishing, 2019, trad. libre]<\/p>\n\n\n\n<p><strong>Types d&rsquo;\u00e9valuation par les pairs<\/strong><\/p>\n\n\n\n<div class=\"wp-block-group has-very-light-gray-to-cyan-bluish-gray-gradient-background has-background\"><div class=\"wp-block-group__inner-container is-layout-constrained wp-block-group-is-layout-constrained\">\n<p>Inscrivez le processus d&rsquo;\u00e9valuation par les pairs choisit par votre revue. Vous pouvez \u00e9galement proposez un formulaire aux personnes \u00e9valuatrices indiquant les crit\u00e8res d&rsquo;\u00e9valuation sur lesquels ils peuvent s&rsquo;appuyer. <\/p>\n\n\n\n<p>Types de processus<\/p>\n\n\n\n<div class=\"wp-block-advgb-list\"><ul class=\"advgblist-157736c5-d59c-4368-8ac1-e3cef59f2d96\">\n<li>Processus ouvert : Les r\u00e9viseurs et l&rsquo;auteur se connaissent<\/li>\n\n\n\n<li>Processus semi-aveugle: Les r\u00e9viseurs demeurent anonymes et connaissent le nom de l\u2019auteur &#8211; ou l\u2019inverse.<\/li>\n\n\n\n<li>Processus double-aveugle: Les r\u00e9viseurs et l\u2019auteur demeurent anonymes.<\/li>\n<\/ul><\/div>\n<\/div><\/div>\n\n\n\n<p><strong>Crit\u00e8res-\u00c9valuation par les pairs<\/strong><\/p>\n\n\n\n<p><\/p>\n\n\n\n<div class=\"wp-block-columns is-layout-flex wp-container-core-columns-is-layout-9d6595d7 wp-block-columns-is-layout-flex\">\n<div class=\"wp-block-column is-layout-flow wp-block-column-is-layout-flow\" style=\"flex-basis:100%\">\n<div class=\"wp-block-group\"><div class=\"wp-block-group__inner-container is-layout-constrained wp-block-group-is-layout-constrained\">\n<table class=\"wp-block-advgb-table advgb-table-frontend is-style-stripes\"><tbody><tr><td>Pertinence<\/td><td> Objet de la revue<br> Th\u00e8me dont il est question<br> Probl\u00e9matique <\/td><\/tr><tr><td>Apport ou contribution<\/td><td>Au champ th\u00e9orique<br>\u00c0 la m\u00e9thodologie de recherche<br>\u00c0 l&rsquo;application sociale ou \u00e9ducative                    <\/td><\/tr><tr><td>Structure et coh\u00e9rence logique de l&rsquo;article<\/td><td>Structure explicite de l&rsquo;article, sections et sous-sections<br>Coh\u00e9rence interne<\/td><\/tr><tr><td>Qualit\u00e9 de la revue de la litt\u00e9rature<\/td><td>Pertinence des sources cit\u00e9es<br>Diversit\u00e9s des sources et usage pertinent et rigoureux<\/td><\/tr><tr><td>Transparence m\u00e9thodologique et constance<\/td><td>M\u00e9thodologie explicite<br>Clarification des biais et limites<\/td><\/tr><tr><td>Transf\u00e9rabilit\u00e9<\/td><td>La d\u00e9marche et\/ou les r\u00e9sultats de recherche sont transf\u00e9rables     <\/td><\/tr><tr><td>Distanciation critique<\/td><td>Clarification de la posture de recherche<br>Discussion critique de la d\u00e9marche et des r\u00e9sultats<\/td><\/tr><tr><td>Qualit\u00e9 linguistique<\/td><td>Lisibilit\u00e9, fluidit\u00e9, clart\u00e9 du propos<br>Qualit\u00e9 de l&rsquo;orthographe, de la syntaxe et de la phras\u00e9ologie<\/td><\/tr><\/tbody><\/table>\n<\/div><\/div>\n<\/div>\n<\/div>\n\n\n\n<p>Exemple d&rsquo;un gabarit pour l&rsquo;\u00e9valuation d&rsquo;un article<\/p>\n\n\n\n<div class=\"wp-block-file\"><a id=\"wp-block-file--media-00ad79b0-7873-4481-a5bc-da633204a644\" href=\"https:\/\/revues.uqam.ca\/modele\/wp-content\/uploads\/sites\/5\/2024\/11\/gabarit_evaluation_article.docx\">gabarit_evaluation_article<\/a><a href=\"https:\/\/revues.uqam.ca\/modele\/wp-content\/uploads\/sites\/5\/2024\/11\/gabarit_evaluation_article.docx\" class=\"wp-block-file__button wp-element-button\" download aria-describedby=\"wp-block-file--media-00ad79b0-7873-4481-a5bc-da633204a644\">T\u00e9l\u00e9charger<\/a><\/div>\n\n\n\n<p><strong>R\u00e9f\u00e9rences<\/strong><\/p>\n\n\n\n<p>van Steenberghe, \u00c9., Lis\u00e9e, C., Sauv\u00e9, C. (2021, mai). <em>Regards sur l&rsquo;\u00e9valuation par les pairs, pour une revue savante.<\/em> Printemps de la recherche, UQAM, Montr\u00e9al, Canada <a href=\"https:\/\/www.centrere.uqam.ca\/wp-content\/uploads\/2021\/06\/Presentation-Evaluation-par-les-pairs.pdf\">https:\/\/www.centrere.uqam.ca\/wp-content\/uploads\/2021\/06\/Presentation-Evaluation-par-les-pairs.pdf<\/a><\/p>\n\n\n\n<p>Responsible Journals. (2024). <em>Different forms of peer review policies. <\/em><a href=\"https:\/\/www.responsiblejournals.org\/information\/peerreviewpolicies\">https:\/\/www.responsiblejournals.org\/information\/peerreviewpolicies<\/a><\/p>\n<style class=\"advgb-styles-renderer\">.wp-block-advgb-list ul.advgblist-157736c5-d59c-4368-8ac1-e3cef59f2d96 > li{font-size:16px;}.wp-block-advgb-list ul.advgblist-157736c5-d59c-4368-8ac1-e3cef59f2d96 > li{font-size:16px;}<\/style>","protected":false},"excerpt":{"rendered":"<p>Proc\u00e9dure par laquelle un travail scientifique est \u00e9valu\u00e9 par des experts de la m\u00eame discipline en fonction d&rsquo;un ensemble de crit\u00e8res afin de s&rsquo;assurer qu&rsquo;il r\u00e9ponde aux normes n\u00e9cessaires \u00e0 sa publication. L&rsquo;examen par les pairs est largement accept\u00e9 comme la meilleure m\u00e9thode pour valider la recherche et garantir des publications de qualit\u00e9. [A Dictionary [&hellip;]<\/p>\n","protected":false},"author":11,"featured_media":0,"parent":14057,"menu_order":1,"comment_status":"closed","ping_status":"closed","template":"","meta":{"_acf_changed":false,"advgb_blocks_editor_width":"","advgb_blocks_columns_visual_guide":"","footnotes":"[]"},"categories":[],"class_list":["post-14055","page","type-page","status-publish","hentry"],"acf":[],"yoast_head":"<!-- This site is optimized with the Yoast SEO plugin v22.1 - https:\/\/yoast.com\/wordpress\/plugins\/seo\/ -->\n<title>Processus d&#039;\u00e9valuation par les pairs | Mod\u00e8le pour une revue savante<\/title>\n<meta name=\"robots\" content=\"noindex, follow, max-snippet:-1, max-image-preview:large, max-video-preview:-1\" \/>\n<meta property=\"og:locale\" content=\"fr_CA\" \/>\n<meta property=\"og:type\" content=\"article\" \/>\n<meta property=\"og:title\" content=\"Processus d&#039;\u00e9valuation par les pairs | Mod\u00e8le pour une revue savante\" \/>\n<meta property=\"og:description\" content=\"Proc\u00e9dure par laquelle un travail scientifique est \u00e9valu\u00e9 par des experts de la m\u00eame discipline en fonction d&rsquo;un ensemble de crit\u00e8res afin de s&rsquo;assurer qu&rsquo;il r\u00e9ponde aux normes n\u00e9cessaires \u00e0 sa publication. L&rsquo;examen par les pairs est largement accept\u00e9 comme la meilleure m\u00e9thode pour valider la recherche et garantir des publications de qualit\u00e9. [A Dictionary [&hellip;]\" \/>\n<meta property=\"og:url\" content=\"https:\/\/revues.uqam.ca\/modele\/evaluation-par-les-pairs\/processus-devaluation-par-les-pairs\/\" \/>\n<meta property=\"og:site_name\" content=\"Mod\u00e8le pour une revue savante\" \/>\n<meta property=\"article:modified_time\" content=\"2024-11-05T21:22:05+00:00\" \/>\n<meta property=\"og:image\" content=\"https:\/\/revues.uqam.ca\/modele\/wp-content\/uploads\/sites\/5\/2024\/04\/Logo-carre-NONOFFICIEL.png\" \/>\n\t<meta property=\"og:image:width\" content=\"360\" \/>\n\t<meta property=\"og:image:height\" content=\"360\" \/>\n\t<meta property=\"og:image:type\" content=\"image\/png\" \/>\n<meta name=\"twitter:card\" content=\"summary_large_image\" \/>\n<meta name=\"twitter:label1\" content=\"Estimation du temps de lecture\" \/>\n\t<meta name=\"twitter:data1\" content=\"2 minutes\" \/>\n<script type=\"application\/ld+json\" class=\"yoast-schema-graph\">{\"@context\":\"https:\/\/schema.org\",\"@graph\":[{\"@type\":\"WebPage\",\"@id\":\"https:\/\/revues.uqam.ca\/modele\/evaluation-par-les-pairs\/processus-devaluation-par-les-pairs\/\",\"url\":\"https:\/\/revues.uqam.ca\/modele\/evaluation-par-les-pairs\/processus-devaluation-par-les-pairs\/\",\"name\":\"Processus d'\u00e9valuation par les pairs | Mod\u00e8le pour une revue savante\",\"isPartOf\":{\"@id\":\"https:\/\/revues.uqam.ca\/modele\/#website\"},\"datePublished\":\"2024-05-13T19:08:01+00:00\",\"dateModified\":\"2024-11-05T21:22:05+00:00\",\"breadcrumb\":{\"@id\":\"https:\/\/revues.uqam.ca\/modele\/evaluation-par-les-pairs\/processus-devaluation-par-les-pairs\/#breadcrumb\"},\"inLanguage\":\"fr-CA\",\"potentialAction\":[{\"@type\":\"ReadAction\",\"target\":[\"https:\/\/revues.uqam.ca\/modele\/evaluation-par-les-pairs\/processus-devaluation-par-les-pairs\/\"]}]},{\"@type\":\"BreadcrumbList\",\"@id\":\"https:\/\/revues.uqam.ca\/modele\/evaluation-par-les-pairs\/processus-devaluation-par-les-pairs\/#breadcrumb\",\"itemListElement\":[{\"@type\":\"ListItem\",\"position\":1,\"name\":\"UQAM\",\"item\":\"https:\/\/uqam.ca\"},{\"@type\":\"ListItem\",\"position\":2,\"name\":\"Mod\u00e8le pour une revue savante\",\"item\":\"https:\/\/revues.uqam.ca\/modele\"},{\"@type\":\"ListItem\",\"position\":3,\"name\":\"\u00c9valuation par les pairs\",\"item\":\"https:\/\/revues.uqam.ca\/modele\/evaluation-par-les-pairs\/\"},{\"@type\":\"ListItem\",\"position\":4,\"name\":\"Processus d&rsquo;\u00e9valuation par les pairs\"}]},{\"@type\":\"WebSite\",\"@id\":\"https:\/\/revues.uqam.ca\/modele\/#website\",\"url\":\"https:\/\/revues.uqam.ca\/modele\/\",\"name\":\"Mod\u00e8le revue\",\"description\":\"\",\"alternateName\":\"Mod\u00e8le revue UQAM\",\"potentialAction\":[{\"@type\":\"SearchAction\",\"target\":{\"@type\":\"EntryPoint\",\"urlTemplate\":\"https:\/\/revues.uqam.ca\/modele\/recherche\/?q={search_term_string}\"},\"query-input\":\"required name=search_term_string\"}],\"inLanguage\":\"fr-CA\"}]}<\/script>\n<!-- \/ Yoast SEO plugin. -->","yoast_head_json":{"title":"Processus d'\u00e9valuation par les pairs | Mod\u00e8le pour une revue savante","robots":{"index":"noindex","follow":"follow","max-snippet":"max-snippet:-1","max-image-preview":"max-image-preview:large","max-video-preview":"max-video-preview:-1"},"og_locale":"fr_CA","og_type":"article","og_title":"Processus d'\u00e9valuation par les pairs | Mod\u00e8le pour une revue savante","og_description":"Proc\u00e9dure par laquelle un travail scientifique est \u00e9valu\u00e9 par des experts de la m\u00eame discipline en fonction d&rsquo;un ensemble de crit\u00e8res afin de s&rsquo;assurer qu&rsquo;il r\u00e9ponde aux normes n\u00e9cessaires \u00e0 sa publication. L&rsquo;examen par les pairs est largement accept\u00e9 comme la meilleure m\u00e9thode pour valider la recherche et garantir des publications de qualit\u00e9. [A Dictionary [&hellip;]","og_url":"https:\/\/revues.uqam.ca\/modele\/evaluation-par-les-pairs\/processus-devaluation-par-les-pairs\/","og_site_name":"Mod\u00e8le pour une revue savante","article_modified_time":"2024-11-05T21:22:05+00:00","og_image":[{"width":360,"height":360,"url":"https:\/\/revues.uqam.ca\/modele\/wp-content\/uploads\/sites\/5\/2024\/04\/Logo-carre-NONOFFICIEL.png","type":"image\/png"}],"twitter_card":"summary_large_image","twitter_misc":{"Estimation du temps de lecture":"2 minutes"},"schema":{"@context":"https:\/\/schema.org","@graph":[{"@type":"WebPage","@id":"https:\/\/revues.uqam.ca\/modele\/evaluation-par-les-pairs\/processus-devaluation-par-les-pairs\/","url":"https:\/\/revues.uqam.ca\/modele\/evaluation-par-les-pairs\/processus-devaluation-par-les-pairs\/","name":"Processus d'\u00e9valuation par les pairs | Mod\u00e8le pour une revue savante","isPartOf":{"@id":"https:\/\/revues.uqam.ca\/modele\/#website"},"datePublished":"2024-05-13T19:08:01+00:00","dateModified":"2024-11-05T21:22:05+00:00","breadcrumb":{"@id":"https:\/\/revues.uqam.ca\/modele\/evaluation-par-les-pairs\/processus-devaluation-par-les-pairs\/#breadcrumb"},"inLanguage":"fr-CA","potentialAction":[{"@type":"ReadAction","target":["https:\/\/revues.uqam.ca\/modele\/evaluation-par-les-pairs\/processus-devaluation-par-les-pairs\/"]}]},{"@type":"BreadcrumbList","@id":"https:\/\/revues.uqam.ca\/modele\/evaluation-par-les-pairs\/processus-devaluation-par-les-pairs\/#breadcrumb","itemListElement":[{"@type":"ListItem","position":1,"name":"UQAM","item":"https:\/\/uqam.ca"},{"@type":"ListItem","position":2,"name":"Mod\u00e8le pour une revue savante","item":"https:\/\/revues.uqam.ca\/modele"},{"@type":"ListItem","position":3,"name":"\u00c9valuation par les pairs","item":"https:\/\/revues.uqam.ca\/modele\/evaluation-par-les-pairs\/"},{"@type":"ListItem","position":4,"name":"Processus d&rsquo;\u00e9valuation par les pairs"}]},{"@type":"WebSite","@id":"https:\/\/revues.uqam.ca\/modele\/#website","url":"https:\/\/revues.uqam.ca\/modele\/","name":"Mod\u00e8le revue","description":"","alternateName":"Mod\u00e8le revue UQAM","potentialAction":[{"@type":"SearchAction","target":{"@type":"EntryPoint","urlTemplate":"https:\/\/revues.uqam.ca\/modele\/recherche\/?q={search_term_string}"},"query-input":"required name=search_term_string"}],"inLanguage":"fr-CA"}]}},"coauthors":[{"link":"https:\/\/revues.uqam.ca\/modele\/author\/godina\/","display_name":"Alexandre Godin"}],"author_meta":{"author_link":"https:\/\/revues.uqam.ca\/modele\/author\/godina\/","display_name":"Alexandre Godin"},"relative_dates":{"created":"Posted 2 ann\u00e9es ago","modified":"Updated 1 ann\u00e9e ago"},"absolute_dates":{"created":"Posted on 2024-05-13","modified":"Updated on 2024-11-05"},"absolute_dates_time":{"created":"Posted on 2024-05-13 19 h 08 min","modified":"Updated on 2024-11-05 21 h 22 min"},"featured_img_caption":"","featured_img":false,"series_order":"","_links":{"self":[{"href":"https:\/\/revues.uqam.ca\/modele\/wp-json\/wp\/v2\/pages\/14055","targetHints":{"allow":["GET"]}}],"collection":[{"href":"https:\/\/revues.uqam.ca\/modele\/wp-json\/wp\/v2\/pages"}],"about":[{"href":"https:\/\/revues.uqam.ca\/modele\/wp-json\/wp\/v2\/types\/page"}],"author":[{"embeddable":true,"href":"https:\/\/revues.uqam.ca\/modele\/wp-json\/wp\/v2\/users\/11"}],"replies":[{"embeddable":true,"href":"https:\/\/revues.uqam.ca\/modele\/wp-json\/wp\/v2\/comments?post=14055"}],"version-history":[{"count":20,"href":"https:\/\/revues.uqam.ca\/modele\/wp-json\/wp\/v2\/pages\/14055\/revisions"}],"predecessor-version":[{"id":14389,"href":"https:\/\/revues.uqam.ca\/modele\/wp-json\/wp\/v2\/pages\/14055\/revisions\/14389"}],"up":[{"embeddable":true,"href":"https:\/\/revues.uqam.ca\/modele\/wp-json\/wp\/v2\/pages\/14057"}],"wp:attachment":[{"href":"https:\/\/revues.uqam.ca\/modele\/wp-json\/wp\/v2\/media?parent=14055"}],"wp:term":[{"taxonomy":"category","embeddable":true,"href":"https:\/\/revues.uqam.ca\/modele\/wp-json\/wp\/v2\/categories?post=14055"}],"curies":[{"name":"wp","href":"https:\/\/api.w.org\/{rel}","templated":true}]}}