{"id":13854,"date":"2024-04-29T18:01:10","date_gmt":"2024-04-29T18:01:10","guid":{"rendered":"https:\/\/revues.uqam.ca\/modele\/?page_id=13854"},"modified":"2024-07-04T17:07:05","modified_gmt":"2024-07-04T17:07:05","slug":"code-de-conduite","status":"publish","type":"page","link":"https:\/\/revues.uqam.ca\/modele\/a-propos\/code-de-conduite\/","title":{"rendered":"Code de conduite"},"content":{"rendered":"\n<ul class=\"wp-block-list\">\n<li><a href=\"#editoriale\">Responsabilit\u00e9s de l&rsquo;\u00e9quipe \u00e9ditoriale<\/a><\/li>\n\n\n\n<li><a href=\"#autrices\">Responsabilit\u00e9s des personnes autrices<\/a><\/li>\n\n\n\n<li><a href=\"#evaluatrices\">Responsabilit\u00e9s des personnes \u00e9valuatrices<\/a><\/li>\n<\/ul>\n\n\n\n<h2 class=\"wp-block-heading\" id=\"editoriale\">Responsabilit\u00e9s de l&rsquo;\u00e9quipe \u00e9ditoriale<\/h2>\n\n\n\n<div class=\"wp-block-group has-very-light-gray-to-cyan-bluish-gray-gradient-background has-background\"><div class=\"wp-block-group__inner-container is-layout-constrained wp-block-group-is-layout-constrained\">\n<p><strong>Suggestions<\/strong><\/p>\n\n\n\n<div class=\"wp-block-group has-very-light-gray-to-cyan-bluish-gray-gradient-background has-background\"><div class=\"wp-block-group__inner-container is-layout-constrained wp-block-group-is-layout-constrained\">\n<ul class=\"wp-block-list\">\n<li>Communiquer de mani\u00e8re claire, respectueuse et transparente, et r\u00e9pondre dans des d\u00e9lais raisonnables.<\/li>\n\n\n\n<li>Traiter les manuscrits impartialement. Aucune forme de discrimination n&rsquo;est tol\u00e9r\u00e9e, que ce soit l&rsquo;origine, le sexe, l&rsquo;orientation sexuelle, l&rsquo;\u00e2ge, l\u2019identit\u00e9, l\u2019expression du genre ou la religion des personnes autrices.<\/li>\n\n\n\n<li>Assurer une supervision constante de l&rsquo;ensemble du processus \u00e9ditorial, depuis la soumission jusqu&rsquo;\u00e0 la publication finale, afin de maintenir l&rsquo;int\u00e9grit\u00e9 et la qualit\u00e9 \u00e0 chaque \u00e9tape.<\/li>\n\n\n\n<li>Maintenir la confidentialit\u00e9 des personnes autrices et des personnes \u00e9valuatrices \u00e0 toutes les \u00e9tapes du processus \u00e9ditorial.<\/li>\n\n\n\n<li>D\u00e9clarer tout conflit d\u2019int\u00e9r\u00eats potentiel, incluant des liens personnels, financiers, professionnels ou institutionnels susceptibles d\u2019influencer la d\u00e9cision de publication.<\/li>\n\n\n\n<li>\u00c9valuer la pertinence des manuscrits soumis par rapport \u00e0 la ligne \u00e9ditoriale de la revue et d\u00e9cider de publier ou non ces derniers en se basant sur les \u00e9valuations d\u2019experts.<\/li>\n\n\n\n<li>S&rsquo;abstenir d&rsquo;utiliser les r\u00e9sultats des travaux non publi\u00e9s \u00e0 des fins personnelles de recherche sans obtenir au pr\u00e9alable le consentement explicite des personnes autrices.<\/li>\n\n\n\n<li>Traiter les requ\u00eates pour corriger ou retirer un article apr\u00e8s sa publication \u00e0 tout moment. Si une demande est consid\u00e9r\u00e9e comme valide, des mesures internes seront entreprises pour l&rsquo;\u00e9valuer, aboutissant \u00e0 une d\u00e9cision finale de l&rsquo;\u00e9quipe de la revue.<\/li>\n<\/ul>\n<\/div><\/div>\n<\/div><\/div>\n\n\n\n<p>Aenean nunc nisl, rhoncus et neque non, mattis aliquet nisl. Mauris egestas scelerisque nisl non tempus. Nulla elit massa, auctor id placerat et, imperdiet ut massa. Etiam aliquam blandit eros, id fermentum nulla fringilla ut. Cras rhoncus ultricies ligula, non feugiat diam fermentum ac. Nullam hendrerit augue ligula, at aliquet tellus pretium sed. Nullam suscipit semper efficitur. <\/p>\n\n\n\n<h2 class=\"wp-block-heading\" id=\"autrices\">Responsabilit\u00e9s des personnes autrices<\/h2>\n\n\n\n<div class=\"wp-block-group has-very-light-gray-to-cyan-bluish-gray-gradient-background has-background\"><div class=\"wp-block-group__inner-container is-layout-constrained wp-block-group-is-layout-constrained\">\n<p><strong>Suggestions<\/strong><\/p>\n\n\n\n<ul class=\"wp-block-list\">\n<li>Toutes les personnes autrices doivent apporter une contribution substantielle au contenu de la publication et consentir \u00e0 la publication du manuscrit dans la revue. La Revue reconna\u00eet les contributions significatives selon les d\u00e9finitions fournies par la&nbsp;<a href=\"https:\/\/credit.niso.org\/\">taxonomie CRedit<\/a>.<\/li>\n\n\n\n<li>Assurer que le contenu est enti\u00e8rement original. Le manuscrit n\u2019est pas soumis simultan\u00e9ment \u00e0 plusieurs revues et la m\u00eame recherche ne fait pas l\u2019objet de plus d\u2019une publication.<\/li>\n\n\n\n<li>Citer ad\u00e9quatement les id\u00e9es et les r\u00e9sultats provenant du travail d\u2019autrui. Dans le cas de la reproduction majeure d\u2019une \u0153uvre (images, tableaux, nombreux passages d\u2019un m\u00eame document, etc.), la permission du titulaire du droit d\u2019auteur doit \u00eatre obtenue.<\/li>\n\n\n\n<li>\u00c9viter une citation excessive de ses propres travaux ou ceux d\u2019une autre personne autrice.<\/li>\n\n\n\n<li>Si une portion de texte d\u00e9j\u00e0 publi\u00e9 se justifie d\u2019\u00eatre r\u00e9cup\u00e9r\u00e9e pour le manuscrit soumis (ex. : section m\u00e9thodologie qui n\u2019a pas chang\u00e9), citer le texte publi\u00e9. L\u2019omission de tout recyclage de texte sans citation n\u2019est pas accept\u00e9e.<\/li>\n\n\n\n<li>Fabriquer, falsifier et d\u00e9truire des donn\u00e9es de recherche, qui induiraient en erreur et compromettraient l\u2019int\u00e9grit\u00e9 scientifique du manuscrit, sont interdits.<\/li>\n\n\n\n<li>Prendre toutes les mesures n\u00e9cessaires pour garantir le respect des droits des tiers et se conformer \u00e0 la politique \u00e9ditoriale de la Revue lors de l\u2019utilisation de l\u2019intelligence artificielle. L\u2019accord de l\u2019\u00e9diteur doit \u00eatre obtenu pour \u00e9tablir la recevabilit\u00e9 d\u2019un tel manuscrit. Dans un tel cas, l\u2019outil devra \u00eatre mentionn\u00e9 dans la m\u00e9thodologie mais ne peut figurer comme un auteur, car il ne peut \u00eatre responsable de l\u2019exactitude, de l\u2019int\u00e9grit\u00e9 et de l\u2019originalit\u00e9 des contenus.<\/li>\n\n\n\n<li>Divulguer dans le manuscrit tous les conflits d\u2019int\u00e9r\u00eats susceptibles d\u2019influencer le travail soumis. Les sources de financement sont clairement identifi\u00e9es et tout conflit d\u2019int\u00e9r\u00eats avec des membres de l\u2019\u00e9quipe \u00e9ditoriale et de potentielles personnes \u00e9valuatrices est signal\u00e9. Si aucun conflit d\u2019int\u00e9r\u00eats n\u2019est \u00e0 d\u00e9clarer, l\u2019expliciter \u00e9galement dans le manuscrit.<\/li>\n\n\n\n<li>Respecter les normes d\u2019\u00e9thiques de recherche, notamment en se conformant aux politiques de sant\u00e9, de s\u00e9curit\u00e9 et d\u2019environnement, ainsi qu\u2019aux protocoles concernant les participants humains et les animaux de laboratoire.<\/li>\n\n\n\n<li>Prendre en compte les commentaires des personnes \u00e9valuatrices et de l\u2019\u00e9quipe \u00e9ditoriale, et effectuer les r\u00e9visions demand\u00e9es dans le manuscrit au cours du processus \u00e9ditorial.<\/li>\n\n\n\n<li>Signaler \u00e0 l\u2019\u00e9quipe \u00e9ditoriale les erreurs majeures rep\u00e9r\u00e9es dans le manuscrit, m\u00eame apr\u00e8s sa publication, afin que celle-ci puisse envisager une rectification ou une r\u00e9traction de l\u2019article.<\/li>\n<\/ul>\n<\/div><\/div>\n\n\n\n<p>Aenean nunc nisl, rhoncus et neque non, mattis aliquet nisl. Mauris egestas scelerisque nisl non tempus. Nulla elit massa, auctor id placerat et, imperdiet ut massa. Etiam aliquam blandit eros, id fermentum nulla fringilla ut. Cras rhoncus ultricies ligula, non feugiat diam fermentum ac. Nullam hendrerit augue ligula, at aliquet tellus pretium sed. Nullam suscipit semper efficitur. <\/p>\n\n\n\n<h2 class=\"wp-block-heading\" id=\"evaluatrices\">Responsabilit\u00e9s des personnes \u00e9valuatrices<\/h2>\n\n\n\n<div class=\"wp-block-group has-very-light-gray-to-cyan-bluish-gray-gradient-background has-background\"><div class=\"wp-block-group__inner-container is-layout-constrained wp-block-group-is-layout-constrained\">\n<p><strong>Suggestions<\/strong><\/p>\n\n\n\n<ul class=\"wp-block-list\">\n<li>\u00catre honn\u00eate quant \u00e0 ses comp\u00e9tences et d\u00e9cliner toute \u00e9valuation pour laquelle on ne se sent pas qualifi\u00e9. Signaler toute lacune dans son expertise lors de l\u2019acceptation d\u2019une \u00e9valuation.<\/li>\n\n\n\n<li>D\u00e9clarer tout conflit d\u2019int\u00e9r\u00eats potentiel, incluant des liens personnels, financiers, professionnels ou institutionnels susceptibles d\u2019influencer l\u2019\u00e9valuation.<\/li>\n\n\n\n<li>R\u00e9pondre aux invitations \u00e0 \u00e9valuer dans un d\u00e9lai raisonnable et s\u2019engager \u00e0 fournir une \u00e9valuation dans les d\u00e9lais convenus, en informant l\u2019\u00e9quipe \u00e9ditorial en cas d\u2019indisponibilit\u00e9.<\/li>\n\n\n\n<li>Respecter les directives du journal concernant le processus d\u2019\u00e9valuation.<\/li>\n\n\n\n<li>\u00c9valuer les articles de mani\u00e8re impartiale, en se basant sur des arguments fond\u00e9s et en \u00e9vitant toute critique personnelle envers les personnes autrices. Aucune forme de discrimination n\u2019est tol\u00e9r\u00e9e, que ce soit l\u2019origine, le sexe, l\u2019orientation sexuelle, l\u2019\u00e2ge, l\u2019identit\u00e9, l\u2019expression du genre ou la religion des personnes autrices.<\/li>\n\n\n\n<li>Signaler toute pr\u00e9occupation \u00e9thique, y compris les irr\u00e9gularit\u00e9s li\u00e9es \u00e0 la recherche, \u00e0 la r\u00e9daction ou \u00e0 la soumission des articles, en coop\u00e9rant avec l\u2019\u00e9quipe \u00e9ditoriale pour r\u00e9soudre ces probl\u00e8mes.<\/li>\n\n\n\n<li>Respecter la confidentialit\u00e9 du processus d\u2019\u00e9valuation par les pairs, en s\u2019abstenant d\u2019utiliser les informations obtenues \u00e0 des fins personnelles et en ne divulguant pas les d\u00e9tails des manuscrits \u00e9valu\u00e9s.<\/li>\n<\/ul>\n<\/div><\/div>\n\n\n\n<p>Aenean nunc nisl, rhoncus et neque non, mattis aliquet nisl. Mauris egestas scelerisque nisl non tempus. Nulla elit massa, auctor id placerat et, imperdiet ut massa. Etiam aliquam blandit eros, id fermentum nulla fringilla ut. Cras rhoncus ultricies ligula, non feugiat diam fermentum ac. Nullam hendrerit augue ligula, at aliquet tellus pretium sed. Nullam suscipit semper efficitur. <\/p>\n","protected":false},"excerpt":{"rendered":"<p>Responsabilit\u00e9s de l&rsquo;\u00e9quipe \u00e9ditoriale Suggestions Aenean nunc nisl, rhoncus et neque non, mattis aliquet nisl. Mauris egestas scelerisque nisl non tempus. Nulla elit massa, auctor id placerat et, imperdiet ut massa. Etiam aliquam blandit eros, id fermentum nulla fringilla ut. Cras rhoncus ultricies ligula, non feugiat diam fermentum ac. Nullam hendrerit augue ligula, at aliquet [&hellip;]<\/p>\n","protected":false},"author":11,"featured_media":0,"parent":18,"menu_order":3,"comment_status":"closed","ping_status":"closed","template":"","meta":{"_acf_changed":false,"advgb_blocks_editor_width":"","advgb_blocks_columns_visual_guide":"","footnotes":""},"categories":[],"class_list":["post-13854","page","type-page","status-publish","hentry"],"acf":[],"yoast_head":"<!-- This site is optimized with the Yoast SEO plugin v22.1 - https:\/\/yoast.com\/wordpress\/plugins\/seo\/ -->\n<title>Code de conduite | Mod\u00e8le pour une revue savante<\/title>\n<meta name=\"robots\" content=\"noindex, follow, max-snippet:-1, max-image-preview:large, max-video-preview:-1\" \/>\n<meta property=\"og:locale\" content=\"fr_CA\" \/>\n<meta property=\"og:type\" content=\"article\" \/>\n<meta property=\"og:title\" content=\"Code de conduite | Mod\u00e8le pour une revue savante\" \/>\n<meta property=\"og:description\" content=\"Responsabilit\u00e9s de l&rsquo;\u00e9quipe \u00e9ditoriale Suggestions Aenean nunc nisl, rhoncus et neque non, mattis aliquet nisl. Mauris egestas scelerisque nisl non tempus. Nulla elit massa, auctor id placerat et, imperdiet ut massa. Etiam aliquam blandit eros, id fermentum nulla fringilla ut. Cras rhoncus ultricies ligula, non feugiat diam fermentum ac. Nullam hendrerit augue ligula, at aliquet [&hellip;]\" \/>\n<meta property=\"og:url\" content=\"https:\/\/revues.uqam.ca\/modele\/a-propos\/code-de-conduite\/\" \/>\n<meta property=\"og:site_name\" content=\"Mod\u00e8le pour une revue savante\" \/>\n<meta property=\"article:modified_time\" content=\"2024-07-04T17:07:05+00:00\" \/>\n<meta property=\"og:image\" content=\"https:\/\/revues.uqam.ca\/modele\/wp-content\/uploads\/sites\/5\/2024\/04\/Logo-carre-NONOFFICIEL.png\" \/>\n\t<meta property=\"og:image:width\" content=\"360\" \/>\n\t<meta property=\"og:image:height\" content=\"360\" \/>\n\t<meta property=\"og:image:type\" content=\"image\/png\" \/>\n<meta name=\"twitter:card\" content=\"summary_large_image\" \/>\n<meta name=\"twitter:label1\" content=\"Estimation du temps de lecture\" \/>\n\t<meta name=\"twitter:data1\" content=\"5 minutes\" \/>\n<script type=\"application\/ld+json\" class=\"yoast-schema-graph\">{\"@context\":\"https:\/\/schema.org\",\"@graph\":[{\"@type\":\"WebPage\",\"@id\":\"https:\/\/revues.uqam.ca\/modele\/a-propos\/code-de-conduite\/\",\"url\":\"https:\/\/revues.uqam.ca\/modele\/a-propos\/code-de-conduite\/\",\"name\":\"Code de conduite | Mod\u00e8le pour une revue savante\",\"isPartOf\":{\"@id\":\"https:\/\/revues.uqam.ca\/modele\/#website\"},\"datePublished\":\"2024-04-29T18:01:10+00:00\",\"dateModified\":\"2024-07-04T17:07:05+00:00\",\"breadcrumb\":{\"@id\":\"https:\/\/revues.uqam.ca\/modele\/a-propos\/code-de-conduite\/#breadcrumb\"},\"inLanguage\":\"fr-CA\",\"potentialAction\":[{\"@type\":\"ReadAction\",\"target\":[\"https:\/\/revues.uqam.ca\/modele\/a-propos\/code-de-conduite\/\"]}]},{\"@type\":\"BreadcrumbList\",\"@id\":\"https:\/\/revues.uqam.ca\/modele\/a-propos\/code-de-conduite\/#breadcrumb\",\"itemListElement\":[{\"@type\":\"ListItem\",\"position\":1,\"name\":\"UQAM\",\"item\":\"https:\/\/uqam.ca\"},{\"@type\":\"ListItem\",\"position\":2,\"name\":\"Mod\u00e8le pour une revue savante\",\"item\":\"https:\/\/revues.uqam.ca\/modele\"},{\"@type\":\"ListItem\",\"position\":3,\"name\":\"\u00c0 propos\",\"item\":\"https:\/\/revues.uqam.ca\/modele\/a-propos\/\"},{\"@type\":\"ListItem\",\"position\":4,\"name\":\"Code de conduite\"}]},{\"@type\":\"WebSite\",\"@id\":\"https:\/\/revues.uqam.ca\/modele\/#website\",\"url\":\"https:\/\/revues.uqam.ca\/modele\/\",\"name\":\"Mod\u00e8le revue\",\"description\":\"\",\"alternateName\":\"Mod\u00e8le revue UQAM\",\"potentialAction\":[{\"@type\":\"SearchAction\",\"target\":{\"@type\":\"EntryPoint\",\"urlTemplate\":\"https:\/\/revues.uqam.ca\/modele\/recherche\/?q={search_term_string}\"},\"query-input\":\"required name=search_term_string\"}],\"inLanguage\":\"fr-CA\"}]}<\/script>\n<!-- \/ Yoast SEO plugin. -->","yoast_head_json":{"title":"Code de conduite | Mod\u00e8le pour une revue savante","robots":{"index":"noindex","follow":"follow","max-snippet":"max-snippet:-1","max-image-preview":"max-image-preview:large","max-video-preview":"max-video-preview:-1"},"og_locale":"fr_CA","og_type":"article","og_title":"Code de conduite | Mod\u00e8le pour une revue savante","og_description":"Responsabilit\u00e9s de l&rsquo;\u00e9quipe \u00e9ditoriale Suggestions Aenean nunc nisl, rhoncus et neque non, mattis aliquet nisl. Mauris egestas scelerisque nisl non tempus. Nulla elit massa, auctor id placerat et, imperdiet ut massa. Etiam aliquam blandit eros, id fermentum nulla fringilla ut. Cras rhoncus ultricies ligula, non feugiat diam fermentum ac. Nullam hendrerit augue ligula, at aliquet [&hellip;]","og_url":"https:\/\/revues.uqam.ca\/modele\/a-propos\/code-de-conduite\/","og_site_name":"Mod\u00e8le pour une revue savante","article_modified_time":"2024-07-04T17:07:05+00:00","og_image":[{"width":360,"height":360,"url":"https:\/\/revues.uqam.ca\/modele\/wp-content\/uploads\/sites\/5\/2024\/04\/Logo-carre-NONOFFICIEL.png","type":"image\/png"}],"twitter_card":"summary_large_image","twitter_misc":{"Estimation du temps de lecture":"5 minutes"},"schema":{"@context":"https:\/\/schema.org","@graph":[{"@type":"WebPage","@id":"https:\/\/revues.uqam.ca\/modele\/a-propos\/code-de-conduite\/","url":"https:\/\/revues.uqam.ca\/modele\/a-propos\/code-de-conduite\/","name":"Code de conduite | Mod\u00e8le pour une revue savante","isPartOf":{"@id":"https:\/\/revues.uqam.ca\/modele\/#website"},"datePublished":"2024-04-29T18:01:10+00:00","dateModified":"2024-07-04T17:07:05+00:00","breadcrumb":{"@id":"https:\/\/revues.uqam.ca\/modele\/a-propos\/code-de-conduite\/#breadcrumb"},"inLanguage":"fr-CA","potentialAction":[{"@type":"ReadAction","target":["https:\/\/revues.uqam.ca\/modele\/a-propos\/code-de-conduite\/"]}]},{"@type":"BreadcrumbList","@id":"https:\/\/revues.uqam.ca\/modele\/a-propos\/code-de-conduite\/#breadcrumb","itemListElement":[{"@type":"ListItem","position":1,"name":"UQAM","item":"https:\/\/uqam.ca"},{"@type":"ListItem","position":2,"name":"Mod\u00e8le pour une revue savante","item":"https:\/\/revues.uqam.ca\/modele"},{"@type":"ListItem","position":3,"name":"\u00c0 propos","item":"https:\/\/revues.uqam.ca\/modele\/a-propos\/"},{"@type":"ListItem","position":4,"name":"Code de conduite"}]},{"@type":"WebSite","@id":"https:\/\/revues.uqam.ca\/modele\/#website","url":"https:\/\/revues.uqam.ca\/modele\/","name":"Mod\u00e8le revue","description":"","alternateName":"Mod\u00e8le revue UQAM","potentialAction":[{"@type":"SearchAction","target":{"@type":"EntryPoint","urlTemplate":"https:\/\/revues.uqam.ca\/modele\/recherche\/?q={search_term_string}"},"query-input":"required name=search_term_string"}],"inLanguage":"fr-CA"}]}},"coauthors":[{"link":"https:\/\/revues.uqam.ca\/modele\/author\/godina\/","display_name":"Alexandre Godin"}],"author_meta":{"author_link":"https:\/\/revues.uqam.ca\/modele\/author\/godina\/","display_name":"Alexandre Godin"},"relative_dates":{"created":"Posted 2 ann\u00e9es ago","modified":"Updated 2 ann\u00e9es ago"},"absolute_dates":{"created":"Posted on 2024-04-29","modified":"Updated on 2024-07-04"},"absolute_dates_time":{"created":"Posted on 2024-04-29 18 h 01 min","modified":"Updated on 2024-07-04 17 h 07 min"},"featured_img_caption":"","featured_img":false,"series_order":"","_links":{"self":[{"href":"https:\/\/revues.uqam.ca\/modele\/wp-json\/wp\/v2\/pages\/13854","targetHints":{"allow":["GET"]}}],"collection":[{"href":"https:\/\/revues.uqam.ca\/modele\/wp-json\/wp\/v2\/pages"}],"about":[{"href":"https:\/\/revues.uqam.ca\/modele\/wp-json\/wp\/v2\/types\/page"}],"author":[{"embeddable":true,"href":"https:\/\/revues.uqam.ca\/modele\/wp-json\/wp\/v2\/users\/11"}],"replies":[{"embeddable":true,"href":"https:\/\/revues.uqam.ca\/modele\/wp-json\/wp\/v2\/comments?post=13854"}],"version-history":[{"count":50,"href":"https:\/\/revues.uqam.ca\/modele\/wp-json\/wp\/v2\/pages\/13854\/revisions"}],"predecessor-version":[{"id":14131,"href":"https:\/\/revues.uqam.ca\/modele\/wp-json\/wp\/v2\/pages\/13854\/revisions\/14131"}],"up":[{"embeddable":true,"href":"https:\/\/revues.uqam.ca\/modele\/wp-json\/wp\/v2\/pages\/18"}],"wp:attachment":[{"href":"https:\/\/revues.uqam.ca\/modele\/wp-json\/wp\/v2\/media?parent=13854"}],"wp:term":[{"taxonomy":"category","embeddable":true,"href":"https:\/\/revues.uqam.ca\/modele\/wp-json\/wp\/v2\/categories?post=13854"}],"curies":[{"name":"wp","href":"https:\/\/api.w.org\/{rel}","templated":true}]}}