{"id":136,"date":"2023-01-17T15:32:02","date_gmt":"2023-01-17T20:32:02","guid":{"rendered":"https:\/\/revues.dev.uqam.ca\/iref\/?page_id=136"},"modified":"2024-08-08T13:18:19","modified_gmt":"2024-08-08T13:18:19","slug":"statistiques","status":"publish","type":"page","link":"https:\/\/revues.uqam.ca\/modele\/a-propos\/statistiques\/","title":{"rendered":"Statistiques"},"content":{"rendered":"\n<div class=\"wp-block-group has-very-light-gray-to-cyan-bluish-gray-gradient-background has-background\"><div class=\"wp-block-group__inner-container is-layout-constrained wp-block-group-is-layout-constrained\">\n<p>Donn\u00e9es mettant en valeur votre revue. Vous pouvez, par exemple, vous inspirer des crit\u00e8res d&rsquo;\u00e9valuation du concours d&rsquo;<a href=\"https:\/\/www.sshrc-crsh.gc.ca\/funding-financement\/programs-programmes\/scholarly_journals-revues_savantes-fra.aspx#5\">Aide aux revues savantes (Conseil de recherches en sciences humaines)<\/a> et du concours <a href=\"https:\/\/frq.gouv.qc.ca\/programme\/soutien-aux-revues-scientifiques\/\">Soutien aux revues scientifiques (Fonds de recherche du Qu\u00e9bec)<\/a> pour d\u00e9terminer quelles donn\u00e9es vous souhaitez valoriser.<\/p>\n\n\n\n<p>Vous pouvez aussi consid\u00e9rer les <a href=\"https:\/\/uqam-ca.libguides.com\/bibliometrie-indicateurs-revues\/accueil\">indicateurs de performance des revues<\/a>.<\/p>\n\n\n\n<p>Si vous utilisez la plateforme OJS, vous pouvez \u00e9galement consulter certaines statistiques de consultations. Possibilit\u00e9 que vous pouvez \u00e9galement explorer si votre revue est diffus\u00e9e par \u00c9rudit. <\/p>\n<\/div><\/div>\n\n\n\n<p><\/p>\n\n\n\n<p><\/p>\n","protected":false},"excerpt":{"rendered":"<p>Donn\u00e9es mettant en valeur votre revue. Vous pouvez, par exemple, vous inspirer des crit\u00e8res d&rsquo;\u00e9valuation du concours d&rsquo;Aide aux revues savantes (Conseil de recherches en sciences humaines) et du concours Soutien aux revues scientifiques (Fonds de recherche du Qu\u00e9bec) pour d\u00e9terminer quelles donn\u00e9es vous souhaitez valoriser. Vous pouvez aussi consid\u00e9rer les indicateurs de performance des [&hellip;]<\/p>\n","protected":false},"author":1,"featured_media":0,"parent":18,"menu_order":6,"comment_status":"closed","ping_status":"closed","template":"","meta":{"_acf_changed":false,"advgb_blocks_editor_width":"","advgb_blocks_columns_visual_guide":"","footnotes":""},"categories":[],"class_list":["post-136","page","type-page","status-publish","hentry"],"acf":[],"yoast_head":"<!-- This site is optimized with the Yoast SEO plugin v22.1 - https:\/\/yoast.com\/wordpress\/plugins\/seo\/ -->\n<title>Statistiques | Mod\u00e8le pour une revue savante<\/title>\n<meta name=\"robots\" content=\"noindex, follow, max-snippet:-1, max-image-preview:large, max-video-preview:-1\" \/>\n<meta property=\"og:locale\" content=\"fr_CA\" \/>\n<meta property=\"og:type\" content=\"article\" \/>\n<meta property=\"og:title\" content=\"Statistiques | Mod\u00e8le pour une revue savante\" \/>\n<meta property=\"og:description\" content=\"Donn\u00e9es mettant en valeur votre revue. Vous pouvez, par exemple, vous inspirer des crit\u00e8res d&rsquo;\u00e9valuation du concours d&rsquo;Aide aux revues savantes (Conseil de recherches en sciences humaines) et du concours Soutien aux revues scientifiques (Fonds de recherche du Qu\u00e9bec) pour d\u00e9terminer quelles donn\u00e9es vous souhaitez valoriser. Vous pouvez aussi consid\u00e9rer les indicateurs de performance des [&hellip;]\" \/>\n<meta property=\"og:url\" content=\"https:\/\/revues.uqam.ca\/modele\/a-propos\/statistiques\/\" \/>\n<meta property=\"og:site_name\" content=\"Mod\u00e8le pour une revue savante\" \/>\n<meta property=\"article:modified_time\" content=\"2024-08-08T13:18:19+00:00\" \/>\n<meta property=\"og:image\" content=\"https:\/\/revues.uqam.ca\/modele\/wp-content\/uploads\/sites\/5\/2024\/04\/Logo-carre-NONOFFICIEL.png\" \/>\n\t<meta property=\"og:image:width\" content=\"360\" \/>\n\t<meta property=\"og:image:height\" content=\"360\" \/>\n\t<meta property=\"og:image:type\" content=\"image\/png\" \/>\n<meta name=\"twitter:card\" content=\"summary_large_image\" \/>\n<meta name=\"twitter:label1\" content=\"Estimation du temps de lecture\" \/>\n\t<meta name=\"twitter:data1\" content=\"1 minute\" \/>\n<script type=\"application\/ld+json\" class=\"yoast-schema-graph\">{\"@context\":\"https:\/\/schema.org\",\"@graph\":[{\"@type\":\"WebPage\",\"@id\":\"https:\/\/revues.uqam.ca\/modele\/a-propos\/statistiques\/\",\"url\":\"https:\/\/revues.uqam.ca\/modele\/a-propos\/statistiques\/\",\"name\":\"Statistiques | Mod\u00e8le pour une revue savante\",\"isPartOf\":{\"@id\":\"https:\/\/revues.uqam.ca\/modele\/#website\"},\"datePublished\":\"2023-01-17T20:32:02+00:00\",\"dateModified\":\"2024-08-08T13:18:19+00:00\",\"breadcrumb\":{\"@id\":\"https:\/\/revues.uqam.ca\/modele\/a-propos\/statistiques\/#breadcrumb\"},\"inLanguage\":\"fr-CA\",\"potentialAction\":[{\"@type\":\"ReadAction\",\"target\":[\"https:\/\/revues.uqam.ca\/modele\/a-propos\/statistiques\/\"]}]},{\"@type\":\"BreadcrumbList\",\"@id\":\"https:\/\/revues.uqam.ca\/modele\/a-propos\/statistiques\/#breadcrumb\",\"itemListElement\":[{\"@type\":\"ListItem\",\"position\":1,\"name\":\"UQAM\",\"item\":\"https:\/\/uqam.ca\"},{\"@type\":\"ListItem\",\"position\":2,\"name\":\"Mod\u00e8le pour une revue savante\",\"item\":\"https:\/\/revues.uqam.ca\/modele\"},{\"@type\":\"ListItem\",\"position\":3,\"name\":\"\u00c0 propos\",\"item\":\"https:\/\/revues.uqam.ca\/modele\/a-propos\/\"},{\"@type\":\"ListItem\",\"position\":4,\"name\":\"Statistiques\"}]},{\"@type\":\"WebSite\",\"@id\":\"https:\/\/revues.uqam.ca\/modele\/#website\",\"url\":\"https:\/\/revues.uqam.ca\/modele\/\",\"name\":\"Mod\u00e8le revue\",\"description\":\"\",\"alternateName\":\"Mod\u00e8le revue UQAM\",\"potentialAction\":[{\"@type\":\"SearchAction\",\"target\":{\"@type\":\"EntryPoint\",\"urlTemplate\":\"https:\/\/revues.uqam.ca\/modele\/recherche\/?q={search_term_string}\"},\"query-input\":\"required name=search_term_string\"}],\"inLanguage\":\"fr-CA\"}]}<\/script>\n<!-- \/ Yoast SEO plugin. -->","yoast_head_json":{"title":"Statistiques | Mod\u00e8le pour une revue savante","robots":{"index":"noindex","follow":"follow","max-snippet":"max-snippet:-1","max-image-preview":"max-image-preview:large","max-video-preview":"max-video-preview:-1"},"og_locale":"fr_CA","og_type":"article","og_title":"Statistiques | Mod\u00e8le pour une revue savante","og_description":"Donn\u00e9es mettant en valeur votre revue. Vous pouvez, par exemple, vous inspirer des crit\u00e8res d&rsquo;\u00e9valuation du concours d&rsquo;Aide aux revues savantes (Conseil de recherches en sciences humaines) et du concours Soutien aux revues scientifiques (Fonds de recherche du Qu\u00e9bec) pour d\u00e9terminer quelles donn\u00e9es vous souhaitez valoriser. Vous pouvez aussi consid\u00e9rer les indicateurs de performance des [&hellip;]","og_url":"https:\/\/revues.uqam.ca\/modele\/a-propos\/statistiques\/","og_site_name":"Mod\u00e8le pour une revue savante","article_modified_time":"2024-08-08T13:18:19+00:00","og_image":[{"width":360,"height":360,"url":"https:\/\/revues.uqam.ca\/modele\/wp-content\/uploads\/sites\/5\/2024\/04\/Logo-carre-NONOFFICIEL.png","type":"image\/png"}],"twitter_card":"summary_large_image","twitter_misc":{"Estimation du temps de lecture":"1 minute"},"schema":{"@context":"https:\/\/schema.org","@graph":[{"@type":"WebPage","@id":"https:\/\/revues.uqam.ca\/modele\/a-propos\/statistiques\/","url":"https:\/\/revues.uqam.ca\/modele\/a-propos\/statistiques\/","name":"Statistiques | Mod\u00e8le pour une revue savante","isPartOf":{"@id":"https:\/\/revues.uqam.ca\/modele\/#website"},"datePublished":"2023-01-17T20:32:02+00:00","dateModified":"2024-08-08T13:18:19+00:00","breadcrumb":{"@id":"https:\/\/revues.uqam.ca\/modele\/a-propos\/statistiques\/#breadcrumb"},"inLanguage":"fr-CA","potentialAction":[{"@type":"ReadAction","target":["https:\/\/revues.uqam.ca\/modele\/a-propos\/statistiques\/"]}]},{"@type":"BreadcrumbList","@id":"https:\/\/revues.uqam.ca\/modele\/a-propos\/statistiques\/#breadcrumb","itemListElement":[{"@type":"ListItem","position":1,"name":"UQAM","item":"https:\/\/uqam.ca"},{"@type":"ListItem","position":2,"name":"Mod\u00e8le pour une revue savante","item":"https:\/\/revues.uqam.ca\/modele"},{"@type":"ListItem","position":3,"name":"\u00c0 propos","item":"https:\/\/revues.uqam.ca\/modele\/a-propos\/"},{"@type":"ListItem","position":4,"name":"Statistiques"}]},{"@type":"WebSite","@id":"https:\/\/revues.uqam.ca\/modele\/#website","url":"https:\/\/revues.uqam.ca\/modele\/","name":"Mod\u00e8le revue","description":"","alternateName":"Mod\u00e8le revue UQAM","potentialAction":[{"@type":"SearchAction","target":{"@type":"EntryPoint","urlTemplate":"https:\/\/revues.uqam.ca\/modele\/recherche\/?q={search_term_string}"},"query-input":"required name=search_term_string"}],"inLanguage":"fr-CA"}]}},"coauthors":[{"link":"https:\/\/revues.uqam.ca\/modele\/author\/laporte_jon\/","display_name":"Jonathan Laporte"}],"author_meta":{"author_link":"https:\/\/revues.uqam.ca\/modele\/author\/laporte_jon\/","display_name":"Jonathan Laporte"},"relative_dates":{"created":"Posted 3 ann\u00e9es ago","modified":"Updated 2 ann\u00e9es ago"},"absolute_dates":{"created":"Posted on 2023-01-17","modified":"Updated on 2024-08-08"},"absolute_dates_time":{"created":"Posted on 2023-01-17 15 h 32 min","modified":"Updated on 2024-08-08 13 h 18 min"},"featured_img_caption":"","featured_img":false,"series_order":"","_links":{"self":[{"href":"https:\/\/revues.uqam.ca\/modele\/wp-json\/wp\/v2\/pages\/136","targetHints":{"allow":["GET"]}}],"collection":[{"href":"https:\/\/revues.uqam.ca\/modele\/wp-json\/wp\/v2\/pages"}],"about":[{"href":"https:\/\/revues.uqam.ca\/modele\/wp-json\/wp\/v2\/types\/page"}],"author":[{"embeddable":true,"href":"https:\/\/revues.uqam.ca\/modele\/wp-json\/wp\/v2\/users\/1"}],"replies":[{"embeddable":true,"href":"https:\/\/revues.uqam.ca\/modele\/wp-json\/wp\/v2\/comments?post=136"}],"version-history":[{"count":14,"href":"https:\/\/revues.uqam.ca\/modele\/wp-json\/wp\/v2\/pages\/136\/revisions"}],"predecessor-version":[{"id":14219,"href":"https:\/\/revues.uqam.ca\/modele\/wp-json\/wp\/v2\/pages\/136\/revisions\/14219"}],"up":[{"embeddable":true,"href":"https:\/\/revues.uqam.ca\/modele\/wp-json\/wp\/v2\/pages\/18"}],"wp:attachment":[{"href":"https:\/\/revues.uqam.ca\/modele\/wp-json\/wp\/v2\/media?parent=136"}],"wp:term":[{"taxonomy":"category","embeddable":true,"href":"https:\/\/revues.uqam.ca\/modele\/wp-json\/wp\/v2\/categories?post=136"}],"curies":[{"name":"wp","href":"https:\/\/api.w.org\/{rel}","templated":true}]}}