{"id":13293,"date":"2024-04-11T01:06:55","date_gmt":"2024-04-11T01:06:55","guid":{"rendered":"https:\/\/revues.uqam.ca\/modele\/?page_id=13293"},"modified":"2024-11-12T15:21:44","modified_gmt":"2024-11-12T15:21:44","slug":"aide","status":"publish","type":"page","link":"https:\/\/revues.uqam.ca\/modele\/aide\/","title":{"rendered":"Aide"},"content":{"rendered":"\n<h2 class=\"wp-block-heading\">Ressources<\/h2>\n\n\n\n<ul class=\"wp-block-list\">\n<li><a href=\"https:\/\/publicationethics.org\/files\/Code_of_conduct_for_journal_editors_Mar11.pdf\">Code of conduct and best practice guidelines for journal editors<\/a><br>COPE<\/li>\n\n\n\n<li><a href=\"https:\/\/docs.pkp.sfu.ca\/accessible-content\/en\/\">Creating accessible content : a guide for journal editors and authors<\/a><br>PKP<\/li>\n\n\n\n<li><a href=\"https:\/\/doaj.org\/static\/doaj\/docs\/DOAJquestions-for-reference-only.pdf\">DOAJ application form<\/a><br>DOAJ<\/li>\n\n\n\n<li><a href=\"https:\/\/revues.uqam.ca\/modele\/wp-content\/uploads\/sites\/5\/2024\/04\/INASP-Editors-Toolkit-DIGITAL.pdf\">Handbook for journal editors<\/a><br>INASP<\/li>\n\n\n\n<li><a href=\"https:\/\/www.oajournals-toolkit.org\/fr\/\">Kit des revues en acc\u00e8s ouvert<\/a><br>Open Access Journals Toolkit<\/li>\n\n\n\n<li><a href=\"https:\/\/publicationethics.org\/resources\/guidelines\/principles-transparency-and-best-practice-scholarly-publishing\">Principles of transparency and best practice in scholarly publishing<\/a><br>COPE<\/li>\n\n\n\n<li><a href=\"https:\/\/publicationethics.org\/\">Promoting integrity in research and its publication<\/a><br>COPE<\/li>\n\n\n\n<li><a href=\"https:\/\/doaj.org\/apply\/transparency\/\">Transparency &amp; best practice<\/a><br>DOAJ<\/li>\n<\/ul>\n\n\n\n<h2 class=\"wp-block-heading\">Formations<\/h2>\n\n\n\n<ul class=\"wp-block-list\">\n<li><a href=\"https:\/\/pkpschool.sfu.ca\/courses\/becoming-an-editor\/\">Becoming an Editor<\/a><br>PKP<\/li>\n\n\n\n<li><a href=\"http:\/\/Becoming a Reviewer\">Becoming a Reviewer<\/a><br>PKP<\/li>\n\n\n\n<li><a href=\"https:\/\/pkpschool.sfu.ca\/courses\/writing-for-publication\/\">Writing for Publication<\/a><br>PKP<\/li>\n<\/ul>\n\n\n\n<h2 class=\"wp-block-heading\">WordPress<\/h2>\n\n\n\n<div class=\"wp-block-advgb-accordions advgb-accordions-dd0e4fd8-6a6a-4549-8dfe-adb728ad8133 advgb-accordion-wrapper\" data-collapsed=\"true\">\n<div class=\"wp-block-advgb-accordion-item advgb-accordion-item\" style=\"margin-bottom:15px\"><div class=\"advgb-accordion-header\" style=\"background-color:#000;color:#eee;border-style:solid;border-width:1px;border-radius:2px\"><span class=\"advgb-accordion-header-icon\"><svg fill=\"#fff\" xmlns=\"http:\/\/www.w3.org\/2000\/svg\" width=\"24\" height=\"24\" viewBox=\"0 0 24 24\"><path fill=\"none\" d=\"M0,0h24v24H0V0z\"><\/path><path d=\"M12,5.83L15.17,9l1.41-1.41L12,3L7.41,7.59L8.83,9L12,5.83z M12,18.17L8.83,15l-1.41,1.41L12,21l4.59-4.59L15.17,15 L12,18.17z\"><\/path><\/svg><\/span><h4 class=\"advgb-accordion-header-title\" style=\"color:inherit\">Cr\u00e9ation d&rsquo;un compte externe<\/h4><\/div><div class=\"advgb-accordion-body\" style=\"border-style:solid !important;border-width:1px !important;border-color:undefined !important;border-top:none !important;border-radius:2px !important\">\n<p>Pour un membre n&rsquo;ayant pas un courriel UQAM, il est n\u00e9cessaire de lui cr\u00e9er un compte externe afin qu&rsquo;il puisse travailler sur le site WordPress. L&rsquo;\u00e9quipe de la revue doit demander au d\u00e9partement de remplir le formulaire suivant&nbsp;: <a href=\"https:\/\/jira.uqam.ca\/servicedesk\/customer\/portal\/1\/create\/690\">https:\/\/jira.uqam.ca\/servicedesk\/customer\/portal\/1\/create\/690<\/a>. Il sera n\u00e9cessaire de fournir le nom d\u2019un-e cadre ou d\u2019un-e responsable de d\u00e9partement qui approuve cette requ\u00eate.<\/p>\n\n\n\n<p>Cette proc\u00e9dure sera \u00e0 refaire chaque ann\u00e9e.<\/p>\n<\/div><\/div>\n<\/div>\n\n\n\n<p><\/p>\n","protected":false},"excerpt":{"rendered":"<p>Ressources Formations WordPress<\/p>\n","protected":false},"author":11,"featured_media":0,"parent":0,"menu_order":10,"comment_status":"closed","ping_status":"closed","template":"","meta":{"_acf_changed":false,"advgb_blocks_editor_width":"","advgb_blocks_columns_visual_guide":"","footnotes":""},"categories":[],"class_list":["post-13293","page","type-page","status-publish","hentry"],"acf":[],"yoast_head":"<!-- This site is optimized with the Yoast SEO plugin v22.1 - https:\/\/yoast.com\/wordpress\/plugins\/seo\/ -->\n<title>Aide | Mod\u00e8le pour une revue savante<\/title>\n<meta name=\"robots\" content=\"noindex, follow, max-snippet:-1, max-image-preview:large, max-video-preview:-1\" \/>\n<meta property=\"og:locale\" content=\"fr_CA\" \/>\n<meta property=\"og:type\" content=\"article\" \/>\n<meta property=\"og:title\" content=\"Aide | Mod\u00e8le pour une revue savante\" \/>\n<meta property=\"og:description\" content=\"Ressources Formations WordPress\" \/>\n<meta property=\"og:url\" content=\"https:\/\/revues.uqam.ca\/modele\/aide\/\" \/>\n<meta property=\"og:site_name\" content=\"Mod\u00e8le pour une revue savante\" \/>\n<meta property=\"article:modified_time\" content=\"2024-11-12T15:21:44+00:00\" \/>\n<meta property=\"og:image\" content=\"https:\/\/revues.uqam.ca\/modele\/wp-content\/uploads\/sites\/5\/2024\/04\/Logo-carre-NONOFFICIEL.png\" \/>\n\t<meta property=\"og:image:width\" content=\"360\" \/>\n\t<meta property=\"og:image:height\" content=\"360\" \/>\n\t<meta property=\"og:image:type\" content=\"image\/png\" \/>\n<meta name=\"twitter:card\" content=\"summary_large_image\" \/>\n<meta name=\"twitter:label1\" content=\"Estimation du temps de lecture\" \/>\n\t<meta name=\"twitter:data1\" content=\"1 minute\" \/>\n<script type=\"application\/ld+json\" class=\"yoast-schema-graph\">{\"@context\":\"https:\/\/schema.org\",\"@graph\":[{\"@type\":\"WebPage\",\"@id\":\"https:\/\/revues.uqam.ca\/modele\/aide\/\",\"url\":\"https:\/\/revues.uqam.ca\/modele\/aide\/\",\"name\":\"Aide | Mod\u00e8le pour une revue savante\",\"isPartOf\":{\"@id\":\"https:\/\/revues.uqam.ca\/modele\/#website\"},\"datePublished\":\"2024-04-11T01:06:55+00:00\",\"dateModified\":\"2024-11-12T15:21:44+00:00\",\"breadcrumb\":{\"@id\":\"https:\/\/revues.uqam.ca\/modele\/aide\/#breadcrumb\"},\"inLanguage\":\"fr-CA\",\"potentialAction\":[{\"@type\":\"ReadAction\",\"target\":[\"https:\/\/revues.uqam.ca\/modele\/aide\/\"]}]},{\"@type\":\"BreadcrumbList\",\"@id\":\"https:\/\/revues.uqam.ca\/modele\/aide\/#breadcrumb\",\"itemListElement\":[{\"@type\":\"ListItem\",\"position\":1,\"name\":\"UQAM\",\"item\":\"https:\/\/uqam.ca\"},{\"@type\":\"ListItem\",\"position\":2,\"name\":\"Mod\u00e8le pour une revue savante\",\"item\":\"https:\/\/revues.uqam.ca\/modele\"},{\"@type\":\"ListItem\",\"position\":3,\"name\":\"Aide\"}]},{\"@type\":\"WebSite\",\"@id\":\"https:\/\/revues.uqam.ca\/modele\/#website\",\"url\":\"https:\/\/revues.uqam.ca\/modele\/\",\"name\":\"Mod\u00e8le revue\",\"description\":\"\",\"alternateName\":\"Mod\u00e8le revue UQAM\",\"potentialAction\":[{\"@type\":\"SearchAction\",\"target\":{\"@type\":\"EntryPoint\",\"urlTemplate\":\"https:\/\/revues.uqam.ca\/modele\/recherche\/?q={search_term_string}\"},\"query-input\":\"required name=search_term_string\"}],\"inLanguage\":\"fr-CA\"}]}<\/script>\n<!-- \/ Yoast SEO plugin. -->","yoast_head_json":{"title":"Aide | Mod\u00e8le pour une revue savante","robots":{"index":"noindex","follow":"follow","max-snippet":"max-snippet:-1","max-image-preview":"max-image-preview:large","max-video-preview":"max-video-preview:-1"},"og_locale":"fr_CA","og_type":"article","og_title":"Aide | Mod\u00e8le pour une revue savante","og_description":"Ressources Formations WordPress","og_url":"https:\/\/revues.uqam.ca\/modele\/aide\/","og_site_name":"Mod\u00e8le pour une revue savante","article_modified_time":"2024-11-12T15:21:44+00:00","og_image":[{"width":360,"height":360,"url":"https:\/\/revues.uqam.ca\/modele\/wp-content\/uploads\/sites\/5\/2024\/04\/Logo-carre-NONOFFICIEL.png","type":"image\/png"}],"twitter_card":"summary_large_image","twitter_misc":{"Estimation du temps de lecture":"1 minute"},"schema":{"@context":"https:\/\/schema.org","@graph":[{"@type":"WebPage","@id":"https:\/\/revues.uqam.ca\/modele\/aide\/","url":"https:\/\/revues.uqam.ca\/modele\/aide\/","name":"Aide | Mod\u00e8le pour une revue savante","isPartOf":{"@id":"https:\/\/revues.uqam.ca\/modele\/#website"},"datePublished":"2024-04-11T01:06:55+00:00","dateModified":"2024-11-12T15:21:44+00:00","breadcrumb":{"@id":"https:\/\/revues.uqam.ca\/modele\/aide\/#breadcrumb"},"inLanguage":"fr-CA","potentialAction":[{"@type":"ReadAction","target":["https:\/\/revues.uqam.ca\/modele\/aide\/"]}]},{"@type":"BreadcrumbList","@id":"https:\/\/revues.uqam.ca\/modele\/aide\/#breadcrumb","itemListElement":[{"@type":"ListItem","position":1,"name":"UQAM","item":"https:\/\/uqam.ca"},{"@type":"ListItem","position":2,"name":"Mod\u00e8le pour une revue savante","item":"https:\/\/revues.uqam.ca\/modele"},{"@type":"ListItem","position":3,"name":"Aide"}]},{"@type":"WebSite","@id":"https:\/\/revues.uqam.ca\/modele\/#website","url":"https:\/\/revues.uqam.ca\/modele\/","name":"Mod\u00e8le revue","description":"","alternateName":"Mod\u00e8le revue UQAM","potentialAction":[{"@type":"SearchAction","target":{"@type":"EntryPoint","urlTemplate":"https:\/\/revues.uqam.ca\/modele\/recherche\/?q={search_term_string}"},"query-input":"required name=search_term_string"}],"inLanguage":"fr-CA"}]}},"coauthors":[{"link":"https:\/\/revues.uqam.ca\/modele\/author\/godina\/","display_name":"Alexandre Godin"}],"author_meta":{"author_link":"https:\/\/revues.uqam.ca\/modele\/author\/godina\/","display_name":"Alexandre Godin"},"relative_dates":{"created":"Posted 2 ann\u00e9es ago","modified":"Updated 1 ann\u00e9e ago"},"absolute_dates":{"created":"Posted on 2024-04-11","modified":"Updated on 2024-11-12"},"absolute_dates_time":{"created":"Posted on 2024-04-11 1 h 06 min","modified":"Updated on 2024-11-12 15 h 21 min"},"featured_img_caption":"","featured_img":false,"series_order":"","_links":{"self":[{"href":"https:\/\/revues.uqam.ca\/modele\/wp-json\/wp\/v2\/pages\/13293","targetHints":{"allow":["GET"]}}],"collection":[{"href":"https:\/\/revues.uqam.ca\/modele\/wp-json\/wp\/v2\/pages"}],"about":[{"href":"https:\/\/revues.uqam.ca\/modele\/wp-json\/wp\/v2\/types\/page"}],"author":[{"embeddable":true,"href":"https:\/\/revues.uqam.ca\/modele\/wp-json\/wp\/v2\/users\/11"}],"replies":[{"embeddable":true,"href":"https:\/\/revues.uqam.ca\/modele\/wp-json\/wp\/v2\/comments?post=13293"}],"version-history":[{"count":18,"href":"https:\/\/revues.uqam.ca\/modele\/wp-json\/wp\/v2\/pages\/13293\/revisions"}],"predecessor-version":[{"id":14373,"href":"https:\/\/revues.uqam.ca\/modele\/wp-json\/wp\/v2\/pages\/13293\/revisions\/14373"}],"wp:attachment":[{"href":"https:\/\/revues.uqam.ca\/modele\/wp-json\/wp\/v2\/media?parent=13293"}],"wp:term":[{"taxonomy":"category","embeddable":true,"href":"https:\/\/revues.uqam.ca\/modele\/wp-json\/wp\/v2\/categories?post=13293"}],"curies":[{"name":"wp","href":"https:\/\/api.w.org\/{rel}","templated":true}]}}