{"id":12797,"date":"2023-01-09T12:02:48","date_gmt":"2023-01-09T17:02:48","guid":{"rendered":"https:\/\/revues.dev.uqam.ca\/iref\/?page_id=11"},"modified":"2024-10-21T19:16:06","modified_gmt":"2024-10-21T19:16:06","slug":"presentation-de-la-revue","status":"publish","type":"page","link":"https:\/\/revues.uqam.ca\/modele\/a-propos\/presentation-de-la-revue\/","title":{"rendered":"Pr\u00e9sentation de la revue"},"content":{"rendered":"\n<div class=\"wp-block-advgb-columns advgb-columns-wrapper\" id=\"advgb-cols-14e75136-2434-4561-a8f8-4a8ddb1ae934\"><div class=\"advgb-columns-container\"><div class=\"advgb-columns advgb-columns-row advgb-is-mobile advgb-columns-2 layout-23-13 mbl-layout-stacked gutter-70 vgutter-10\">\n<div class=\"wp-block-advgb-column advgb-column\" id=\"advgb-col-88110a9f-5a18-4bcd-b32b-ad6cbaff02a3\"><div class=\"advgb-column-inner\" style=\"border-style:none;border-width:1px\">\n<div class=\"wp-block-group has-very-light-gray-to-cyan-bluish-gray-gradient-background has-background\"><div class=\"wp-block-group__inner-container is-layout-constrained wp-block-group-is-layout-constrained\">\n<p>Dans un court texte, abordez les points suivants :<\/p>\n\n\n\n<ul class=\"wp-block-list\">\n<li>Vision<\/li>\n\n\n\n<li>\u00c9nonc\u00e9 de mission<\/li>\n\n\n\n<li>Contenu couvert<\/li>\n\n\n\n<li>Lectorat vis\u00e9<\/li>\n\n\n\n<li>Type d&rsquo;auteurs recherch\u00e9s<\/li>\n\n\n\n<li>Pertinence de la revue par rapport aux autres revues du m\u00eame domaine disciplinaire<\/li>\n\n\n\n<li>Langue de publication<\/li>\n\n\n\n<li>Publication en continu ou volumaison, et selon quelle fr\u00e9quence<\/li>\n\n\n\n<li>Types de manuscrits accept\u00e9s<\/li>\n<\/ul>\n<\/div><\/div>\n\n\n\n<p><\/p>\n\n\n\n<ul class=\"wp-block-list\">\n<li><a href=\"https:\/\/www.oajournals-toolkit.org\/fr\/gestion-dune-revue\/publication-frequency-and-journal-issues\">Fr\u00e9quence de publication et num\u00e9ros de revues<\/a><br>Open Access Journals Toolkit<\/li>\n<\/ul>\n\n\n\n<p>Nullam in ullamcorper mauris. Proin tincidunt lectus viverra orci suscipit, vel cursus lectus sodales. Quisque tempus, erat nec gravida vehicula, felis quam consectetur ex, at consequat risus enim vitae purus. Etiam ut elementum urna. Nam et efficitur neque. Ut augue nibh, egestas sed mauris id, accumsan consequat risus. Maecenas felis lectus, sodales a volutpat non, malesuada a tortor. Sed congue purus vel diam vulputate ullamcorper. Nulla facilisi. Nam non suscipit arcu.<\/p>\n\n\n\n<h2 class=\"wp-block-heading\">Indexation<\/h2>\n\n\n\n<div class=\"wp-block-group has-very-light-gray-to-cyan-bluish-gray-gradient-background has-background\"><div class=\"wp-block-group__inner-container is-layout-constrained wp-block-group-is-layout-constrained\">\n<p>Indiquez les bases de donn\u00e9es (Erudit, Scopus, Education Source, etc.) o\u00f9 il est possible pour un usager de lancer une recherche et de rep\u00e9rer des articles de la revue.<\/p>\n<\/div><\/div>\n\n\n\n<p>Aliquam erat volutpat. Nam libero neque, efficitur in ante quis, sagittis elementum ante. Etiam elementum dignissim ex eu lobortis. Pellentesque blandit, orci ut pretium blandit, enim massa varius mauris, id mollis eros magna sit amet felis. <\/p>\n\n\n\n<ul class=\"wp-block-list\">\n<li>Base de donn\u00e9e 1<\/li>\n\n\n\n<li>Base de donn\u00e9e 2<\/li>\n\n\n\n<li>Base de donn\u00e9e 3<\/li>\n<\/ul>\n<\/div><\/div>\n\n\n\n<div class=\"wp-block-advgb-column advgb-column\" id=\"advgb-col-8d9073ac-9d65-4969-9975-0066b18c2111\"><div class=\"advgb-column-inner\" style=\"border-style:none;border-width:1px\">\n<h3 class=\"wp-block-heading\" id=\"titretop\">\u00c0 propos de la revue<\/h3>\n\n\n\n<table class=\"wp-block-advgb-table advgb-table-frontend\" style=\"border-collapse:collapse\"><tbody><tr><td style=\"border-top-color:#000;border-right-color:#000;border-bottom-color:#000;border-left-color:#000;text-align:left;vertical-align:top;border-width:1px;width:50%\">Ann\u00e9e de parution<\/td><td style=\"text-align:left;vertical-align:top;border-top-color:#000;border-right-color:#000;border-bottom-color:#000;border-left-color:#000;border-width:1px\">2022<\/td><\/tr><tr><td style=\"border-top-color:#000;border-right-color:#000;border-bottom-color:#000;border-left-color:#000;border-width:1px;text-align:left;vertical-align:top;width:50%\">ISSN<\/td><td style=\"border-top-color:#000;border-right-color:#000;border-bottom-color:#000;border-left-color:#000;border-width:1px;text-align:left;vertical-align:top\">1234-5678 (num\u00e9rique)<\/td><\/tr><tr><td style=\"border-top-color:#000;border-right-color:#000;border-bottom-color:#000;border-left-color:#000;border-width:1px;text-align:left;vertical-align:top;width:50%\">Fr\u00e9quence de publication<\/td><td style=\"border-top-color:#000;border-right-color:#000;border-bottom-color:#000;border-left-color:#000;border-width:1px;text-align:left;vertical-align:top\">2 num\u00e9ros par an<\/td><\/tr><tr><td style=\"border-top-color:#000;border-right-color:#000;border-bottom-color:#000;border-left-color:#000;border-width:1px;text-align:left;vertical-align:top;width:50%\">Langue de publication<\/td><td style=\"border-top-color:#000;border-right-color:#000;border-bottom-color:#000;border-left-color:#000;border-width:1px;text-align:left;vertical-align:top\">Fran\u00e7ais<\/td><\/tr><tr><td style=\"border-top-color:#000;border-right-color:#000;border-bottom-color:#000;border-left-color:#000;border-width:1px;text-align:left;vertical-align:top;width:50%\">Archivage num\u00e9rique<\/td><td style=\"text-align:left;vertical-align:top;border-top-color:#000;border-right-color:#000;border-bottom-color:#000;border-left-color:#000;border-width:1px\">Portico via \u00c9rudit<\/td><\/tr><\/tbody><\/table>\n\n\n\n<h3 class=\"wp-block-heading\">Pratiques \u00e9ditoriales<\/h3>\n\n\n\n<table class=\"wp-block-advgb-table advgb-table-frontend\" style=\"border-collapse:collapse\"><tbody><tr><td style=\"border-top-color:#000;border-right-color:#000;border-bottom-color:#000;border-left-color:#000;border-width:1px;text-align:left;vertical-align:top;width:50%\">R\u00e9vision par les pairs<\/td><td style=\"border-top-color:#000;border-right-color:#000;border-bottom-color:#000;border-left-color:#000;border-width:1px;text-align:left;vertical-align:top\">Oui, en double aveugle<\/td><\/tr><tr><td style=\"border-top-color:#000;border-right-color:#000;border-bottom-color:#000;border-left-color:#000;border-width:1px;text-align:left;vertical-align:top;width:50%\">Libre acc\u00e8s<\/td><td style=\"border-top-color:#000;border-right-color:#000;border-bottom-color:#000;border-left-color:#000;border-width:1px;text-align:left;vertical-align:top\">Oui<\/td><\/tr><tr><td style=\"border-top-color:#000;border-right-color:#000;border-bottom-color:#000;border-left-color:#000;border-width:1px;text-align:left;vertical-align:top;width:50%\">Licence Creative Commons attribu\u00e9e aux articles<\/td><td style=\"border-top-color:#000;border-right-color:#000;border-bottom-color:#000;border-left-color:#000;border-width:1px;text-align:left;vertical-align:top\">CC BY-NC 4.0<\/td><\/tr><\/tbody><\/table>\n\n\n\n<h3 class=\"wp-block-heading\">Organisation<\/h3>\n\n\n\n<table class=\"wp-block-advgb-table advgb-table-frontend\" style=\"border-collapse:collapse\"><tbody><tr><td style=\"border-top-color:#000;border-right-color:#000;border-bottom-color:#000;border-left-color:#000;border-width:1px;text-align:left;vertical-align:top;width:50%\">Direction<\/td><td style=\"border-top-color:#000;border-right-color:#000;border-bottom-color:#000;border-left-color:#000;border-width:1px;text-align:left;vertical-align:top\">Nom, Pr\u00e9nom<\/td><\/tr><tr><td style=\"border-top-color:#000;border-right-color:#000;border-bottom-color:#000;border-left-color:#000;border-width:1px;text-align:left;vertical-align:top;width:50%\">\u00c9diteur de la revue<\/td><td style=\"border-top-color:#000;border-right-color:#000;border-bottom-color:#000;border-left-color:#000;border-width:1px;text-align:left;vertical-align:top\">XYZ<\/td><\/tr><tr><td style=\"border-top-color:#000;border-right-color:#000;border-bottom-color:#000;border-left-color:#000;border-width:1px;text-align:left;vertical-align:top;width:50%\">Pays de l&rsquo;\u00e9diteur<\/td><td style=\"border-top-color:#000;border-right-color:#000;border-bottom-color:#000;border-left-color:#000;border-width:1px;text-align:left;vertical-align:top\">Canada<\/td><\/tr><\/tbody><\/table>\n\n\n\n<h3 class=\"wp-block-heading\">Sources de financement<\/h3>\n\n\n\n<table class=\"wp-block-advgb-table advgb-table-frontend\" style=\"border-collapse:collapse\"><tbody><tr><td style=\"border-top-color:#000;border-right-color:#000;border-bottom-color:#000;border-left-color:#000;border-width:1px;text-align:left;vertical-align:top;width:50%\">Dons<\/td><td style=\"border-top-color:#000;border-right-color:#000;border-bottom-color:#000;border-left-color:#000;border-width:1px;text-align:left;vertical-align:top\">Non<\/td><\/tr><tr><td style=\"border-top-color:#000;border-right-color:#000;border-bottom-color:#000;border-left-color:#000;border-width:1px;text-align:left;vertical-align:top;width:50%\">Subventions<\/td><td style=\"border-top-color:#000;border-right-color:#000;border-bottom-color:#000;border-left-color:#000;border-width:1px;text-align:left;vertical-align:top\">Non<\/td><\/tr><tr><td style=\"border-top-color:#000;border-right-color:#000;border-bottom-color:#000;border-left-color:#000;border-width:1px;text-align:left;vertical-align:top;width:50%\">Frais d&rsquo;abonnement<\/td><td style=\"border-top-color:#000;border-right-color:#000;border-bottom-color:#000;border-left-color:#000;border-width:1px;text-align:left;vertical-align:top\">Aucuns<\/td><\/tr><tr><td style=\"border-top-color:#000;border-right-color:#000;border-bottom-color:#000;border-left-color:#000;border-width:1px;text-align:left;vertical-align:top;width:50%\">Frais de publication<\/td><td style=\"border-top-color:#000;border-right-color:#000;border-bottom-color:#000;border-left-color:#000;border-width:1px;text-align:left;vertical-align:top\">Aucuns<\/td><\/tr><\/tbody><\/table>\n<\/div><\/div>\n<\/div><\/div><\/div>\n<style class=\"advgb-styles-renderer\">#advgb-col-88110a9f-5a18-4bcd-b32b-ad6cbaff02a3>.advgb-column-inner{}@media screen and (max-width: 1023px) {#advgb-col-88110a9f-5a18-4bcd-b32b-ad6cbaff02a3>.advgb-column-inner{}}@media screen and (max-width: 767px) {#advgb-col-88110a9f-5a18-4bcd-b32b-ad6cbaff02a3>.advgb-column-inner{}}#advgb-col-8d9073ac-9d65-4969-9975-0066b18c2111>.advgb-column-inner{}@media screen and (max-width: 1023px) {#advgb-col-8d9073ac-9d65-4969-9975-0066b18c2111>.advgb-column-inner{}}@media screen and (max-width: 767px) {#advgb-col-8d9073ac-9d65-4969-9975-0066b18c2111>.advgb-column-inner{}}#advgb-cols-14e75136-2434-4561-a8f8-4a8ddb1ae934{}@media screen and (max-width: 1023px) {#advgb-cols-14e75136-2434-4561-a8f8-4a8ddb1ae934{}}@media screen and (max-width: 767px) {#advgb-cols-14e75136-2434-4561-a8f8-4a8ddb1ae934{}}#advgb-col-88110a9f-5a18-4bcd-b32b-ad6cbaff02a3>.advgb-column-inner{}@media screen and (max-width: 1023px) {#advgb-col-88110a9f-5a18-4bcd-b32b-ad6cbaff02a3>.advgb-column-inner{}}@media screen and (max-width: 767px) {#advgb-col-88110a9f-5a18-4bcd-b32b-ad6cbaff02a3>.advgb-column-inner{}}#advgb-col-8d9073ac-9d65-4969-9975-0066b18c2111>.advgb-column-inner{}@media screen and (max-width: 1023px) {#advgb-col-8d9073ac-9d65-4969-9975-0066b18c2111>.advgb-column-inner{}}@media screen and (max-width: 767px) {#advgb-col-8d9073ac-9d65-4969-9975-0066b18c2111>.advgb-column-inner{}}<\/style>","protected":false},"excerpt":{"rendered":"","protected":false},"author":1,"featured_media":0,"parent":18,"menu_order":0,"comment_status":"closed","ping_status":"closed","template":"","meta":{"_acf_changed":false,"advgb_blocks_editor_width":"","advgb_blocks_columns_visual_guide":"","footnotes":""},"categories":[],"class_list":["post-12797","page","type-page","status-publish","hentry"],"acf":[],"yoast_head":"<!-- This site is optimized with the Yoast SEO plugin v22.1 - https:\/\/yoast.com\/wordpress\/plugins\/seo\/ -->\n<title>Pr\u00e9sentation de la revue | Mod\u00e8le pour une revue savante<\/title>\n<meta name=\"robots\" content=\"noindex, follow, max-snippet:-1, max-image-preview:large, max-video-preview:-1\" \/>\n<meta property=\"og:locale\" content=\"fr_CA\" \/>\n<meta property=\"og:type\" content=\"article\" \/>\n<meta property=\"og:title\" content=\"Pr\u00e9sentation de la revue | Mod\u00e8le pour une revue savante\" \/>\n<meta property=\"og:url\" content=\"https:\/\/revues.uqam.ca\/modele\/a-propos\/presentation-de-la-revue\/\" \/>\n<meta property=\"og:site_name\" content=\"Mod\u00e8le pour une revue savante\" \/>\n<meta property=\"article:modified_time\" content=\"2024-10-21T19:16:06+00:00\" \/>\n<meta property=\"og:image\" content=\"https:\/\/revues.uqam.ca\/modele\/wp-content\/uploads\/sites\/5\/2024\/04\/Logo-carre-NONOFFICIEL.png\" \/>\n\t<meta property=\"og:image:width\" content=\"360\" \/>\n\t<meta property=\"og:image:height\" content=\"360\" \/>\n\t<meta property=\"og:image:type\" content=\"image\/png\" \/>\n<meta name=\"twitter:card\" content=\"summary_large_image\" \/>\n<meta name=\"twitter:label1\" content=\"Estimation du temps de lecture\" \/>\n\t<meta name=\"twitter:data1\" content=\"2 minutes\" \/>\n<script type=\"application\/ld+json\" class=\"yoast-schema-graph\">{\"@context\":\"https:\/\/schema.org\",\"@graph\":[{\"@type\":\"WebPage\",\"@id\":\"https:\/\/revues.uqam.ca\/modele\/a-propos\/presentation-de-la-revue\/\",\"url\":\"https:\/\/revues.uqam.ca\/modele\/a-propos\/presentation-de-la-revue\/\",\"name\":\"Pr\u00e9sentation de la revue | Mod\u00e8le pour une revue savante\",\"isPartOf\":{\"@id\":\"https:\/\/revues.uqam.ca\/modele\/#website\"},\"datePublished\":\"2023-01-09T17:02:48+00:00\",\"dateModified\":\"2024-10-21T19:16:06+00:00\",\"breadcrumb\":{\"@id\":\"https:\/\/revues.uqam.ca\/modele\/a-propos\/presentation-de-la-revue\/#breadcrumb\"},\"inLanguage\":\"fr-CA\",\"potentialAction\":[{\"@type\":\"ReadAction\",\"target\":[\"https:\/\/revues.uqam.ca\/modele\/a-propos\/presentation-de-la-revue\/\"]}]},{\"@type\":\"BreadcrumbList\",\"@id\":\"https:\/\/revues.uqam.ca\/modele\/a-propos\/presentation-de-la-revue\/#breadcrumb\",\"itemListElement\":[{\"@type\":\"ListItem\",\"position\":1,\"name\":\"UQAM\",\"item\":\"https:\/\/uqam.ca\"},{\"@type\":\"ListItem\",\"position\":2,\"name\":\"Mod\u00e8le pour une revue savante\",\"item\":\"https:\/\/revues.uqam.ca\/modele\"},{\"@type\":\"ListItem\",\"position\":3,\"name\":\"\u00c0 propos\",\"item\":\"https:\/\/revues.uqam.ca\/modele\/a-propos\/\"},{\"@type\":\"ListItem\",\"position\":4,\"name\":\"Pr\u00e9sentation de la revue\"}]},{\"@type\":\"WebSite\",\"@id\":\"https:\/\/revues.uqam.ca\/modele\/#website\",\"url\":\"https:\/\/revues.uqam.ca\/modele\/\",\"name\":\"Mod\u00e8le revue\",\"description\":\"\",\"alternateName\":\"Mod\u00e8le revue UQAM\",\"potentialAction\":[{\"@type\":\"SearchAction\",\"target\":{\"@type\":\"EntryPoint\",\"urlTemplate\":\"https:\/\/revues.uqam.ca\/modele\/recherche\/?q={search_term_string}\"},\"query-input\":\"required name=search_term_string\"}],\"inLanguage\":\"fr-CA\"}]}<\/script>\n<!-- \/ Yoast SEO plugin. -->","yoast_head_json":{"title":"Pr\u00e9sentation de la revue | Mod\u00e8le pour une revue savante","robots":{"index":"noindex","follow":"follow","max-snippet":"max-snippet:-1","max-image-preview":"max-image-preview:large","max-video-preview":"max-video-preview:-1"},"og_locale":"fr_CA","og_type":"article","og_title":"Pr\u00e9sentation de la revue | Mod\u00e8le pour une revue savante","og_url":"https:\/\/revues.uqam.ca\/modele\/a-propos\/presentation-de-la-revue\/","og_site_name":"Mod\u00e8le pour une revue savante","article_modified_time":"2024-10-21T19:16:06+00:00","og_image":[{"width":360,"height":360,"url":"https:\/\/revues.uqam.ca\/modele\/wp-content\/uploads\/sites\/5\/2024\/04\/Logo-carre-NONOFFICIEL.png","type":"image\/png"}],"twitter_card":"summary_large_image","twitter_misc":{"Estimation du temps de lecture":"2 minutes"},"schema":{"@context":"https:\/\/schema.org","@graph":[{"@type":"WebPage","@id":"https:\/\/revues.uqam.ca\/modele\/a-propos\/presentation-de-la-revue\/","url":"https:\/\/revues.uqam.ca\/modele\/a-propos\/presentation-de-la-revue\/","name":"Pr\u00e9sentation de la revue | Mod\u00e8le pour une revue savante","isPartOf":{"@id":"https:\/\/revues.uqam.ca\/modele\/#website"},"datePublished":"2023-01-09T17:02:48+00:00","dateModified":"2024-10-21T19:16:06+00:00","breadcrumb":{"@id":"https:\/\/revues.uqam.ca\/modele\/a-propos\/presentation-de-la-revue\/#breadcrumb"},"inLanguage":"fr-CA","potentialAction":[{"@type":"ReadAction","target":["https:\/\/revues.uqam.ca\/modele\/a-propos\/presentation-de-la-revue\/"]}]},{"@type":"BreadcrumbList","@id":"https:\/\/revues.uqam.ca\/modele\/a-propos\/presentation-de-la-revue\/#breadcrumb","itemListElement":[{"@type":"ListItem","position":1,"name":"UQAM","item":"https:\/\/uqam.ca"},{"@type":"ListItem","position":2,"name":"Mod\u00e8le pour une revue savante","item":"https:\/\/revues.uqam.ca\/modele"},{"@type":"ListItem","position":3,"name":"\u00c0 propos","item":"https:\/\/revues.uqam.ca\/modele\/a-propos\/"},{"@type":"ListItem","position":4,"name":"Pr\u00e9sentation de la revue"}]},{"@type":"WebSite","@id":"https:\/\/revues.uqam.ca\/modele\/#website","url":"https:\/\/revues.uqam.ca\/modele\/","name":"Mod\u00e8le revue","description":"","alternateName":"Mod\u00e8le revue UQAM","potentialAction":[{"@type":"SearchAction","target":{"@type":"EntryPoint","urlTemplate":"https:\/\/revues.uqam.ca\/modele\/recherche\/?q={search_term_string}"},"query-input":"required name=search_term_string"}],"inLanguage":"fr-CA"}]}},"coauthors":[{"link":"https:\/\/revues.uqam.ca\/modele\/author\/laporte_jon\/","display_name":"Jonathan Laporte"}],"author_meta":{"author_link":"https:\/\/revues.uqam.ca\/modele\/author\/laporte_jon\/","display_name":"Jonathan Laporte"},"relative_dates":{"created":"Posted 3 ann\u00e9es ago","modified":"Updated 2 ann\u00e9es ago"},"absolute_dates":{"created":"Posted on 2023-01-09","modified":"Updated on 2024-10-21"},"absolute_dates_time":{"created":"Posted on 2023-01-09 12 h 02 min","modified":"Updated on 2024-10-21 19 h 16 min"},"featured_img_caption":"","featured_img":false,"series_order":"","_links":{"self":[{"href":"https:\/\/revues.uqam.ca\/modele\/wp-json\/wp\/v2\/pages\/12797","targetHints":{"allow":["GET"]}}],"collection":[{"href":"https:\/\/revues.uqam.ca\/modele\/wp-json\/wp\/v2\/pages"}],"about":[{"href":"https:\/\/revues.uqam.ca\/modele\/wp-json\/wp\/v2\/types\/page"}],"author":[{"embeddable":true,"href":"https:\/\/revues.uqam.ca\/modele\/wp-json\/wp\/v2\/users\/1"}],"replies":[{"embeddable":true,"href":"https:\/\/revues.uqam.ca\/modele\/wp-json\/wp\/v2\/comments?post=12797"}],"version-history":[{"count":71,"href":"https:\/\/revues.uqam.ca\/modele\/wp-json\/wp\/v2\/pages\/12797\/revisions"}],"predecessor-version":[{"id":14285,"href":"https:\/\/revues.uqam.ca\/modele\/wp-json\/wp\/v2\/pages\/12797\/revisions\/14285"}],"up":[{"embeddable":true,"href":"https:\/\/revues.uqam.ca\/modele\/wp-json\/wp\/v2\/pages\/18"}],"wp:attachment":[{"href":"https:\/\/revues.uqam.ca\/modele\/wp-json\/wp\/v2\/media?parent=12797"}],"wp:term":[{"taxonomy":"category","embeddable":true,"href":"https:\/\/revues.uqam.ca\/modele\/wp-json\/wp\/v2\/categories?post=12797"}],"curies":[{"name":"wp","href":"https:\/\/api.w.org\/{rel}","templated":true}]}}