{"id":14226,"date":"2024-07-12T00:34:06","date_gmt":"2024-07-12T00:34:06","guid":{"rendered":"https:\/\/revues.uqam.ca\/feminetudes\/?page_id=14226"},"modified":"2025-02-14T23:23:20","modified_gmt":"2025-02-14T23:23:20","slug":"protocoles-de-redaction","status":"publish","type":"page","link":"https:\/\/revues.uqam.ca\/feminetudes\/protocoles-de-redaction\/","title":{"rendered":"Protocole de r\u00e9daction"},"content":{"rendered":"\n<div class=\"wp-block-group\"><div class=\"wp-block-group__inner-container is-layout-constrained wp-block-group-is-layout-constrained\">\n<h3 class=\"wp-block-heading\">Processus de soumission des contributions<\/h3>\n\n\n\n<p>Les contributions doivent \u00eatre envoy\u00e9es par courriel \u00e0 l\u2019adresse suivante : <a href=\"mailto:feminetudes.textes@gmail.com\">feminetudes.textes@gmail.com<\/a> et doivent \u00eatre envoy\u00e9es en format Microsoft Word, OpenOffice (pour les textes) ou PDF (s&rsquo;il s&rsquo;agit d&rsquo;une contributions d\u2019art visuel, par exemple : photographies, illustrations, etc.).\u00a0<\/p>\n\n\n\n<p>Si cela s\u2019applique, les informations suivantes sont requises :<\/p>\n\n\n\n<ul class=\"wp-block-list\">\n<li>Titre<\/li>\n\n\n\n<li>Sous-titre, s\u2019il y a lieu<\/li>\n\n\n\n<li>Liste compl\u00e8te des auteurices, s\u2019il y a lieu<\/li>\n\n\n\n<li>Mots-cl\u00e9s<\/li>\n\n\n\n<li>Bibliographie et sources<\/li>\n<\/ul>\n\n\n\n<h3 class=\"wp-block-heading\">Normes de pr\u00e9sentation des articles<\/h3>\n\n\n\n<ul class=\"wp-block-list\">\n<li>Police : Times New Roman, 12 pour le corps du texte, et 10 pour les notes de bas de page<\/li>\n\n\n\n<li>Interligne : interligne et demi ou double<\/li>\n\n\n\n<li>Titres d\u2019\u0153uvres : <em>en italique<\/em><\/li>\n\n\n\n<li>Mots en langues autres que la langue principale du texte : <em>en italique<\/em><\/li>\n\n\n\n<li>Guillemets : utiliser les guillemets \u00ab fran\u00e7ais \u00bb sauf \u00e0 l\u2019int\u00e9rieur d\u2019une citation, o\u00f9 les guillemets \u201canglais\u201d sont utilis\u00e9s.<\/li>\n\n\n\n<li>Encadrement de phrase : utiliser le tiret long ou tiret cadratin (\u2014)<\/li>\n\n\n\n<li>Sigles et acronymes : le nom complet doit \u00eatre indiqu\u00e9 \u00e0 sa premi\u00e8re occurrence : ex. Universit\u00e9 du Qu\u00e9bec \u00e0 Montr\u00e9al (UQAM)<\/li>\n\n\n\n<li>Un maximum de 5000 mots (sans inclure la bibliographie et les notes de bas de page)<\/li>\n<\/ul>\n\n\n\n<h3 class=\"wp-block-heading\">\u00c9criture inclusive<\/h3>\n\n\n\n<p>Nous demandons \u00e0 ce que toutes les contributions soient r\u00e9dig\u00e9es en \u00e9criture inclusive ou \u00e9pic\u00e8ne. Le <a href=\"https:\/\/drive.google.com\/file\/d\/12VAuX2L-0gXMxkxW1lCODCezPI20JUaX\/view?usp=sharing\">Guide de r\u00e9daction inclusive<\/a> de la revue F\u00e9min\u00c9tudes, ainsi que le <a href=\"https:\/\/reseau.uquebec.ca\/system\/files\/documents\/guide-communication-inclusive-universite-du-quebec-2023.pdf\">Guide de communication inclusive<\/a> et la <a href=\"https:\/\/reseau.uquebec.ca\/fr\/system\/files\/documents\/EDI\/fiche1_ecriture-inclusive_uq-2021.pdf\">Fiche aide-m\u00e9moire d\u2019\u00e9criture inclusive<\/a> de l\u2019Universit\u00e9 du Qu\u00e9bec peuvent servir de r\u00e9f\u00e9rence. Vous pouvez utiliser la m\u00e9thode que vous souhaitez. Il faut simplement que cette m\u00e9thode soit utilis\u00e9e tout au long du texte de mani\u00e8re coh\u00e9rente.\u00a0<\/p>\n\n\n\n<h3 class=\"wp-block-heading\">Avertissement de contenu (<em>trigger warning<\/em>)<\/h3>\n\n\n\n<p>Nous vous demandons d&rsquo;inclure un avertissement de contenu (<em>trigger warning<\/em>) si des sujets sensibles sont abord\u00e9s dans vos contributions, qu&rsquo;il s&rsquo;agisse de textes ou de cr\u00e9ations visuelles.<\/p>\n\n\n\n<h3 class=\"wp-block-heading\">R\u00e9f\u00e9rences et normes acad\u00e9miques<\/h3>\n\n\n\n<p>S\u2019il y a lieu, les r\u00e9f\u00e9rences dans le texte suivent le style <a href=\"https:\/\/style-apa.uqam.ca\/\">APA-UQAM<\/a>. Toute r\u00e9utilisation de texte en paraphrase ou en citation mot \u00e0 mot doit mentionner la source d\u2019o\u00f9 est tir\u00e9e l\u2019id\u00e9e reprise sous la forme <strong>(auteur, date : page)<\/strong> dans le texte. <\/p>\n\n\n\n<p>Nous demandons de <strong>ne pas<\/strong> utiliser la m\u00e9thode de notes de bas de page. <\/p>\n\n\n\n<h3 class=\"wp-block-heading\">Notes<\/h3>\n\n\n\n<p>S\u2019il y a lieu, les notes de fin sont num\u00e9rot\u00e9es en continu en utilisant les chiffres arabes et sont plac\u00e9es \u00e0 la fin du texte.<\/p>\n\n\n\n<h3 class=\"wp-block-heading\">Bibliographie<\/h3>\n\n\n\n<p>Les contributeurices doivent appliquer le style bibliographique UQAM-APA-Pr\u00e9nom. Nous invitons \u00e9galement les contributeurices \u00e0 utiliser le logiciel Zotero.&nbsp;<\/p>\n\n\n\n<h3 class=\"wp-block-heading\">Images, cartes, graphiques, dessins, illustrations<\/h3>\n\n\n\n<p>Les illustrations doivent \u00eatre int\u00e9gr\u00e9es dans le texte et les contributeurices doivent avoir obtenu les droits de reproduction. S\u2019il y a lieu, la copie de la preuve est jointe \u00e0 l\u2019article.<\/p>\n\n\n\n<p>Les images doivent \u00eatre fournies dans un dossier distinct du texte.&nbsp;<\/p>\n<\/div><\/div>\n","protected":false},"excerpt":{"rendered":"<p>Processus de soumission des contributions Les contributions doivent \u00eatre envoy\u00e9es par courriel \u00e0 l\u2019adresse suivante : feminetudes.textes@gmail.com et doivent \u00eatre envoy\u00e9es en format Microsoft Word, OpenOffice (pour les textes) ou PDF (s&rsquo;il s&rsquo;agit d&rsquo;une contributions d\u2019art visuel, par exemple : photographies, illustrations, etc.).\u00a0 Si cela s\u2019applique, les informations suivantes sont requises : Normes de pr\u00e9sentation [&hellip;]<\/p>\n","protected":false},"author":33,"featured_media":0,"parent":0,"menu_order":0,"comment_status":"closed","ping_status":"closed","template":"","meta":{"_acf_changed":false,"advgb_blocks_editor_width":"","advgb_blocks_columns_visual_guide":"","footnotes":""},"categories":[],"class_list":["post-14226","page","type-page","status-publish","hentry"],"acf":[],"yoast_head":"<!-- This site is optimized with the Yoast SEO plugin v22.1 - https:\/\/yoast.com\/wordpress\/plugins\/seo\/ -->\n<title>Protocole de r\u00e9daction | Revue F\u00e9min\u00c9tudes<\/title>\n<meta name=\"robots\" content=\"index, follow, max-snippet:-1, max-image-preview:large, max-video-preview:-1\" \/>\n<link rel=\"canonical\" href=\"https:\/\/revues.uqam.ca\/feminetudes\/protocoles-de-redaction\/\" \/>\n<meta property=\"og:locale\" content=\"fr_CA\" \/>\n<meta property=\"og:type\" content=\"article\" \/>\n<meta property=\"og:title\" content=\"Protocole de r\u00e9daction | Revue F\u00e9min\u00c9tudes\" \/>\n<meta property=\"og:description\" content=\"Processus de soumission des contributions Les contributions doivent \u00eatre envoy\u00e9es par courriel \u00e0 l\u2019adresse suivante : feminetudes.textes@gmail.com et doivent \u00eatre envoy\u00e9es en format Microsoft Word, OpenOffice (pour les textes) ou PDF (s&rsquo;il s&rsquo;agit d&rsquo;une contributions d\u2019art visuel, par exemple : photographies, illustrations, etc.).\u00a0 Si cela s\u2019applique, les informations suivantes sont requises : Normes de pr\u00e9sentation [&hellip;]\" \/>\n<meta property=\"og:url\" content=\"https:\/\/revues.uqam.ca\/feminetudes\/protocoles-de-redaction\/\" \/>\n<meta property=\"og:site_name\" content=\"Revue F\u00e9min\u00c9tudes\" \/>\n<meta property=\"article:modified_time\" content=\"2025-02-14T23:23:20+00:00\" \/>\n<meta property=\"og:image\" content=\"https:\/\/revues.uqam.ca\/feminetudes\/wp-content\/uploads\/sites\/8\/2024\/04\/Logo-carre-NONOFFICIEL.png\" \/>\n\t<meta property=\"og:image:width\" content=\"360\" \/>\n\t<meta property=\"og:image:height\" content=\"360\" \/>\n\t<meta property=\"og:image:type\" content=\"image\/png\" \/>\n<meta name=\"twitter:card\" content=\"summary_large_image\" \/>\n<meta name=\"twitter:label1\" content=\"Estimation du temps de lecture\" \/>\n\t<meta name=\"twitter:data1\" content=\"3 minutes\" \/>\n<script type=\"application\/ld+json\" class=\"yoast-schema-graph\">{\"@context\":\"https:\/\/schema.org\",\"@graph\":[{\"@type\":\"WebPage\",\"@id\":\"https:\/\/revues.uqam.ca\/feminetudes\/protocoles-de-redaction\/\",\"url\":\"https:\/\/revues.uqam.ca\/feminetudes\/protocoles-de-redaction\/\",\"name\":\"Protocole de r\u00e9daction | Revue F\u00e9min\u00c9tudes\",\"isPartOf\":{\"@id\":\"https:\/\/revues.uqam.ca\/feminetudes\/#website\"},\"datePublished\":\"2024-07-12T00:34:06+00:00\",\"dateModified\":\"2025-02-14T23:23:20+00:00\",\"breadcrumb\":{\"@id\":\"https:\/\/revues.uqam.ca\/feminetudes\/protocoles-de-redaction\/#breadcrumb\"},\"inLanguage\":\"fr-CA\",\"potentialAction\":[{\"@type\":\"ReadAction\",\"target\":[\"https:\/\/revues.uqam.ca\/feminetudes\/protocoles-de-redaction\/\"]}]},{\"@type\":\"BreadcrumbList\",\"@id\":\"https:\/\/revues.uqam.ca\/feminetudes\/protocoles-de-redaction\/#breadcrumb\",\"itemListElement\":[{\"@type\":\"ListItem\",\"position\":1,\"name\":\"UQAM\",\"item\":\"https:\/\/uqam.ca\"},{\"@type\":\"ListItem\",\"position\":2,\"name\":\"Revue F\u00e9min\u00c9tudes\",\"item\":\"https:\/\/revues.uqam.ca\/feminetudes\"},{\"@type\":\"ListItem\",\"position\":3,\"name\":\"Protocole de r\u00e9daction\"}]},{\"@type\":\"WebSite\",\"@id\":\"https:\/\/revues.uqam.ca\/feminetudes\/#website\",\"url\":\"https:\/\/revues.uqam.ca\/feminetudes\/\",\"name\":\"Mod\u00e8le revue\",\"description\":\"\",\"alternateName\":\"Mod\u00e8le revue UQAM\",\"potentialAction\":[{\"@type\":\"SearchAction\",\"target\":{\"@type\":\"EntryPoint\",\"urlTemplate\":\"https:\/\/revues.uqam.ca\/feminetudes\/recherche\/?q={search_term_string}\"},\"query-input\":\"required name=search_term_string\"}],\"inLanguage\":\"fr-CA\"}]}<\/script>\n<!-- \/ Yoast SEO plugin. -->","yoast_head_json":{"title":"Protocole de r\u00e9daction | Revue F\u00e9min\u00c9tudes","robots":{"index":"index","follow":"follow","max-snippet":"max-snippet:-1","max-image-preview":"max-image-preview:large","max-video-preview":"max-video-preview:-1"},"canonical":"https:\/\/revues.uqam.ca\/feminetudes\/protocoles-de-redaction\/","og_locale":"fr_CA","og_type":"article","og_title":"Protocole de r\u00e9daction | Revue F\u00e9min\u00c9tudes","og_description":"Processus de soumission des contributions Les contributions doivent \u00eatre envoy\u00e9es par courriel \u00e0 l\u2019adresse suivante : feminetudes.textes@gmail.com et doivent \u00eatre envoy\u00e9es en format Microsoft Word, OpenOffice (pour les textes) ou PDF (s&rsquo;il s&rsquo;agit d&rsquo;une contributions d\u2019art visuel, par exemple : photographies, illustrations, etc.).\u00a0 Si cela s\u2019applique, les informations suivantes sont requises : Normes de pr\u00e9sentation [&hellip;]","og_url":"https:\/\/revues.uqam.ca\/feminetudes\/protocoles-de-redaction\/","og_site_name":"Revue F\u00e9min\u00c9tudes","article_modified_time":"2025-02-14T23:23:20+00:00","og_image":[{"width":360,"height":360,"url":"https:\/\/revues.uqam.ca\/feminetudes\/wp-content\/uploads\/sites\/8\/2024\/04\/Logo-carre-NONOFFICIEL.png","type":"image\/png"}],"twitter_card":"summary_large_image","twitter_misc":{"Estimation du temps de lecture":"3 minutes"},"schema":{"@context":"https:\/\/schema.org","@graph":[{"@type":"WebPage","@id":"https:\/\/revues.uqam.ca\/feminetudes\/protocoles-de-redaction\/","url":"https:\/\/revues.uqam.ca\/feminetudes\/protocoles-de-redaction\/","name":"Protocole de r\u00e9daction | Revue F\u00e9min\u00c9tudes","isPartOf":{"@id":"https:\/\/revues.uqam.ca\/feminetudes\/#website"},"datePublished":"2024-07-12T00:34:06+00:00","dateModified":"2025-02-14T23:23:20+00:00","breadcrumb":{"@id":"https:\/\/revues.uqam.ca\/feminetudes\/protocoles-de-redaction\/#breadcrumb"},"inLanguage":"fr-CA","potentialAction":[{"@type":"ReadAction","target":["https:\/\/revues.uqam.ca\/feminetudes\/protocoles-de-redaction\/"]}]},{"@type":"BreadcrumbList","@id":"https:\/\/revues.uqam.ca\/feminetudes\/protocoles-de-redaction\/#breadcrumb","itemListElement":[{"@type":"ListItem","position":1,"name":"UQAM","item":"https:\/\/uqam.ca"},{"@type":"ListItem","position":2,"name":"Revue F\u00e9min\u00c9tudes","item":"https:\/\/revues.uqam.ca\/feminetudes"},{"@type":"ListItem","position":3,"name":"Protocole de r\u00e9daction"}]},{"@type":"WebSite","@id":"https:\/\/revues.uqam.ca\/feminetudes\/#website","url":"https:\/\/revues.uqam.ca\/feminetudes\/","name":"Mod\u00e8le revue","description":"","alternateName":"Mod\u00e8le revue UQAM","potentialAction":[{"@type":"SearchAction","target":{"@type":"EntryPoint","urlTemplate":"https:\/\/revues.uqam.ca\/feminetudes\/recherche\/?q={search_term_string}"},"query-input":"required name=search_term_string"}],"inLanguage":"fr-CA"}]}},"coauthors":[{"link":"https:\/\/revues.uqam.ca\/feminetudes\/author\/agin-blais-maudecourrier-uqam-ca\/","display_name":"Agin-Blais, Maude"}],"author_meta":{"author_link":"https:\/\/revues.uqam.ca\/feminetudes\/author\/agin-blais-maudecourrier-uqam-ca\/","display_name":"Agin-Blais, Maude"},"relative_dates":{"created":"Posted 2 ann\u00e9es ago","modified":"Updated 1 ann\u00e9e ago"},"absolute_dates":{"created":"Posted on 2024-07-12","modified":"Updated on 2025-02-14"},"absolute_dates_time":{"created":"Posted on 2024-07-12 0 h 34 min","modified":"Updated on 2025-02-14 23 h 23 min"},"featured_img_caption":"","featured_img":false,"series_order":"","_links":{"self":[{"href":"https:\/\/revues.uqam.ca\/feminetudes\/wp-json\/wp\/v2\/pages\/14226","targetHints":{"allow":["GET"]}}],"collection":[{"href":"https:\/\/revues.uqam.ca\/feminetudes\/wp-json\/wp\/v2\/pages"}],"about":[{"href":"https:\/\/revues.uqam.ca\/feminetudes\/wp-json\/wp\/v2\/types\/page"}],"author":[{"embeddable":true,"href":"https:\/\/revues.uqam.ca\/feminetudes\/wp-json\/wp\/v2\/users\/33"}],"replies":[{"embeddable":true,"href":"https:\/\/revues.uqam.ca\/feminetudes\/wp-json\/wp\/v2\/comments?post=14226"}],"version-history":[{"count":11,"href":"https:\/\/revues.uqam.ca\/feminetudes\/wp-json\/wp\/v2\/pages\/14226\/revisions"}],"predecessor-version":[{"id":15347,"href":"https:\/\/revues.uqam.ca\/feminetudes\/wp-json\/wp\/v2\/pages\/14226\/revisions\/15347"}],"wp:attachment":[{"href":"https:\/\/revues.uqam.ca\/feminetudes\/wp-json\/wp\/v2\/media?parent=14226"}],"wp:term":[{"taxonomy":"category","embeddable":true,"href":"https:\/\/revues.uqam.ca\/feminetudes\/wp-json\/wp\/v2\/categories?post=14226"}],"curies":[{"name":"wp","href":"https:\/\/api.w.org\/{rel}","templated":true}]}}